{"id":7835,"date":"2017-04-25T11:46:18","date_gmt":"2017-04-25T11:46:18","guid":{"rendered":"http:\/\/www.neurodegenerationresearch.eu\/?page_id=7835\/"},"modified":"2017-04-25T11:46:18","modified_gmt":"2017-04-25T11:46:18","slug":"o-programu-jpnd","status":"publish","type":"page","link":"https:\/\/neurodegenerationresearch.eu\/cs\/o-programu-jpnd\/","title":{"rendered":"O programu JPND"},"content":{"rendered":"<div class=\"wpb-content-wrapper\">[vc_row][vc_column width=&#8220;1\/1&#8243;][vc_column_text]\n<p><strong>O programu JPND<\/strong><\/p>\n<div class=\"separator\"><\/div>[\/vc_column_text][vc_column_text]<img loading=\"lazy\" decoding=\"async\" class=\"gmail- alignright\" title=\"A key component of this research will be to examine the best overall healthcare models to treat neurodegenerative disease\" src=\"https:\/\/www.neurodegenerationresearch.eu\/typo3temp\/pics\/3b51d0e84a.jpg\" alt=\"A key component of this research will be to examine the best overall healthcare models to treat neurodegenerative disease\" width=\"200\" height=\"134\" \/><\/p>\n<p>Spole\u010dn\u00fd program EU \u2013 V\u00fdzkum neurodegenerativn\u00edch onemocn\u011bn\u00ed (JPND) je nejv\u011bt\u0161\u00ed glob\u00e1ln\u00ed v\u00fdzkumn\u00e1 iniciativa zam\u011b\u0159en\u00e1 na v\u00fdzkum neurodegenerativn\u00edch onemocn\u011bn\u00ed. JPND m\u00e1 za c\u00edl zv\u00fd\u0161it koordinovan\u00e9 investice z\u00fa\u010dastn\u011bn\u00fdch zem\u00ed na v\u00fdzkum zam\u011b\u0159en\u00fd na hled\u00e1n\u00ed p\u0159\u00ed\u010din, vyv\u00edjen\u00ed l\u00e9\u010debn\u00fdch metod a identifikaci spr\u00e1vn\u00fdch zp\u016fsob\u016f p\u00e9\u010de o pacienty s neurodegenerativn\u00edm onemocn\u011bn\u00edm.<\/p>\n<p>Kone\u010dn\u00fdm c\u00edlem JPND je naj\u00edt zp\u016fsoby l\u00e9\u010dby neurodegenerativn\u00edch onemocn\u011bn\u00ed a umo\u017enit v\u010dasnou diagnostiku pro zaji\u0161t\u011bn\u00ed c\u00edlen\u00e9 l\u00e9\u010dby. Nicm\u00e9n\u011b nen\u00ed mo\u017en\u00e9 s ur\u010ditost\u00ed p\u0159edpov\u011bd\u011bt, jak dlouho to m\u016f\u017ee trvat.<\/p>\n<p>V mezidob\u00ed program JPND identifikoval prost\u0159ednictv\u00edm strategie v\u00fdzkumu spole\u010dn\u00e9 c\u00edle v\u00fdzkumu, kter\u00e9 by m\u011bly b\u00fdt spln\u011bny pomoc\u00ed spole\u010dn\u00e9ho postupu z\u00fa\u010dastn\u011bn\u00fdch zem\u00ed, aby do\u0161lo k urychlen\u00ed pokroku z hlediska \u0159e\u0161en\u00ed, kter\u00e1 zm\u00edrn\u00ed p\u0159\u00edznaky a zmen\u0161\u00ed soci\u00e1ln\u00ed a ekonomick\u00fd dopad pro pacienty, jejich rodiny a syst\u00e9my zdravotn\u00ed p\u00e9\u010de.<\/p>\n<p><strong>Tato \u010dinnost zahrnuje t\u0159i hlavn\u00ed komponenty: <\/strong><\/p>\n<ul>\n<li>Zlep\u0161en\u00ed v\u011bdeck\u00e9ho pochopen\u00ed choroby.<\/li>\n<li>Zlep\u0161en\u00ed medic\u00ednsk\u00fdch n\u00e1stroj\u016f, kter\u00e9 slou\u017e\u00ed l\u00e9ka\u0159\u016fm k identifikaci a l\u00e9\u010den\u00ed choroby.<\/li>\n<li>Zlep\u0161en\u00ed soci\u00e1ln\u00ed p\u00e9\u010de a struktur, kter\u00e9 pom\u00e1haj\u00ed pacient\u016fm, jejich rodin\u00e1m a poskytovatel\u016fm zdravotn\u00ed p\u00e9\u010de tak, aby pacienti obdr\u017eeli optim\u00e1ln\u00ed p\u00e9\u010di ve v\u0161ech st\u00e1di\u00edch choroby.<\/li>\n<\/ul>\n[\/vc_column_text][\/vc_column][\/vc_row]\n<\/div>","protected":false},"excerpt":{"rendered":"<p>[vc_row][vc_column width=&#8220;1\/1&#8243;][vc_column_text] O programu JPND [\/vc_column_text][vc_column_text] Spole\u010dn\u00fd program EU \u2013 [&hellip;]<\/p>\n<a href=\"https:\/\/neurodegenerationresearch.eu\/cs\/o-programu-jpnd\/\">View Post<\/a>","protected":false},"author":3,"featured_media":0,"parent":0,"menu_order":134,"comment_status":"closed","ping_status":"closed","template":"page-templates\/side-nav.php","meta":{"_acf_changed":false,"footnotes":""},"class_list":["post-7835","page","type-page","status-publish","hentry"],"acf":[],"yoast_head":"<!-- This site is optimized with the Yoast SEO plugin v27.4 - https:\/\/yoast.com\/product\/yoast-seo-wordpress\/ -->\n<title>O programu JPND - JPND Neurodegenerative Disease Research<\/title>\n<meta name=\"robots\" content=\"index, follow, max-snippet:-1, max-image-preview:large, max-video-preview:-1\" \/>\n<link rel=\"canonical\" href=\"https:\/\/neurodegenerationresearch.eu\/cs\/o-programu-jpnd\/\" \/>\n<meta property=\"og:locale\" content=\"cs_CZ\" \/>\n<meta property=\"og:type\" content=\"article\" \/>\n<meta property=\"og:title\" content=\"O programu JPND - JPND Neurodegenerative Disease Research\" \/>\n<meta property=\"og:description\" content=\"[vc_row][vc_column width=&#8220;1\/1&#8243;][vc_column_text] O programu JPND [\/vc_column_text][vc_column_text] Spole\u010dn\u00fd program EU \u2013 [&hellip;]\" \/>\n<meta property=\"og:url\" content=\"https:\/\/neurodegenerationresearch.eu\/cs\/o-programu-jpnd\/\" \/>\n<meta property=\"og:site_name\" content=\"JPND Neurodegenerative Disease Research\" \/>\n<meta property=\"og:image\" content=\"https:\/\/www.neurodegenerationresearch.eu\/typo3temp\/pics\/3b51d0e84a.jpg\" \/>\n<meta name=\"twitter:card\" content=\"summary_large_image\" \/>\n<meta name=\"twitter:site\" content=\"@JPNDeurope\" \/>\n<meta name=\"twitter:label1\" content=\"Odhadovan\u00e1 doba \u010dten\u00ed\" \/>\n\t<meta name=\"twitter:data1\" content=\"1 minuta\" \/>\n<script type=\"application\/ld+json\" class=\"yoast-schema-graph\">{\"@context\":\"https:\\\/\\\/schema.org\",\"@graph\":[{\"@type\":\"WebPage\",\"@id\":\"https:\\\/\\\/neurodegenerationresearch.eu\\\/cs\\\/o-programu-jpnd\\\/\",\"url\":\"https:\\\/\\\/neurodegenerationresearch.eu\\\/cs\\\/o-programu-jpnd\\\/\",\"name\":\"O programu JPND - JPND Neurodegenerative Disease Research\",\"isPartOf\":{\"@id\":\"https:\\\/\\\/neurodegenerationresearch.eu\\\/#website\"},\"primaryImageOfPage\":{\"@id\":\"https:\\\/\\\/neurodegenerationresearch.eu\\\/cs\\\/o-programu-jpnd\\\/#primaryimage\"},\"image\":{\"@id\":\"https:\\\/\\\/neurodegenerationresearch.eu\\\/cs\\\/o-programu-jpnd\\\/#primaryimage\"},\"thumbnailUrl\":\"https:\\\/\\\/www.neurodegenerationresearch.eu\\\/typo3temp\\\/pics\\\/3b51d0e84a.jpg\",\"datePublished\":\"2017-04-25T11:46:18+00:00\",\"breadcrumb\":{\"@id\":\"https:\\\/\\\/neurodegenerationresearch.eu\\\/cs\\\/o-programu-jpnd\\\/#breadcrumb\"},\"inLanguage\":\"cs\",\"potentialAction\":[{\"@type\":\"ReadAction\",\"target\":[\"https:\\\/\\\/neurodegenerationresearch.eu\\\/cs\\\/o-programu-jpnd\\\/\"]}]},{\"@type\":\"ImageObject\",\"inLanguage\":\"cs\",\"@id\":\"https:\\\/\\\/neurodegenerationresearch.eu\\\/cs\\\/o-programu-jpnd\\\/#primaryimage\",\"url\":\"https:\\\/\\\/www.neurodegenerationresearch.eu\\\/typo3temp\\\/pics\\\/3b51d0e84a.jpg\",\"contentUrl\":\"https:\\\/\\\/www.neurodegenerationresearch.eu\\\/typo3temp\\\/pics\\\/3b51d0e84a.jpg\"},{\"@type\":\"BreadcrumbList\",\"@id\":\"https:\\\/\\\/neurodegenerationresearch.eu\\\/cs\\\/o-programu-jpnd\\\/#breadcrumb\",\"itemListElement\":[{\"@type\":\"ListItem\",\"position\":1,\"name\":\"Home\",\"item\":\"https:\\\/\\\/neurodegenerationresearch.eu\\\/\"},{\"@type\":\"ListItem\",\"position\":2,\"name\":\"O programu JPND\"}]},{\"@type\":\"WebSite\",\"@id\":\"https:\\\/\\\/neurodegenerationresearch.eu\\\/#website\",\"url\":\"https:\\\/\\\/neurodegenerationresearch.eu\\\/\",\"name\":\"JPND Neurodegenerative Disease Research\",\"description\":\"Neurodegenerative Disease Research\",\"publisher\":{\"@id\":\"https:\\\/\\\/neurodegenerationresearch.eu\\\/#organization\"},\"potentialAction\":[{\"@type\":\"SearchAction\",\"target\":{\"@type\":\"EntryPoint\",\"urlTemplate\":\"https:\\\/\\\/neurodegenerationresearch.eu\\\/?s={search_term_string}\"},\"query-input\":{\"@type\":\"PropertyValueSpecification\",\"valueRequired\":true,\"valueName\":\"search_term_string\"}}],\"inLanguage\":\"cs\"},{\"@type\":\"Organization\",\"@id\":\"https:\\\/\\\/neurodegenerationresearch.eu\\\/#organization\",\"name\":\"JPND\",\"url\":\"https:\\\/\\\/neurodegenerationresearch.eu\\\/\",\"logo\":{\"@type\":\"ImageObject\",\"inLanguage\":\"cs\",\"@id\":\"https:\\\/\\\/neurodegenerationresearch.eu\\\/#\\\/schema\\\/logo\\\/image\\\/\",\"url\":\"https:\\\/\\\/www.neurodegenerationresearch.eu\\\/wp-content\\\/uploads\\\/2022\\\/03\\\/logo.png\",\"contentUrl\":\"https:\\\/\\\/www.neurodegenerationresearch.eu\\\/wp-content\\\/uploads\\\/2022\\\/03\\\/logo.png\",\"width\":248,\"height\":129,\"caption\":\"JPND\"},\"image\":{\"@id\":\"https:\\\/\\\/neurodegenerationresearch.eu\\\/#\\\/schema\\\/logo\\\/image\\\/\"},\"sameAs\":[\"https:\\\/\\\/x.com\\\/JPNDeurope\"]}]}<\/script>\n<!-- \/ Yoast SEO plugin. -->","yoast_head_json":{"title":"O programu JPND - JPND Neurodegenerative Disease Research","robots":{"index":"index","follow":"follow","max-snippet":"max-snippet:-1","max-image-preview":"max-image-preview:large","max-video-preview":"max-video-preview:-1"},"canonical":"https:\/\/neurodegenerationresearch.eu\/cs\/o-programu-jpnd\/","og_locale":"cs_CZ","og_type":"article","og_title":"O programu JPND - JPND Neurodegenerative Disease Research","og_description":"[vc_row][vc_column width=&#8220;1\/1&#8243;][vc_column_text] O programu JPND [\/vc_column_text][vc_column_text] Spole\u010dn\u00fd program EU \u2013 [&hellip;]","og_url":"https:\/\/neurodegenerationresearch.eu\/cs\/o-programu-jpnd\/","og_site_name":"JPND Neurodegenerative Disease Research","og_image":[{"url":"https:\/\/www.neurodegenerationresearch.eu\/typo3temp\/pics\/3b51d0e84a.jpg","type":"","width":"","height":""}],"twitter_card":"summary_large_image","twitter_site":"@JPNDeurope","twitter_misc":{"Odhadovan\u00e1 doba \u010dten\u00ed":"1 minuta"},"schema":{"@context":"https:\/\/schema.org","@graph":[{"@type":"WebPage","@id":"https:\/\/neurodegenerationresearch.eu\/cs\/o-programu-jpnd\/","url":"https:\/\/neurodegenerationresearch.eu\/cs\/o-programu-jpnd\/","name":"O programu JPND - JPND Neurodegenerative Disease Research","isPartOf":{"@id":"https:\/\/neurodegenerationresearch.eu\/#website"},"primaryImageOfPage":{"@id":"https:\/\/neurodegenerationresearch.eu\/cs\/o-programu-jpnd\/#primaryimage"},"image":{"@id":"https:\/\/neurodegenerationresearch.eu\/cs\/o-programu-jpnd\/#primaryimage"},"thumbnailUrl":"https:\/\/www.neurodegenerationresearch.eu\/typo3temp\/pics\/3b51d0e84a.jpg","datePublished":"2017-04-25T11:46:18+00:00","breadcrumb":{"@id":"https:\/\/neurodegenerationresearch.eu\/cs\/o-programu-jpnd\/#breadcrumb"},"inLanguage":"cs","potentialAction":[{"@type":"ReadAction","target":["https:\/\/neurodegenerationresearch.eu\/cs\/o-programu-jpnd\/"]}]},{"@type":"ImageObject","inLanguage":"cs","@id":"https:\/\/neurodegenerationresearch.eu\/cs\/o-programu-jpnd\/#primaryimage","url":"https:\/\/www.neurodegenerationresearch.eu\/typo3temp\/pics\/3b51d0e84a.jpg","contentUrl":"https:\/\/www.neurodegenerationresearch.eu\/typo3temp\/pics\/3b51d0e84a.jpg"},{"@type":"BreadcrumbList","@id":"https:\/\/neurodegenerationresearch.eu\/cs\/o-programu-jpnd\/#breadcrumb","itemListElement":[{"@type":"ListItem","position":1,"name":"Home","item":"https:\/\/neurodegenerationresearch.eu\/"},{"@type":"ListItem","position":2,"name":"O programu JPND"}]},{"@type":"WebSite","@id":"https:\/\/neurodegenerationresearch.eu\/#website","url":"https:\/\/neurodegenerationresearch.eu\/","name":"JPND Neurodegenerative Disease Research","description":"Neurodegenerative Disease Research","publisher":{"@id":"https:\/\/neurodegenerationresearch.eu\/#organization"},"potentialAction":[{"@type":"SearchAction","target":{"@type":"EntryPoint","urlTemplate":"https:\/\/neurodegenerationresearch.eu\/?s={search_term_string}"},"query-input":{"@type":"PropertyValueSpecification","valueRequired":true,"valueName":"search_term_string"}}],"inLanguage":"cs"},{"@type":"Organization","@id":"https:\/\/neurodegenerationresearch.eu\/#organization","name":"JPND","url":"https:\/\/neurodegenerationresearch.eu\/","logo":{"@type":"ImageObject","inLanguage":"cs","@id":"https:\/\/neurodegenerationresearch.eu\/#\/schema\/logo\/image\/","url":"https:\/\/www.neurodegenerationresearch.eu\/wp-content\/uploads\/2022\/03\/logo.png","contentUrl":"https:\/\/www.neurodegenerationresearch.eu\/wp-content\/uploads\/2022\/03\/logo.png","width":248,"height":129,"caption":"JPND"},"image":{"@id":"https:\/\/neurodegenerationresearch.eu\/#\/schema\/logo\/image\/"},"sameAs":["https:\/\/x.com\/JPNDeurope"]}]}},"_links":{"self":[{"href":"https:\/\/neurodegenerationresearch.eu\/cs\/wp-json\/wp\/v2\/pages\/7835","targetHints":{"allow":["GET"]}}],"collection":[{"href":"https:\/\/neurodegenerationresearch.eu\/cs\/wp-json\/wp\/v2\/pages"}],"about":[{"href":"https:\/\/neurodegenerationresearch.eu\/cs\/wp-json\/wp\/v2\/types\/page"}],"author":[{"embeddable":true,"href":"https:\/\/neurodegenerationresearch.eu\/cs\/wp-json\/wp\/v2\/users\/3"}],"replies":[{"embeddable":true,"href":"https:\/\/neurodegenerationresearch.eu\/cs\/wp-json\/wp\/v2\/comments?post=7835"}],"version-history":[{"count":0,"href":"https:\/\/neurodegenerationresearch.eu\/cs\/wp-json\/wp\/v2\/pages\/7835\/revisions"}],"wp:attachment":[{"href":"https:\/\/neurodegenerationresearch.eu\/cs\/wp-json\/wp\/v2\/media?parent=7835"}],"curies":[{"name":"wp","href":"https:\/\/api.w.org\/{rel}","templated":true}]}}