{"id":8012,"date":"2017-04-26T14:23:11","date_gmt":"2017-04-26T14:23:11","guid":{"rendered":"http:\/\/www.neurodegenerationresearch.eu\/?page_id=8012\/"},"modified":"2017-04-26T14:23:11","modified_gmt":"2017-04-26T14:23:11","slug":"jake-jsou-cile-programu-jpnd","status":"publish","type":"page","link":"https:\/\/neurodegenerationresearch.eu\/cs\/jake-jsou-cile-programu-jpnd\/","title":{"rendered":"Jak\u00e9 jsou c\u00edle programu JPND?"},"content":{"rendered":"<div class=\"wpb-content-wrapper\">[vc_row][vc_column][vc_column_text]\n<h3>Jak\u00e9 jsou c\u00edle programu JPND?<\/h3>\n<div class=\"separator\"><\/div>[\/vc_column_text][vc_column_text]<a href=\"https:\/\/www.neurodegenerationresearch.eu\/wp-content\/uploads\/2010\/04\/business-goals.jpg\"><img loading=\"lazy\" decoding=\"async\" class=\"gmail-wp-image-3669 gmail- alignright\" src=\"https:\/\/www.neurodegenerationresearch.eu\/wp-content\/uploads\/2010\/04\/business-goals-300x200.jpg\" alt=\"business-goals\" width=\"207\" height=\"138\" srcset=\"https:\/\/neurodegenerationresearch.eu\/wp-content\/uploads\/2010\/04\/business-goals-300x200.jpg 300w, https:\/\/neurodegenerationresearch.eu\/wp-content\/uploads\/2010\/04\/business-goals-768x512.jpg 768w, https:\/\/neurodegenerationresearch.eu\/wp-content\/uploads\/2010\/04\/business-goals-890x594.jpg 890w, https:\/\/neurodegenerationresearch.eu\/wp-content\/uploads\/2010\/04\/business-goals.jpg 1000w\" sizes=\"auto, (max-width: 207px) 100vw, 207px\" \/><\/a><\/p>\n<p>JPND m\u00e1 za c\u00edl \u010delit st\u00e1le rostouc\u00ed v\u00fdzv\u011b, kterou p\u0159edstavuj\u00ed neurodegenerativn\u00ed onemocn\u011bn\u00ed v na\u0161\u00ed st\u00e1rnouc\u00ed populaci t\u00edm, \u017ee spoj\u00ed dohromady v\u00fdzkumn\u00edky, st\u00e1vaj\u00edc\u00ed v\u00fdzkumn\u00e9 poznatky a n\u00e1rodn\u00ed financuj\u00edc\u00ed instituce, aby spole\u010dn\u011b zkoumali kl\u00ed\u010dov\u00e9 ot\u00e1zky v\u00fdzkumu a bari\u00e9ry pokroku v t\u00e9to oblasti.<\/p>\n<p>Toho bude dosa\u017eeno koordinac\u00ed sou\u010dasn\u00e9ho a budouc\u00edho p\u0159\u00edstupu, pat\u0159i\u010dn\u00e9 spolupr\u00e1ce a efektivn\u011bj\u0161\u00edm sd\u00edlen\u00edm n\u00e1stroj\u016f, metod a ostatn\u00edch zdroj\u016f mezi z\u00fa\u010dastn\u011bn\u00fdmi zem\u011bmi.<\/p>\n<p>Na\u0161\u00ed aktu\u00e1ln\u00ed strategi\u00ed je zv\u00fd\u0161it koordinovan\u00e9 investice do v\u00fdzkumu neurodegenerativn\u00edch onemocn\u011bn\u00ed zam\u011b\u0159en\u00e9ho na hled\u00e1n\u00ed p\u0159\u00ed\u010din, vyv\u00edjen\u00ed l\u00e9\u010debn\u00fdch metod a identifikaci spr\u00e1vn\u00fdch zp\u016fsob\u016f p\u00e9\u010de o pacienty s neurodegenerativn\u00edm onemocn\u011bn\u00edm. V tomto sm\u011bru jsou na\u0161e bezprost\u0159edn\u00ed c\u00edle n\u00e1sleduj\u00edc\u00ed:<\/p>\n<ul>\n<li>Zv\u00fd\u0161it hodnotu n\u00e1rodn\u00edch investic prost\u0159ednictv\u00edm koordinovan\u00e9 akce<\/li>\n<li>Podpo\u0159it v\u00fdvoj n\u00e1rodn\u00edch v\u00fdzkumn\u00fdch strategi\u00ed v oblasti neurodegenerativn\u00edch onemocn\u011bn\u00ed<\/li>\n<li>Prost\u0159ednictv\u00edm partnerstv\u00ed pln\u011b vyu\u017e\u00edt potenci\u00e1l programu JPND<\/li>\n<\/ul>\n[\/vc_column_text][\/vc_column][\/vc_row]\n<\/div>","protected":false},"excerpt":{"rendered":"<p>[vc_row][vc_column][vc_column_text] Jak\u00e9 jsou c\u00edle programu JPND? [\/vc_column_text][vc_column_text] JPND m\u00e1 za [&hellip;]<\/p>\n<a href=\"https:\/\/neurodegenerationresearch.eu\/cs\/jake-jsou-cile-programu-jpnd\/\">View Post<\/a>","protected":false},"author":3,"featured_media":0,"parent":0,"menu_order":270,"comment_status":"open","ping_status":"open","template":"","meta":{"_acf_changed":false,"footnotes":""},"class_list":["post-8012","page","type-page","status-publish","hentry"],"acf":[],"yoast_head":"<!-- This site is optimized with the Yoast SEO plugin v27.3 - https:\/\/yoast.com\/product\/yoast-seo-wordpress\/ -->\n<title>Jak\u00e9 jsou c\u00edle programu JPND? - JPND Neurodegenerative Disease Research<\/title>\n<meta name=\"robots\" content=\"index, follow, max-snippet:-1, max-image-preview:large, max-video-preview:-1\" \/>\n<link rel=\"canonical\" href=\"https:\/\/neurodegenerationresearch.eu\/cs\/jake-jsou-cile-programu-jpnd\/\" \/>\n<meta property=\"og:locale\" content=\"cs_CZ\" \/>\n<meta property=\"og:type\" content=\"article\" \/>\n<meta property=\"og:title\" content=\"Jak\u00e9 jsou c\u00edle programu JPND? - JPND Neurodegenerative Disease Research\" \/>\n<meta property=\"og:description\" content=\"[vc_row][vc_column][vc_column_text] Jak\u00e9 jsou c\u00edle programu JPND? [\/vc_column_text][vc_column_text] JPND m\u00e1 za [&hellip;]\" \/>\n<meta property=\"og:url\" content=\"https:\/\/neurodegenerationresearch.eu\/cs\/jake-jsou-cile-programu-jpnd\/\" \/>\n<meta property=\"og:site_name\" content=\"JPND Neurodegenerative Disease Research\" \/>\n<meta property=\"og:image\" content=\"https:\/\/www.neurodegenerationresearch.eu\/wp-content\/uploads\/2010\/04\/business-goals-300x200.jpg\" \/>\n<meta name=\"twitter:card\" content=\"summary_large_image\" \/>\n<meta name=\"twitter:site\" content=\"@JPNDeurope\" \/>\n<meta name=\"twitter:label1\" content=\"Odhadovan\u00e1 doba \u010dten\u00ed\" \/>\n\t<meta name=\"twitter:data1\" content=\"1 minuta\" \/>\n<script type=\"application\/ld+json\" class=\"yoast-schema-graph\">{\"@context\":\"https:\\\/\\\/schema.org\",\"@graph\":[{\"@type\":\"WebPage\",\"@id\":\"https:\\\/\\\/neurodegenerationresearch.eu\\\/cs\\\/jake-jsou-cile-programu-jpnd\\\/\",\"url\":\"https:\\\/\\\/neurodegenerationresearch.eu\\\/cs\\\/jake-jsou-cile-programu-jpnd\\\/\",\"name\":\"Jak\u00e9 jsou c\u00edle programu JPND? - JPND Neurodegenerative Disease Research\",\"isPartOf\":{\"@id\":\"https:\\\/\\\/neurodegenerationresearch.eu\\\/#website\"},\"primaryImageOfPage\":{\"@id\":\"https:\\\/\\\/neurodegenerationresearch.eu\\\/cs\\\/jake-jsou-cile-programu-jpnd\\\/#primaryimage\"},\"image\":{\"@id\":\"https:\\\/\\\/neurodegenerationresearch.eu\\\/cs\\\/jake-jsou-cile-programu-jpnd\\\/#primaryimage\"},\"thumbnailUrl\":\"https:\\\/\\\/www.neurodegenerationresearch.eu\\\/wp-content\\\/uploads\\\/2010\\\/04\\\/business-goals-300x200.jpg\",\"datePublished\":\"2017-04-26T14:23:11+00:00\",\"breadcrumb\":{\"@id\":\"https:\\\/\\\/neurodegenerationresearch.eu\\\/cs\\\/jake-jsou-cile-programu-jpnd\\\/#breadcrumb\"},\"inLanguage\":\"cs\",\"potentialAction\":[{\"@type\":\"ReadAction\",\"target\":[\"https:\\\/\\\/neurodegenerationresearch.eu\\\/cs\\\/jake-jsou-cile-programu-jpnd\\\/\"]}]},{\"@type\":\"ImageObject\",\"inLanguage\":\"cs\",\"@id\":\"https:\\\/\\\/neurodegenerationresearch.eu\\\/cs\\\/jake-jsou-cile-programu-jpnd\\\/#primaryimage\",\"url\":\"https:\\\/\\\/www.neurodegenerationresearch.eu\\\/wp-content\\\/uploads\\\/2010\\\/04\\\/business-goals-300x200.jpg\",\"contentUrl\":\"https:\\\/\\\/www.neurodegenerationresearch.eu\\\/wp-content\\\/uploads\\\/2010\\\/04\\\/business-goals-300x200.jpg\"},{\"@type\":\"BreadcrumbList\",\"@id\":\"https:\\\/\\\/neurodegenerationresearch.eu\\\/cs\\\/jake-jsou-cile-programu-jpnd\\\/#breadcrumb\",\"itemListElement\":[{\"@type\":\"ListItem\",\"position\":1,\"name\":\"Home\",\"item\":\"https:\\\/\\\/neurodegenerationresearch.eu\\\/\"},{\"@type\":\"ListItem\",\"position\":2,\"name\":\"Jak\u00e9 jsou c\u00edle programu JPND?\"}]},{\"@type\":\"WebSite\",\"@id\":\"https:\\\/\\\/neurodegenerationresearch.eu\\\/#website\",\"url\":\"https:\\\/\\\/neurodegenerationresearch.eu\\\/\",\"name\":\"JPND Neurodegenerative Disease Research\",\"description\":\"Neurodegenerative Disease Research\",\"publisher\":{\"@id\":\"https:\\\/\\\/neurodegenerationresearch.eu\\\/#organization\"},\"potentialAction\":[{\"@type\":\"SearchAction\",\"target\":{\"@type\":\"EntryPoint\",\"urlTemplate\":\"https:\\\/\\\/neurodegenerationresearch.eu\\\/?s={search_term_string}\"},\"query-input\":{\"@type\":\"PropertyValueSpecification\",\"valueRequired\":true,\"valueName\":\"search_term_string\"}}],\"inLanguage\":\"cs\"},{\"@type\":\"Organization\",\"@id\":\"https:\\\/\\\/neurodegenerationresearch.eu\\\/#organization\",\"name\":\"JPND\",\"url\":\"https:\\\/\\\/neurodegenerationresearch.eu\\\/\",\"logo\":{\"@type\":\"ImageObject\",\"inLanguage\":\"cs\",\"@id\":\"https:\\\/\\\/neurodegenerationresearch.eu\\\/#\\\/schema\\\/logo\\\/image\\\/\",\"url\":\"https:\\\/\\\/www.neurodegenerationresearch.eu\\\/wp-content\\\/uploads\\\/2022\\\/03\\\/logo.png\",\"contentUrl\":\"https:\\\/\\\/www.neurodegenerationresearch.eu\\\/wp-content\\\/uploads\\\/2022\\\/03\\\/logo.png\",\"width\":248,\"height\":129,\"caption\":\"JPND\"},\"image\":{\"@id\":\"https:\\\/\\\/neurodegenerationresearch.eu\\\/#\\\/schema\\\/logo\\\/image\\\/\"},\"sameAs\":[\"https:\\\/\\\/x.com\\\/JPNDeurope\"]}]}<\/script>\n<!-- \/ Yoast SEO plugin. -->","yoast_head_json":{"title":"Jak\u00e9 jsou c\u00edle programu JPND? - JPND Neurodegenerative Disease Research","robots":{"index":"index","follow":"follow","max-snippet":"max-snippet:-1","max-image-preview":"max-image-preview:large","max-video-preview":"max-video-preview:-1"},"canonical":"https:\/\/neurodegenerationresearch.eu\/cs\/jake-jsou-cile-programu-jpnd\/","og_locale":"cs_CZ","og_type":"article","og_title":"Jak\u00e9 jsou c\u00edle programu JPND? - JPND Neurodegenerative Disease Research","og_description":"[vc_row][vc_column][vc_column_text] Jak\u00e9 jsou c\u00edle programu JPND? [\/vc_column_text][vc_column_text] JPND m\u00e1 za [&hellip;]","og_url":"https:\/\/neurodegenerationresearch.eu\/cs\/jake-jsou-cile-programu-jpnd\/","og_site_name":"JPND Neurodegenerative Disease Research","og_image":[{"url":"https:\/\/www.neurodegenerationresearch.eu\/wp-content\/uploads\/2010\/04\/business-goals-300x200.jpg","type":"","width":"","height":""}],"twitter_card":"summary_large_image","twitter_site":"@JPNDeurope","twitter_misc":{"Odhadovan\u00e1 doba \u010dten\u00ed":"1 minuta"},"schema":{"@context":"https:\/\/schema.org","@graph":[{"@type":"WebPage","@id":"https:\/\/neurodegenerationresearch.eu\/cs\/jake-jsou-cile-programu-jpnd\/","url":"https:\/\/neurodegenerationresearch.eu\/cs\/jake-jsou-cile-programu-jpnd\/","name":"Jak\u00e9 jsou c\u00edle programu JPND? - JPND Neurodegenerative Disease Research","isPartOf":{"@id":"https:\/\/neurodegenerationresearch.eu\/#website"},"primaryImageOfPage":{"@id":"https:\/\/neurodegenerationresearch.eu\/cs\/jake-jsou-cile-programu-jpnd\/#primaryimage"},"image":{"@id":"https:\/\/neurodegenerationresearch.eu\/cs\/jake-jsou-cile-programu-jpnd\/#primaryimage"},"thumbnailUrl":"https:\/\/www.neurodegenerationresearch.eu\/wp-content\/uploads\/2010\/04\/business-goals-300x200.jpg","datePublished":"2017-04-26T14:23:11+00:00","breadcrumb":{"@id":"https:\/\/neurodegenerationresearch.eu\/cs\/jake-jsou-cile-programu-jpnd\/#breadcrumb"},"inLanguage":"cs","potentialAction":[{"@type":"ReadAction","target":["https:\/\/neurodegenerationresearch.eu\/cs\/jake-jsou-cile-programu-jpnd\/"]}]},{"@type":"ImageObject","inLanguage":"cs","@id":"https:\/\/neurodegenerationresearch.eu\/cs\/jake-jsou-cile-programu-jpnd\/#primaryimage","url":"https:\/\/www.neurodegenerationresearch.eu\/wp-content\/uploads\/2010\/04\/business-goals-300x200.jpg","contentUrl":"https:\/\/www.neurodegenerationresearch.eu\/wp-content\/uploads\/2010\/04\/business-goals-300x200.jpg"},{"@type":"BreadcrumbList","@id":"https:\/\/neurodegenerationresearch.eu\/cs\/jake-jsou-cile-programu-jpnd\/#breadcrumb","itemListElement":[{"@type":"ListItem","position":1,"name":"Home","item":"https:\/\/neurodegenerationresearch.eu\/"},{"@type":"ListItem","position":2,"name":"Jak\u00e9 jsou c\u00edle programu JPND?"}]},{"@type":"WebSite","@id":"https:\/\/neurodegenerationresearch.eu\/#website","url":"https:\/\/neurodegenerationresearch.eu\/","name":"JPND Neurodegenerative Disease Research","description":"Neurodegenerative Disease Research","publisher":{"@id":"https:\/\/neurodegenerationresearch.eu\/#organization"},"potentialAction":[{"@type":"SearchAction","target":{"@type":"EntryPoint","urlTemplate":"https:\/\/neurodegenerationresearch.eu\/?s={search_term_string}"},"query-input":{"@type":"PropertyValueSpecification","valueRequired":true,"valueName":"search_term_string"}}],"inLanguage":"cs"},{"@type":"Organization","@id":"https:\/\/neurodegenerationresearch.eu\/#organization","name":"JPND","url":"https:\/\/neurodegenerationresearch.eu\/","logo":{"@type":"ImageObject","inLanguage":"cs","@id":"https:\/\/neurodegenerationresearch.eu\/#\/schema\/logo\/image\/","url":"https:\/\/www.neurodegenerationresearch.eu\/wp-content\/uploads\/2022\/03\/logo.png","contentUrl":"https:\/\/www.neurodegenerationresearch.eu\/wp-content\/uploads\/2022\/03\/logo.png","width":248,"height":129,"caption":"JPND"},"image":{"@id":"https:\/\/neurodegenerationresearch.eu\/#\/schema\/logo\/image\/"},"sameAs":["https:\/\/x.com\/JPNDeurope"]}]}},"_links":{"self":[{"href":"https:\/\/neurodegenerationresearch.eu\/cs\/wp-json\/wp\/v2\/pages\/8012","targetHints":{"allow":["GET"]}}],"collection":[{"href":"https:\/\/neurodegenerationresearch.eu\/cs\/wp-json\/wp\/v2\/pages"}],"about":[{"href":"https:\/\/neurodegenerationresearch.eu\/cs\/wp-json\/wp\/v2\/types\/page"}],"author":[{"embeddable":true,"href":"https:\/\/neurodegenerationresearch.eu\/cs\/wp-json\/wp\/v2\/users\/3"}],"replies":[{"embeddable":true,"href":"https:\/\/neurodegenerationresearch.eu\/cs\/wp-json\/wp\/v2\/comments?post=8012"}],"version-history":[{"count":0,"href":"https:\/\/neurodegenerationresearch.eu\/cs\/wp-json\/wp\/v2\/pages\/8012\/revisions"}],"wp:attachment":[{"href":"https:\/\/neurodegenerationresearch.eu\/cs\/wp-json\/wp\/v2\/media?parent=8012"}],"curies":[{"name":"wp","href":"https:\/\/api.w.org\/{rel}","templated":true}]}}