{"id":7802,"date":"2017-04-25T10:39:18","date_gmt":"2017-04-25T10:39:18","guid":{"rendered":"http:\/\/www.neurodegenerationresearch.eu\/?page_id=7802"},"modified":"2017-04-25T10:39:18","modified_gmt":"2017-04-25T10:39:18","slug":"ueber-jpnd","status":"publish","type":"page","link":"https:\/\/neurodegenerationresearch.eu\/de\/ueber-jpnd\/","title":{"rendered":"\u00dcber JPND"},"content":{"rendered":"<div class=\"wpb-content-wrapper\">[vc_row][vc_column width=&#8220;1\/1&#8243;][vc_column_text]\n<p><strong>\u00dcber JPND<\/strong><\/p>\n<div class=\"separator\"><\/div>[\/vc_column_text][vc_column_text]<img loading=\"lazy\" decoding=\"async\" class=\"gmail- alignright\" title=\"A key component of this research will be to examine the best overall healthcare models to treat neurodegenerative disease\" src=\"https:\/\/www.neurodegenerationresearch.eu\/typo3temp\/pics\/3b51d0e84a.jpg\" alt=\"A key component of this research will be to examine the best overall healthcare models to treat neurodegenerative disease\" width=\"200\" height=\"134\" \/><\/p>\n<p>Das EU Joint Programme \u2013 Neurodegenerative Disease Research (JPND) ist die weltweit gr\u00f6\u00dfte Forschungsinitiative zur Bek\u00e4mpfung neurodegenerativer Erkrankungen. JPND soll die gemeinsamen Investitionen der teilnehmenden Staaten in der Erforschung von Krankheitsursachen, Therapien und geeigneten Versorgungsans\u00e4tzen f\u00fcr Menschen mit neurodegenerativen Erkrankungen besser koordinieren.<\/p>\n<p>Das zentrale Ziel von JPND besteht darin, Therapieans\u00e4tze f\u00fcr neurodegenerative Erkrankungen zu finden und deren fr\u00fchzeitige Diagnose zu erm\u00f6glichen, damit diese fr\u00fchzeitig behandelt werden k\u00f6nnen. Wie lange dies dauern wird, kann leider nicht abschlie\u00dfend vorhergesagt werden.<\/p>\n<p>Basierend auf seiner Forschungsstrategie hat JPND Forschungsziele identifiziert, die von gemeinsamen Ma\u00dfnahmen der L\u00e4nder profitieren k\u00f6nnen, um etwa Fortschritte bei der Milderung von Symptomen zu erzielen und die sozialen und wirtschaftlichen Auswirkungen f\u00fcr die Patienten, deren Familien und die Gesundheitssysteme zu verringern.<\/p>\n<p><strong>Diese Arbeit besteht aus drei Hauptkomponenten: <\/strong><\/p>\n<ul>\n<li>Verbesserung des wissenschaftlichen Verst\u00e4ndnisses der Erkrankungen.<\/li>\n<li>Verbesserung der medizinischen Hilfsmittel f\u00fcr \u00c4rztinnen und \u00c4rzten, um die Erkrankungen zu erkennen und zu behandeln.<\/li>\n<li>Verbesserung der sozialen F\u00fcrsorge und der Strukturen zur Unterst\u00fctzung der Patientinnen und Patienten, ihrer Familien und der Gesundheitsdienstleister, so dass Betroffene in jeder Phase ihrer Krankheit eine optimale Pflege erhalten.<\/li>\n<\/ul>\n<p>&nbsp;<\/p>\n[\/vc_column_text][\/vc_column][\/vc_row]\n<\/div>","protected":false},"excerpt":{"rendered":"<p>[vc_row][vc_column width=&#8220;1\/1&#8243;][vc_column_text] \u00dcber JPND [\/vc_column_text][vc_column_text] Das EU Joint Programme \u2013 [&hellip;]<\/p>\n<a href=\"https:\/\/neurodegenerationresearch.eu\/de\/ueber-jpnd\/\">View Post<\/a>","protected":false},"author":3,"featured_media":0,"parent":0,"menu_order":134,"comment_status":"closed","ping_status":"closed","template":"page-templates\/side-nav.php","meta":{"_acf_changed":false,"footnotes":""},"class_list":["post-7802","page","type-page","status-publish","hentry"],"acf":[],"yoast_head":"<!-- This site is optimized with the Yoast SEO plugin v27.4 - https:\/\/yoast.com\/product\/yoast-seo-wordpress\/ -->\n<title>\u00dcber JPND - JPND Neurodegenerative Disease Research<\/title>\n<meta name=\"robots\" content=\"index, follow, max-snippet:-1, max-image-preview:large, max-video-preview:-1\" \/>\n<link rel=\"canonical\" href=\"https:\/\/neurodegenerationresearch.eu\/de\/ueber-jpnd\/\" \/>\n<meta property=\"og:locale\" content=\"de_DE\" \/>\n<meta property=\"og:type\" content=\"article\" \/>\n<meta property=\"og:title\" content=\"\u00dcber JPND - JPND Neurodegenerative Disease Research\" \/>\n<meta property=\"og:description\" content=\"[vc_row][vc_column width=&#8220;1\/1&#8243;][vc_column_text] \u00dcber JPND [\/vc_column_text][vc_column_text] Das EU Joint Programme \u2013 [&hellip;]\" \/>\n<meta property=\"og:url\" content=\"https:\/\/neurodegenerationresearch.eu\/de\/ueber-jpnd\/\" \/>\n<meta property=\"og:site_name\" content=\"JPND Neurodegenerative Disease Research\" \/>\n<meta property=\"og:image\" content=\"https:\/\/www.neurodegenerationresearch.eu\/typo3temp\/pics\/3b51d0e84a.jpg\" \/>\n<meta name=\"twitter:card\" content=\"summary_large_image\" \/>\n<meta name=\"twitter:site\" content=\"@JPNDeurope\" \/>\n<meta name=\"twitter:label1\" content=\"Gesch\u00e4tzte Lesezeit\" \/>\n\t<meta name=\"twitter:data1\" content=\"1 Minute\" \/>\n<script type=\"application\/ld+json\" class=\"yoast-schema-graph\">{\"@context\":\"https:\\\/\\\/schema.org\",\"@graph\":[{\"@type\":\"WebPage\",\"@id\":\"https:\\\/\\\/neurodegenerationresearch.eu\\\/de\\\/ueber-jpnd\\\/\",\"url\":\"https:\\\/\\\/neurodegenerationresearch.eu\\\/de\\\/ueber-jpnd\\\/\",\"name\":\"\u00dcber JPND - JPND Neurodegenerative Disease Research\",\"isPartOf\":{\"@id\":\"https:\\\/\\\/neurodegenerationresearch.eu\\\/#website\"},\"primaryImageOfPage\":{\"@id\":\"https:\\\/\\\/neurodegenerationresearch.eu\\\/de\\\/ueber-jpnd\\\/#primaryimage\"},\"image\":{\"@id\":\"https:\\\/\\\/neurodegenerationresearch.eu\\\/de\\\/ueber-jpnd\\\/#primaryimage\"},\"thumbnailUrl\":\"https:\\\/\\\/www.neurodegenerationresearch.eu\\\/typo3temp\\\/pics\\\/3b51d0e84a.jpg\",\"datePublished\":\"2017-04-25T10:39:18+00:00\",\"breadcrumb\":{\"@id\":\"https:\\\/\\\/neurodegenerationresearch.eu\\\/de\\\/ueber-jpnd\\\/#breadcrumb\"},\"inLanguage\":\"de-DE\",\"potentialAction\":[{\"@type\":\"ReadAction\",\"target\":[\"https:\\\/\\\/neurodegenerationresearch.eu\\\/de\\\/ueber-jpnd\\\/\"]}]},{\"@type\":\"ImageObject\",\"inLanguage\":\"de-DE\",\"@id\":\"https:\\\/\\\/neurodegenerationresearch.eu\\\/de\\\/ueber-jpnd\\\/#primaryimage\",\"url\":\"https:\\\/\\\/www.neurodegenerationresearch.eu\\\/typo3temp\\\/pics\\\/3b51d0e84a.jpg\",\"contentUrl\":\"https:\\\/\\\/www.neurodegenerationresearch.eu\\\/typo3temp\\\/pics\\\/3b51d0e84a.jpg\"},{\"@type\":\"BreadcrumbList\",\"@id\":\"https:\\\/\\\/neurodegenerationresearch.eu\\\/de\\\/ueber-jpnd\\\/#breadcrumb\",\"itemListElement\":[{\"@type\":\"ListItem\",\"position\":1,\"name\":\"Home\",\"item\":\"https:\\\/\\\/neurodegenerationresearch.eu\\\/\"},{\"@type\":\"ListItem\",\"position\":2,\"name\":\"\u00dcber JPND\"}]},{\"@type\":\"WebSite\",\"@id\":\"https:\\\/\\\/neurodegenerationresearch.eu\\\/#website\",\"url\":\"https:\\\/\\\/neurodegenerationresearch.eu\\\/\",\"name\":\"JPND Neurodegenerative Disease Research\",\"description\":\"Neurodegenerative Disease Research\",\"publisher\":{\"@id\":\"https:\\\/\\\/neurodegenerationresearch.eu\\\/#organization\"},\"potentialAction\":[{\"@type\":\"SearchAction\",\"target\":{\"@type\":\"EntryPoint\",\"urlTemplate\":\"https:\\\/\\\/neurodegenerationresearch.eu\\\/?s={search_term_string}\"},\"query-input\":{\"@type\":\"PropertyValueSpecification\",\"valueRequired\":true,\"valueName\":\"search_term_string\"}}],\"inLanguage\":\"de-DE\"},{\"@type\":\"Organization\",\"@id\":\"https:\\\/\\\/neurodegenerationresearch.eu\\\/#organization\",\"name\":\"JPND\",\"url\":\"https:\\\/\\\/neurodegenerationresearch.eu\\\/\",\"logo\":{\"@type\":\"ImageObject\",\"inLanguage\":\"de-DE\",\"@id\":\"https:\\\/\\\/neurodegenerationresearch.eu\\\/#\\\/schema\\\/logo\\\/image\\\/\",\"url\":\"https:\\\/\\\/www.neurodegenerationresearch.eu\\\/wp-content\\\/uploads\\\/2022\\\/03\\\/logo.png\",\"contentUrl\":\"https:\\\/\\\/www.neurodegenerationresearch.eu\\\/wp-content\\\/uploads\\\/2022\\\/03\\\/logo.png\",\"width\":248,\"height\":129,\"caption\":\"JPND\"},\"image\":{\"@id\":\"https:\\\/\\\/neurodegenerationresearch.eu\\\/#\\\/schema\\\/logo\\\/image\\\/\"},\"sameAs\":[\"https:\\\/\\\/x.com\\\/JPNDeurope\"]}]}<\/script>\n<!-- \/ Yoast SEO plugin. -->","yoast_head_json":{"title":"\u00dcber JPND - JPND Neurodegenerative Disease Research","robots":{"index":"index","follow":"follow","max-snippet":"max-snippet:-1","max-image-preview":"max-image-preview:large","max-video-preview":"max-video-preview:-1"},"canonical":"https:\/\/neurodegenerationresearch.eu\/de\/ueber-jpnd\/","og_locale":"de_DE","og_type":"article","og_title":"\u00dcber JPND - JPND Neurodegenerative Disease Research","og_description":"[vc_row][vc_column width=&#8220;1\/1&#8243;][vc_column_text] \u00dcber JPND [\/vc_column_text][vc_column_text] Das EU Joint Programme \u2013 [&hellip;]","og_url":"https:\/\/neurodegenerationresearch.eu\/de\/ueber-jpnd\/","og_site_name":"JPND Neurodegenerative Disease Research","og_image":[{"url":"https:\/\/www.neurodegenerationresearch.eu\/typo3temp\/pics\/3b51d0e84a.jpg","type":"","width":"","height":""}],"twitter_card":"summary_large_image","twitter_site":"@JPNDeurope","twitter_misc":{"Gesch\u00e4tzte Lesezeit":"1 Minute"},"schema":{"@context":"https:\/\/schema.org","@graph":[{"@type":"WebPage","@id":"https:\/\/neurodegenerationresearch.eu\/de\/ueber-jpnd\/","url":"https:\/\/neurodegenerationresearch.eu\/de\/ueber-jpnd\/","name":"\u00dcber JPND - JPND Neurodegenerative Disease Research","isPartOf":{"@id":"https:\/\/neurodegenerationresearch.eu\/#website"},"primaryImageOfPage":{"@id":"https:\/\/neurodegenerationresearch.eu\/de\/ueber-jpnd\/#primaryimage"},"image":{"@id":"https:\/\/neurodegenerationresearch.eu\/de\/ueber-jpnd\/#primaryimage"},"thumbnailUrl":"https:\/\/www.neurodegenerationresearch.eu\/typo3temp\/pics\/3b51d0e84a.jpg","datePublished":"2017-04-25T10:39:18+00:00","breadcrumb":{"@id":"https:\/\/neurodegenerationresearch.eu\/de\/ueber-jpnd\/#breadcrumb"},"inLanguage":"de-DE","potentialAction":[{"@type":"ReadAction","target":["https:\/\/neurodegenerationresearch.eu\/de\/ueber-jpnd\/"]}]},{"@type":"ImageObject","inLanguage":"de-DE","@id":"https:\/\/neurodegenerationresearch.eu\/de\/ueber-jpnd\/#primaryimage","url":"https:\/\/www.neurodegenerationresearch.eu\/typo3temp\/pics\/3b51d0e84a.jpg","contentUrl":"https:\/\/www.neurodegenerationresearch.eu\/typo3temp\/pics\/3b51d0e84a.jpg"},{"@type":"BreadcrumbList","@id":"https:\/\/neurodegenerationresearch.eu\/de\/ueber-jpnd\/#breadcrumb","itemListElement":[{"@type":"ListItem","position":1,"name":"Home","item":"https:\/\/neurodegenerationresearch.eu\/"},{"@type":"ListItem","position":2,"name":"\u00dcber JPND"}]},{"@type":"WebSite","@id":"https:\/\/neurodegenerationresearch.eu\/#website","url":"https:\/\/neurodegenerationresearch.eu\/","name":"JPND Neurodegenerative Disease Research","description":"Neurodegenerative Disease Research","publisher":{"@id":"https:\/\/neurodegenerationresearch.eu\/#organization"},"potentialAction":[{"@type":"SearchAction","target":{"@type":"EntryPoint","urlTemplate":"https:\/\/neurodegenerationresearch.eu\/?s={search_term_string}"},"query-input":{"@type":"PropertyValueSpecification","valueRequired":true,"valueName":"search_term_string"}}],"inLanguage":"de-DE"},{"@type":"Organization","@id":"https:\/\/neurodegenerationresearch.eu\/#organization","name":"JPND","url":"https:\/\/neurodegenerationresearch.eu\/","logo":{"@type":"ImageObject","inLanguage":"de-DE","@id":"https:\/\/neurodegenerationresearch.eu\/#\/schema\/logo\/image\/","url":"https:\/\/www.neurodegenerationresearch.eu\/wp-content\/uploads\/2022\/03\/logo.png","contentUrl":"https:\/\/www.neurodegenerationresearch.eu\/wp-content\/uploads\/2022\/03\/logo.png","width":248,"height":129,"caption":"JPND"},"image":{"@id":"https:\/\/neurodegenerationresearch.eu\/#\/schema\/logo\/image\/"},"sameAs":["https:\/\/x.com\/JPNDeurope"]}]}},"_links":{"self":[{"href":"https:\/\/neurodegenerationresearch.eu\/de\/wp-json\/wp\/v2\/pages\/7802","targetHints":{"allow":["GET"]}}],"collection":[{"href":"https:\/\/neurodegenerationresearch.eu\/de\/wp-json\/wp\/v2\/pages"}],"about":[{"href":"https:\/\/neurodegenerationresearch.eu\/de\/wp-json\/wp\/v2\/types\/page"}],"author":[{"embeddable":true,"href":"https:\/\/neurodegenerationresearch.eu\/de\/wp-json\/wp\/v2\/users\/3"}],"replies":[{"embeddable":true,"href":"https:\/\/neurodegenerationresearch.eu\/de\/wp-json\/wp\/v2\/comments?post=7802"}],"version-history":[{"count":0,"href":"https:\/\/neurodegenerationresearch.eu\/de\/wp-json\/wp\/v2\/pages\/7802\/revisions"}],"wp:attachment":[{"href":"https:\/\/neurodegenerationresearch.eu\/de\/wp-json\/wp\/v2\/media?parent=7802"}],"curies":[{"name":"wp","href":"https:\/\/api.w.org\/{rel}","templated":true}]}}