{"id":7971,"date":"2017-04-26T13:23:42","date_gmt":"2017-04-26T13:23:42","guid":{"rendered":"http:\/\/www.neurodegenerationresearch.eu\/?page_id=7971\/"},"modified":"2017-04-26T13:23:42","modified_gmt":"2017-04-26T13:23:42","slug":"was-sind-die-ziele-von-jpnd","status":"publish","type":"page","link":"https:\/\/neurodegenerationresearch.eu\/de\/was-sind-die-ziele-von-jpnd\/","title":{"rendered":"Was sind die Ziele von JPND?"},"content":{"rendered":"<div class=\"wpb-content-wrapper\">[vc_row][vc_column][vc_column_text]\n<h3>Was sind die Ziele von JPND?<\/h3>\n<div class=\"separator\"><\/div>[\/vc_column_text][vc_column_text]<a href=\"https:\/\/www.neurodegenerationresearch.eu\/wp-content\/uploads\/2010\/04\/business-goals.jpg\"><img loading=\"lazy\" decoding=\"async\" class=\"gmail-wp-image-3669 gmail- alignright\" src=\"https:\/\/www.neurodegenerationresearch.eu\/wp-content\/uploads\/2010\/04\/business-goals-300x200.jpg\" alt=\"business-goals\" width=\"207\" height=\"138\" srcset=\"https:\/\/neurodegenerationresearch.eu\/wp-content\/uploads\/2010\/04\/business-goals-300x200.jpg 300w, https:\/\/neurodegenerationresearch.eu\/wp-content\/uploads\/2010\/04\/business-goals-768x512.jpg 768w, https:\/\/neurodegenerationresearch.eu\/wp-content\/uploads\/2010\/04\/business-goals-890x594.jpg 890w, https:\/\/neurodegenerationresearch.eu\/wp-content\/uploads\/2010\/04\/business-goals.jpg 1000w\" sizes=\"auto, (max-width: 207px) 100vw, 207px\" \/><\/a><\/p>\n<p>JPND stellt sich der wachsenden Herausforderung durch neurodegenerative Erkrankungen in unserer alternden Gesellschaft. Hierzu bringt JPND Forschende, vorhandene Forschungsevidenz und nationale F\u00f6rderer zusammen, um die wichtigsten Forschungsfragen in diesem Bereich zu untersuchen und Fortschrittsh\u00fcrden zu \u00fcberwinden.<\/p>\n<p>Erreicht wird dies durch die Koordination aktueller und zuk\u00fcnftiger Forschungsans\u00e4tze, die Zusammenarbeit bei geeigneten Fragestellungen sowie die gemeinsame Nutzung von Werkzeugen, Techniken und anderen Ressourcen unter den teilnehmenden L\u00e4ndern.<\/p>\n<p>Unsere derzeitige Strategie besteht darin, durch koordinierte Forschungsf\u00f6rderung die Investitionen in die Ursachenforschung, Therapieentwicklung und die Versorgungsforschung zu neurodegenerativen Erkrankungen zu erh\u00f6hen. Unsere unmittelbaren Ziele in diesem Bereich sind:<\/p>\n<ul>\n<li>durch koordinierte Ma\u00dfnahmen einen Mehrwert f\u00fcr nationale Investitionen schaffen<\/li>\n<li>die Entwicklung nationaler Forschungsstrategien zu neurodegenerativen Erkrankungen f\u00f6rdern<\/li>\n<li>Partnerschaften eingehen, um das volle Potenzial von JPND auszusch\u00f6pfen<\/li>\n<\/ul>\n[\/vc_column_text][\/vc_column][\/vc_row]\n<\/div>","protected":false},"excerpt":{"rendered":"<p>[vc_row][vc_column][vc_column_text] Was sind die Ziele von JPND? [\/vc_column_text][vc_column_text] JPND stellt [&hellip;]<\/p>\n<a href=\"https:\/\/neurodegenerationresearch.eu\/de\/was-sind-die-ziele-von-jpnd\/\">View Post<\/a>","protected":false},"author":3,"featured_media":0,"parent":0,"menu_order":284,"comment_status":"open","ping_status":"open","template":"","meta":{"_acf_changed":false,"footnotes":""},"class_list":["post-7971","page","type-page","status-publish","hentry"],"acf":[],"yoast_head":"<!-- This site is optimized with the Yoast SEO plugin v27.4 - https:\/\/yoast.com\/product\/yoast-seo-wordpress\/ -->\n<title>Was sind die Ziele von JPND? - JPND Neurodegenerative Disease Research<\/title>\n<meta name=\"robots\" content=\"index, follow, max-snippet:-1, max-image-preview:large, max-video-preview:-1\" \/>\n<link rel=\"canonical\" href=\"https:\/\/neurodegenerationresearch.eu\/de\/was-sind-die-ziele-von-jpnd\/\" \/>\n<meta property=\"og:locale\" content=\"de_DE\" \/>\n<meta property=\"og:type\" content=\"article\" \/>\n<meta property=\"og:title\" content=\"Was sind die Ziele von JPND? - JPND Neurodegenerative Disease Research\" \/>\n<meta property=\"og:description\" content=\"[vc_row][vc_column][vc_column_text] Was sind die Ziele von JPND? [\/vc_column_text][vc_column_text] JPND stellt [&hellip;]\" \/>\n<meta property=\"og:url\" content=\"https:\/\/neurodegenerationresearch.eu\/de\/was-sind-die-ziele-von-jpnd\/\" \/>\n<meta property=\"og:site_name\" content=\"JPND Neurodegenerative Disease Research\" \/>\n<meta property=\"og:image\" content=\"https:\/\/www.neurodegenerationresearch.eu\/wp-content\/uploads\/2010\/04\/business-goals-300x200.jpg\" \/>\n<meta name=\"twitter:card\" content=\"summary_large_image\" \/>\n<meta name=\"twitter:site\" content=\"@JPNDeurope\" \/>\n<meta name=\"twitter:label1\" content=\"Gesch\u00e4tzte Lesezeit\" \/>\n\t<meta name=\"twitter:data1\" content=\"1 Minute\" \/>\n<script type=\"application\/ld+json\" class=\"yoast-schema-graph\">{\"@context\":\"https:\\\/\\\/schema.org\",\"@graph\":[{\"@type\":\"WebPage\",\"@id\":\"https:\\\/\\\/neurodegenerationresearch.eu\\\/de\\\/was-sind-die-ziele-von-jpnd\\\/\",\"url\":\"https:\\\/\\\/neurodegenerationresearch.eu\\\/de\\\/was-sind-die-ziele-von-jpnd\\\/\",\"name\":\"Was sind die Ziele von JPND? - JPND Neurodegenerative Disease Research\",\"isPartOf\":{\"@id\":\"https:\\\/\\\/neurodegenerationresearch.eu\\\/#website\"},\"primaryImageOfPage\":{\"@id\":\"https:\\\/\\\/neurodegenerationresearch.eu\\\/de\\\/was-sind-die-ziele-von-jpnd\\\/#primaryimage\"},\"image\":{\"@id\":\"https:\\\/\\\/neurodegenerationresearch.eu\\\/de\\\/was-sind-die-ziele-von-jpnd\\\/#primaryimage\"},\"thumbnailUrl\":\"https:\\\/\\\/www.neurodegenerationresearch.eu\\\/wp-content\\\/uploads\\\/2010\\\/04\\\/business-goals-300x200.jpg\",\"datePublished\":\"2017-04-26T13:23:42+00:00\",\"breadcrumb\":{\"@id\":\"https:\\\/\\\/neurodegenerationresearch.eu\\\/de\\\/was-sind-die-ziele-von-jpnd\\\/#breadcrumb\"},\"inLanguage\":\"de-DE\",\"potentialAction\":[{\"@type\":\"ReadAction\",\"target\":[\"https:\\\/\\\/neurodegenerationresearch.eu\\\/de\\\/was-sind-die-ziele-von-jpnd\\\/\"]}]},{\"@type\":\"ImageObject\",\"inLanguage\":\"de-DE\",\"@id\":\"https:\\\/\\\/neurodegenerationresearch.eu\\\/de\\\/was-sind-die-ziele-von-jpnd\\\/#primaryimage\",\"url\":\"https:\\\/\\\/www.neurodegenerationresearch.eu\\\/wp-content\\\/uploads\\\/2010\\\/04\\\/business-goals-300x200.jpg\",\"contentUrl\":\"https:\\\/\\\/www.neurodegenerationresearch.eu\\\/wp-content\\\/uploads\\\/2010\\\/04\\\/business-goals-300x200.jpg\"},{\"@type\":\"BreadcrumbList\",\"@id\":\"https:\\\/\\\/neurodegenerationresearch.eu\\\/de\\\/was-sind-die-ziele-von-jpnd\\\/#breadcrumb\",\"itemListElement\":[{\"@type\":\"ListItem\",\"position\":1,\"name\":\"Home\",\"item\":\"https:\\\/\\\/neurodegenerationresearch.eu\\\/\"},{\"@type\":\"ListItem\",\"position\":2,\"name\":\"Was sind die Ziele von JPND?\"}]},{\"@type\":\"WebSite\",\"@id\":\"https:\\\/\\\/neurodegenerationresearch.eu\\\/#website\",\"url\":\"https:\\\/\\\/neurodegenerationresearch.eu\\\/\",\"name\":\"JPND Neurodegenerative Disease Research\",\"description\":\"Neurodegenerative Disease Research\",\"publisher\":{\"@id\":\"https:\\\/\\\/neurodegenerationresearch.eu\\\/#organization\"},\"potentialAction\":[{\"@type\":\"SearchAction\",\"target\":{\"@type\":\"EntryPoint\",\"urlTemplate\":\"https:\\\/\\\/neurodegenerationresearch.eu\\\/?s={search_term_string}\"},\"query-input\":{\"@type\":\"PropertyValueSpecification\",\"valueRequired\":true,\"valueName\":\"search_term_string\"}}],\"inLanguage\":\"de-DE\"},{\"@type\":\"Organization\",\"@id\":\"https:\\\/\\\/neurodegenerationresearch.eu\\\/#organization\",\"name\":\"JPND\",\"url\":\"https:\\\/\\\/neurodegenerationresearch.eu\\\/\",\"logo\":{\"@type\":\"ImageObject\",\"inLanguage\":\"de-DE\",\"@id\":\"https:\\\/\\\/neurodegenerationresearch.eu\\\/#\\\/schema\\\/logo\\\/image\\\/\",\"url\":\"https:\\\/\\\/www.neurodegenerationresearch.eu\\\/wp-content\\\/uploads\\\/2022\\\/03\\\/logo.png\",\"contentUrl\":\"https:\\\/\\\/www.neurodegenerationresearch.eu\\\/wp-content\\\/uploads\\\/2022\\\/03\\\/logo.png\",\"width\":248,\"height\":129,\"caption\":\"JPND\"},\"image\":{\"@id\":\"https:\\\/\\\/neurodegenerationresearch.eu\\\/#\\\/schema\\\/logo\\\/image\\\/\"},\"sameAs\":[\"https:\\\/\\\/x.com\\\/JPNDeurope\"]}]}<\/script>\n<!-- \/ Yoast SEO plugin. -->","yoast_head_json":{"title":"Was sind die Ziele von JPND? - JPND Neurodegenerative Disease Research","robots":{"index":"index","follow":"follow","max-snippet":"max-snippet:-1","max-image-preview":"max-image-preview:large","max-video-preview":"max-video-preview:-1"},"canonical":"https:\/\/neurodegenerationresearch.eu\/de\/was-sind-die-ziele-von-jpnd\/","og_locale":"de_DE","og_type":"article","og_title":"Was sind die Ziele von JPND? - JPND Neurodegenerative Disease Research","og_description":"[vc_row][vc_column][vc_column_text] Was sind die Ziele von JPND? [\/vc_column_text][vc_column_text] JPND stellt [&hellip;]","og_url":"https:\/\/neurodegenerationresearch.eu\/de\/was-sind-die-ziele-von-jpnd\/","og_site_name":"JPND Neurodegenerative Disease Research","og_image":[{"url":"https:\/\/www.neurodegenerationresearch.eu\/wp-content\/uploads\/2010\/04\/business-goals-300x200.jpg","type":"","width":"","height":""}],"twitter_card":"summary_large_image","twitter_site":"@JPNDeurope","twitter_misc":{"Gesch\u00e4tzte Lesezeit":"1 Minute"},"schema":{"@context":"https:\/\/schema.org","@graph":[{"@type":"WebPage","@id":"https:\/\/neurodegenerationresearch.eu\/de\/was-sind-die-ziele-von-jpnd\/","url":"https:\/\/neurodegenerationresearch.eu\/de\/was-sind-die-ziele-von-jpnd\/","name":"Was sind die Ziele von JPND? - JPND Neurodegenerative Disease Research","isPartOf":{"@id":"https:\/\/neurodegenerationresearch.eu\/#website"},"primaryImageOfPage":{"@id":"https:\/\/neurodegenerationresearch.eu\/de\/was-sind-die-ziele-von-jpnd\/#primaryimage"},"image":{"@id":"https:\/\/neurodegenerationresearch.eu\/de\/was-sind-die-ziele-von-jpnd\/#primaryimage"},"thumbnailUrl":"https:\/\/www.neurodegenerationresearch.eu\/wp-content\/uploads\/2010\/04\/business-goals-300x200.jpg","datePublished":"2017-04-26T13:23:42+00:00","breadcrumb":{"@id":"https:\/\/neurodegenerationresearch.eu\/de\/was-sind-die-ziele-von-jpnd\/#breadcrumb"},"inLanguage":"de-DE","potentialAction":[{"@type":"ReadAction","target":["https:\/\/neurodegenerationresearch.eu\/de\/was-sind-die-ziele-von-jpnd\/"]}]},{"@type":"ImageObject","inLanguage":"de-DE","@id":"https:\/\/neurodegenerationresearch.eu\/de\/was-sind-die-ziele-von-jpnd\/#primaryimage","url":"https:\/\/www.neurodegenerationresearch.eu\/wp-content\/uploads\/2010\/04\/business-goals-300x200.jpg","contentUrl":"https:\/\/www.neurodegenerationresearch.eu\/wp-content\/uploads\/2010\/04\/business-goals-300x200.jpg"},{"@type":"BreadcrumbList","@id":"https:\/\/neurodegenerationresearch.eu\/de\/was-sind-die-ziele-von-jpnd\/#breadcrumb","itemListElement":[{"@type":"ListItem","position":1,"name":"Home","item":"https:\/\/neurodegenerationresearch.eu\/"},{"@type":"ListItem","position":2,"name":"Was sind die Ziele von JPND?"}]},{"@type":"WebSite","@id":"https:\/\/neurodegenerationresearch.eu\/#website","url":"https:\/\/neurodegenerationresearch.eu\/","name":"JPND Neurodegenerative Disease Research","description":"Neurodegenerative Disease Research","publisher":{"@id":"https:\/\/neurodegenerationresearch.eu\/#organization"},"potentialAction":[{"@type":"SearchAction","target":{"@type":"EntryPoint","urlTemplate":"https:\/\/neurodegenerationresearch.eu\/?s={search_term_string}"},"query-input":{"@type":"PropertyValueSpecification","valueRequired":true,"valueName":"search_term_string"}}],"inLanguage":"de-DE"},{"@type":"Organization","@id":"https:\/\/neurodegenerationresearch.eu\/#organization","name":"JPND","url":"https:\/\/neurodegenerationresearch.eu\/","logo":{"@type":"ImageObject","inLanguage":"de-DE","@id":"https:\/\/neurodegenerationresearch.eu\/#\/schema\/logo\/image\/","url":"https:\/\/www.neurodegenerationresearch.eu\/wp-content\/uploads\/2022\/03\/logo.png","contentUrl":"https:\/\/www.neurodegenerationresearch.eu\/wp-content\/uploads\/2022\/03\/logo.png","width":248,"height":129,"caption":"JPND"},"image":{"@id":"https:\/\/neurodegenerationresearch.eu\/#\/schema\/logo\/image\/"},"sameAs":["https:\/\/x.com\/JPNDeurope"]}]}},"_links":{"self":[{"href":"https:\/\/neurodegenerationresearch.eu\/de\/wp-json\/wp\/v2\/pages\/7971","targetHints":{"allow":["GET"]}}],"collection":[{"href":"https:\/\/neurodegenerationresearch.eu\/de\/wp-json\/wp\/v2\/pages"}],"about":[{"href":"https:\/\/neurodegenerationresearch.eu\/de\/wp-json\/wp\/v2\/types\/page"}],"author":[{"embeddable":true,"href":"https:\/\/neurodegenerationresearch.eu\/de\/wp-json\/wp\/v2\/users\/3"}],"replies":[{"embeddable":true,"href":"https:\/\/neurodegenerationresearch.eu\/de\/wp-json\/wp\/v2\/comments?post=7971"}],"version-history":[{"count":0,"href":"https:\/\/neurodegenerationresearch.eu\/de\/wp-json\/wp\/v2\/pages\/7971\/revisions"}],"wp:attachment":[{"href":"https:\/\/neurodegenerationresearch.eu\/de\/wp-json\/wp\/v2\/media?parent=7971"}],"curies":[{"name":"wp","href":"https:\/\/api.w.org\/{rel}","templated":true}]}}