{"id":7828,"date":"2017-04-25T11:34:22","date_gmt":"2017-04-25T11:34:22","guid":{"rendered":"http:\/\/www.neurodegenerationresearch.eu\/?page_id=7828\/"},"modified":"2017-04-25T11:34:22","modified_gmt":"2017-04-25T11:34:22","slug":"acerca-del-jpnd","status":"publish","type":"page","link":"https:\/\/neurodegenerationresearch.eu\/es\/acerca-del-jpnd\/","title":{"rendered":"Acerca del JPND"},"content":{"rendered":"<div class=\"wpb-content-wrapper\">[vc_row][vc_column width=\u00bb1\/1&#8243;][vc_column_text]\n<p><strong>Acerca del JPND<\/strong><\/p>\n<div class=\"separator\"><\/div>[\/vc_column_text][vc_column_text]<img loading=\"lazy\" decoding=\"async\" class=\"gmail- alignright\" title=\"A key component of this research will be to examine the best overall healthcare models to treat neurodegenerative disease\" src=\"https:\/\/www.neurodegenerationresearch.eu\/typo3temp\/pics\/3b51d0e84a.jpg\" alt=\"A key component of this research will be to examine the best overall healthcare models to treat neurodegenerative disease\" width=\"200\" height=\"134\" \/><\/p>\n<p>El programa conjunto de investigaci\u00f3n sobre las enfermedades neurodegenerativas (JPND, Joint Programme \u2013 Neurodegenerative Disease Research) de la UE es la mayor iniciativa de investigaci\u00f3n mundial destinada a abordar el reto que representan las enfermedades neurodegenerativas. El JPND tiene como fin aumentar, entre los pa\u00edses participantes, la inversi\u00f3n coordinada en la investigaci\u00f3n para descubrir las causas, encontrar curas e identificar maneras adecuadas de cuidar a las personas con enfermedades neurodegenerativas.<\/p>\n<p>El objetivo primordial del JPND es encontrar curas para las enfermedades neurodegenerativas y permitir el diagn\u00f3stico precoz con el fin de poder aplicar tratamientos espec\u00edficos tempranos. Sin embargo, no es posible realizar predicciones definitivas sobre el tiempo que podr\u00eda tardar en suceder esto.<\/p>\n<p>Mientras tanto, a trav\u00e9s de su estrategia de investigaci\u00f3n, el JPND ha identificado objetivos comunes que se beneficiar\u00edan de una acci\u00f3n conjunta entre los pa\u00edses con el fin de avanzar m\u00e1s r\u00e1pido en la creaci\u00f3n de soluciones capaces de aliviar los s\u00edntomas y reducir el impacto social y econ\u00f3mico para los pacientes, las familias y los sistemas sanitarios.<\/p>\n<p><strong>Los ejes principales de esta tarea son tres: <\/strong><\/p>\n<ul>\n<li>Mejorar el conocimiento cient\u00edfico de la enfermedad.<\/li>\n<li>Mejorar las herramientas m\u00e9dicas que poseen los m\u00e9dicos para identificar y tratar la enfermedad.<\/li>\n<li>Mejorar la asistencia social y las estructuras disponibles para ayudar a los pacientes, sus familias y los profesionales sanitarios, para que los pacientes puedan recibir unos cuidados \u00f3ptimos en todas las fases de la enfermedad.<\/li>\n<\/ul>\n<p>&nbsp;<\/p>\n[\/vc_column_text][\/vc_column][\/vc_row]\n<\/div>","protected":false},"excerpt":{"rendered":"<p>[vc_row][vc_column width=\u00bb1\/1&#8243;][vc_column_text] Acerca del JPND [\/vc_column_text][vc_column_text] El programa conjunto de [&hellip;]<\/p>\n<a href=\"https:\/\/neurodegenerationresearch.eu\/es\/acerca-del-jpnd\/\">View Post<\/a>","protected":false},"author":3,"featured_media":0,"parent":0,"menu_order":134,"comment_status":"closed","ping_status":"closed","template":"page-templates\/side-nav.php","meta":{"_acf_changed":false,"footnotes":""},"class_list":["post-7828","page","type-page","status-publish","hentry"],"acf":[],"yoast_head":"<!-- This site is optimized with the Yoast SEO plugin v27.4 - https:\/\/yoast.com\/product\/yoast-seo-wordpress\/ -->\n<title>Acerca del JPND - JPND Neurodegenerative Disease Research<\/title>\n<meta name=\"robots\" content=\"index, follow, max-snippet:-1, max-image-preview:large, max-video-preview:-1\" \/>\n<link rel=\"canonical\" href=\"https:\/\/neurodegenerationresearch.eu\/es\/acerca-del-jpnd\/\" \/>\n<meta property=\"og:locale\" content=\"es_ES\" \/>\n<meta property=\"og:type\" content=\"article\" \/>\n<meta property=\"og:title\" content=\"Acerca del JPND - JPND Neurodegenerative Disease Research\" \/>\n<meta property=\"og:description\" content=\"[vc_row][vc_column width=\u00bb1\/1&#8243;][vc_column_text] Acerca del JPND [\/vc_column_text][vc_column_text] El programa conjunto de [&hellip;]\" \/>\n<meta property=\"og:url\" content=\"https:\/\/neurodegenerationresearch.eu\/es\/acerca-del-jpnd\/\" \/>\n<meta property=\"og:site_name\" content=\"JPND Neurodegenerative Disease Research\" \/>\n<meta property=\"og:image\" content=\"https:\/\/www.neurodegenerationresearch.eu\/typo3temp\/pics\/3b51d0e84a.jpg\" \/>\n<meta name=\"twitter:card\" content=\"summary_large_image\" \/>\n<meta name=\"twitter:site\" content=\"@JPNDeurope\" \/>\n<meta name=\"twitter:label1\" content=\"Tiempo de lectura\" \/>\n\t<meta name=\"twitter:data1\" content=\"1 minuto\" \/>\n<script type=\"application\/ld+json\" class=\"yoast-schema-graph\">{\"@context\":\"https:\\\/\\\/schema.org\",\"@graph\":[{\"@type\":\"WebPage\",\"@id\":\"https:\\\/\\\/neurodegenerationresearch.eu\\\/es\\\/acerca-del-jpnd\\\/\",\"url\":\"https:\\\/\\\/neurodegenerationresearch.eu\\\/es\\\/acerca-del-jpnd\\\/\",\"name\":\"Acerca del JPND - JPND Neurodegenerative Disease Research\",\"isPartOf\":{\"@id\":\"https:\\\/\\\/neurodegenerationresearch.eu\\\/#website\"},\"primaryImageOfPage\":{\"@id\":\"https:\\\/\\\/neurodegenerationresearch.eu\\\/es\\\/acerca-del-jpnd\\\/#primaryimage\"},\"image\":{\"@id\":\"https:\\\/\\\/neurodegenerationresearch.eu\\\/es\\\/acerca-del-jpnd\\\/#primaryimage\"},\"thumbnailUrl\":\"https:\\\/\\\/www.neurodegenerationresearch.eu\\\/typo3temp\\\/pics\\\/3b51d0e84a.jpg\",\"datePublished\":\"2017-04-25T11:34:22+00:00\",\"breadcrumb\":{\"@id\":\"https:\\\/\\\/neurodegenerationresearch.eu\\\/es\\\/acerca-del-jpnd\\\/#breadcrumb\"},\"inLanguage\":\"es\",\"potentialAction\":[{\"@type\":\"ReadAction\",\"target\":[\"https:\\\/\\\/neurodegenerationresearch.eu\\\/es\\\/acerca-del-jpnd\\\/\"]}]},{\"@type\":\"ImageObject\",\"inLanguage\":\"es\",\"@id\":\"https:\\\/\\\/neurodegenerationresearch.eu\\\/es\\\/acerca-del-jpnd\\\/#primaryimage\",\"url\":\"https:\\\/\\\/www.neurodegenerationresearch.eu\\\/typo3temp\\\/pics\\\/3b51d0e84a.jpg\",\"contentUrl\":\"https:\\\/\\\/www.neurodegenerationresearch.eu\\\/typo3temp\\\/pics\\\/3b51d0e84a.jpg\"},{\"@type\":\"BreadcrumbList\",\"@id\":\"https:\\\/\\\/neurodegenerationresearch.eu\\\/es\\\/acerca-del-jpnd\\\/#breadcrumb\",\"itemListElement\":[{\"@type\":\"ListItem\",\"position\":1,\"name\":\"Home\",\"item\":\"https:\\\/\\\/neurodegenerationresearch.eu\\\/\"},{\"@type\":\"ListItem\",\"position\":2,\"name\":\"Acerca del JPND\"}]},{\"@type\":\"WebSite\",\"@id\":\"https:\\\/\\\/neurodegenerationresearch.eu\\\/#website\",\"url\":\"https:\\\/\\\/neurodegenerationresearch.eu\\\/\",\"name\":\"JPND Neurodegenerative Disease Research\",\"description\":\"Neurodegenerative Disease Research\",\"publisher\":{\"@id\":\"https:\\\/\\\/neurodegenerationresearch.eu\\\/#organization\"},\"potentialAction\":[{\"@type\":\"SearchAction\",\"target\":{\"@type\":\"EntryPoint\",\"urlTemplate\":\"https:\\\/\\\/neurodegenerationresearch.eu\\\/?s={search_term_string}\"},\"query-input\":{\"@type\":\"PropertyValueSpecification\",\"valueRequired\":true,\"valueName\":\"search_term_string\"}}],\"inLanguage\":\"es\"},{\"@type\":\"Organization\",\"@id\":\"https:\\\/\\\/neurodegenerationresearch.eu\\\/#organization\",\"name\":\"JPND\",\"url\":\"https:\\\/\\\/neurodegenerationresearch.eu\\\/\",\"logo\":{\"@type\":\"ImageObject\",\"inLanguage\":\"es\",\"@id\":\"https:\\\/\\\/neurodegenerationresearch.eu\\\/#\\\/schema\\\/logo\\\/image\\\/\",\"url\":\"https:\\\/\\\/www.neurodegenerationresearch.eu\\\/wp-content\\\/uploads\\\/2022\\\/03\\\/logo.png\",\"contentUrl\":\"https:\\\/\\\/www.neurodegenerationresearch.eu\\\/wp-content\\\/uploads\\\/2022\\\/03\\\/logo.png\",\"width\":248,\"height\":129,\"caption\":\"JPND\"},\"image\":{\"@id\":\"https:\\\/\\\/neurodegenerationresearch.eu\\\/#\\\/schema\\\/logo\\\/image\\\/\"},\"sameAs\":[\"https:\\\/\\\/x.com\\\/JPNDeurope\"]}]}<\/script>\n<!-- \/ Yoast SEO plugin. -->","yoast_head_json":{"title":"Acerca del JPND - JPND Neurodegenerative Disease Research","robots":{"index":"index","follow":"follow","max-snippet":"max-snippet:-1","max-image-preview":"max-image-preview:large","max-video-preview":"max-video-preview:-1"},"canonical":"https:\/\/neurodegenerationresearch.eu\/es\/acerca-del-jpnd\/","og_locale":"es_ES","og_type":"article","og_title":"Acerca del JPND - JPND Neurodegenerative Disease Research","og_description":"[vc_row][vc_column width=\u00bb1\/1&#8243;][vc_column_text] Acerca del JPND [\/vc_column_text][vc_column_text] El programa conjunto de [&hellip;]","og_url":"https:\/\/neurodegenerationresearch.eu\/es\/acerca-del-jpnd\/","og_site_name":"JPND Neurodegenerative Disease Research","og_image":[{"url":"https:\/\/www.neurodegenerationresearch.eu\/typo3temp\/pics\/3b51d0e84a.jpg","type":"","width":"","height":""}],"twitter_card":"summary_large_image","twitter_site":"@JPNDeurope","twitter_misc":{"Tiempo de lectura":"1 minuto"},"schema":{"@context":"https:\/\/schema.org","@graph":[{"@type":"WebPage","@id":"https:\/\/neurodegenerationresearch.eu\/es\/acerca-del-jpnd\/","url":"https:\/\/neurodegenerationresearch.eu\/es\/acerca-del-jpnd\/","name":"Acerca del JPND - JPND Neurodegenerative Disease Research","isPartOf":{"@id":"https:\/\/neurodegenerationresearch.eu\/#website"},"primaryImageOfPage":{"@id":"https:\/\/neurodegenerationresearch.eu\/es\/acerca-del-jpnd\/#primaryimage"},"image":{"@id":"https:\/\/neurodegenerationresearch.eu\/es\/acerca-del-jpnd\/#primaryimage"},"thumbnailUrl":"https:\/\/www.neurodegenerationresearch.eu\/typo3temp\/pics\/3b51d0e84a.jpg","datePublished":"2017-04-25T11:34:22+00:00","breadcrumb":{"@id":"https:\/\/neurodegenerationresearch.eu\/es\/acerca-del-jpnd\/#breadcrumb"},"inLanguage":"es","potentialAction":[{"@type":"ReadAction","target":["https:\/\/neurodegenerationresearch.eu\/es\/acerca-del-jpnd\/"]}]},{"@type":"ImageObject","inLanguage":"es","@id":"https:\/\/neurodegenerationresearch.eu\/es\/acerca-del-jpnd\/#primaryimage","url":"https:\/\/www.neurodegenerationresearch.eu\/typo3temp\/pics\/3b51d0e84a.jpg","contentUrl":"https:\/\/www.neurodegenerationresearch.eu\/typo3temp\/pics\/3b51d0e84a.jpg"},{"@type":"BreadcrumbList","@id":"https:\/\/neurodegenerationresearch.eu\/es\/acerca-del-jpnd\/#breadcrumb","itemListElement":[{"@type":"ListItem","position":1,"name":"Home","item":"https:\/\/neurodegenerationresearch.eu\/"},{"@type":"ListItem","position":2,"name":"Acerca del JPND"}]},{"@type":"WebSite","@id":"https:\/\/neurodegenerationresearch.eu\/#website","url":"https:\/\/neurodegenerationresearch.eu\/","name":"JPND Neurodegenerative Disease Research","description":"Neurodegenerative Disease Research","publisher":{"@id":"https:\/\/neurodegenerationresearch.eu\/#organization"},"potentialAction":[{"@type":"SearchAction","target":{"@type":"EntryPoint","urlTemplate":"https:\/\/neurodegenerationresearch.eu\/?s={search_term_string}"},"query-input":{"@type":"PropertyValueSpecification","valueRequired":true,"valueName":"search_term_string"}}],"inLanguage":"es"},{"@type":"Organization","@id":"https:\/\/neurodegenerationresearch.eu\/#organization","name":"JPND","url":"https:\/\/neurodegenerationresearch.eu\/","logo":{"@type":"ImageObject","inLanguage":"es","@id":"https:\/\/neurodegenerationresearch.eu\/#\/schema\/logo\/image\/","url":"https:\/\/www.neurodegenerationresearch.eu\/wp-content\/uploads\/2022\/03\/logo.png","contentUrl":"https:\/\/www.neurodegenerationresearch.eu\/wp-content\/uploads\/2022\/03\/logo.png","width":248,"height":129,"caption":"JPND"},"image":{"@id":"https:\/\/neurodegenerationresearch.eu\/#\/schema\/logo\/image\/"},"sameAs":["https:\/\/x.com\/JPNDeurope"]}]}},"_links":{"self":[{"href":"https:\/\/neurodegenerationresearch.eu\/es\/wp-json\/wp\/v2\/pages\/7828","targetHints":{"allow":["GET"]}}],"collection":[{"href":"https:\/\/neurodegenerationresearch.eu\/es\/wp-json\/wp\/v2\/pages"}],"about":[{"href":"https:\/\/neurodegenerationresearch.eu\/es\/wp-json\/wp\/v2\/types\/page"}],"author":[{"embeddable":true,"href":"https:\/\/neurodegenerationresearch.eu\/es\/wp-json\/wp\/v2\/users\/3"}],"replies":[{"embeddable":true,"href":"https:\/\/neurodegenerationresearch.eu\/es\/wp-json\/wp\/v2\/comments?post=7828"}],"version-history":[{"count":0,"href":"https:\/\/neurodegenerationresearch.eu\/es\/wp-json\/wp\/v2\/pages\/7828\/revisions"}],"wp:attachment":[{"href":"https:\/\/neurodegenerationresearch.eu\/es\/wp-json\/wp\/v2\/media?parent=7828"}],"curies":[{"name":"wp","href":"https:\/\/api.w.org\/{rel}","templated":true}]}}