{"id":7819,"date":"2017-04-25T11:17:56","date_gmt":"2017-04-25T11:17:56","guid":{"rendered":"http:\/\/www.neurodegenerationresearch.eu\/?page_id=7819\/"},"modified":"2017-04-25T11:17:56","modified_gmt":"2017-04-25T11:17:56","slug":"tietoa-jpndsta","status":"publish","type":"page","link":"https:\/\/neurodegenerationresearch.eu\/fi\/tietoa-jpndsta\/","title":{"rendered":"Tietoa JPND:st\u00e4"},"content":{"rendered":"<div class=\"wpb-content-wrapper\">[vc_row][vc_column width=&#8221;1\/1&#8243;][vc_column_text]\n<p><strong>Tietoa JPND:st\u00e4<\/strong><\/p>\n<div class=\"separator\"><\/div>[\/vc_column_text][vc_column_text]<img loading=\"lazy\" decoding=\"async\" class=\"gmail- alignright\" title=\"A key component of this research will be to examine the best overall healthcare models to treat neurodegenerative disease\" src=\"https:\/\/www.neurodegenerationresearch.eu\/typo3temp\/pics\/3b51d0e84a.jpg\" alt=\"A key component of this research will be to examine the best overall healthcare models to treat neurodegenerative disease\" width=\"200\" height=\"134\" \/><\/p>\n<p>EU:n yhteisohjelma \u2013 Neurodegenerative Disease Research (JPND) on suurin maailmanlaajuinen tutkimusohjelma, joka selvitt\u00e4\u00e4 neurodegeneratiivisten sairauksien haasteita. JPND pyrkii lis\u00e4\u00e4m\u00e4\u00e4n osallistujamaiden kesken koordinoituja panoksia tutkimukseen, joka pyrkii l\u00f6yt\u00e4m\u00e4\u00e4n sairauden syit\u00e4, kehitt\u00e4m\u00e4\u00e4n parannuskeinoja ja tunnistamaan sopivia tapoja hoitaa neurodegeneratiivisia sairauksia.<\/p>\n<p>JPND:n t\u00e4rkeimp\u00e4n\u00e4 tavoitteena on l\u00f6yt\u00e4\u00e4 hoitokeinoja neurodegeneratiivisiin sairauksiin, jotta voidaan aikaistaa diagnoosia ja aloittaa varhaisessa vaiheessa kohdistetut hoidot. Ei ole kuitenkaan mahdollista antaa lopullisia ennusteita siit\u00e4, kuinka kauan t\u00e4m\u00e4 saattaa vied\u00e4.<\/p>\n<p>Toistaiseksi JPND on tutkimusstrategiansa kautta tunnistanut yleisi\u00e4 tutkimustavoitteita, jotka hy\u00f6tyisiv\u00e4t yhteisest\u00e4 toiminnasta maiden v\u00e4lill\u00e4 ja edist\u00e4isiv\u00e4t sellaisia ratkaisuja, jotka voivat lievitt\u00e4\u00e4 oireita ja v\u00e4hent\u00e4\u00e4 sosiaalista ja taloudellista taakkaa potilaille, perheille ja terveydenhuoltoj\u00e4rjestelmille.<\/p>\n<p><strong>T\u00e4ss\u00e4 ty\u00f6ss\u00e4 on kolme p\u00e4\u00e4osaa: <\/strong><\/p>\n<ul>\n<li>Sairauden tieteellisen ymm\u00e4rryksen lis\u00e4\u00e4minen.<\/li>\n<li>Sellaisten l\u00e4\u00e4kinn\u00e4llisten ty\u00f6kalujen kehitt\u00e4minen, jotka auttavat l\u00e4\u00e4k\u00e4reit\u00e4 tunnistamaan ja hoitamaan sairautta.<\/li>\n<li>Saatavana olevien sosiaali- ja terveyspalveluiden ja rakenteiden parantaminen potilaiden, heid\u00e4n perheidens\u00e4 ja palveluiden tarjoajien auttamiseksi, jotta potilaat voivat saada parasta mahdollista hoitoa sairautensa kaikissa vaiheissa.<\/li>\n<\/ul>\n<p>&nbsp;<\/p>\n[\/vc_column_text][\/vc_column][\/vc_row]\n<\/div>","protected":false},"excerpt":{"rendered":"<p>[vc_row][vc_column width=&#8221;1\/1&#8243;][vc_column_text] Tietoa JPND:st\u00e4 [\/vc_column_text][vc_column_text] EU:n yhteisohjelma \u2013 Neurodegenerative Disease [&hellip;]<\/p>\n<a href=\"https:\/\/neurodegenerationresearch.eu\/fi\/tietoa-jpndsta\/\">View Post<\/a>","protected":false},"author":3,"featured_media":0,"parent":0,"menu_order":134,"comment_status":"closed","ping_status":"closed","template":"page-templates\/side-nav.php","meta":{"_acf_changed":false,"footnotes":""},"class_list":["post-7819","page","type-page","status-publish","hentry"],"acf":[],"yoast_head":"<!-- This site is optimized with the Yoast SEO plugin v27.4 - https:\/\/yoast.com\/product\/yoast-seo-wordpress\/ -->\n<title>Tietoa JPND:st\u00e4 - JPND Neurodegenerative Disease Research<\/title>\n<meta name=\"robots\" content=\"index, follow, max-snippet:-1, max-image-preview:large, max-video-preview:-1\" \/>\n<link rel=\"canonical\" href=\"https:\/\/neurodegenerationresearch.eu\/fi\/tietoa-jpndsta\/\" \/>\n<meta property=\"og:locale\" content=\"fi_FI\" \/>\n<meta property=\"og:type\" content=\"article\" \/>\n<meta property=\"og:title\" content=\"Tietoa JPND:st\u00e4 - JPND Neurodegenerative Disease Research\" \/>\n<meta property=\"og:description\" content=\"[vc_row][vc_column width=&#8221;1\/1&#8243;][vc_column_text] Tietoa JPND:st\u00e4 [\/vc_column_text][vc_column_text] EU:n yhteisohjelma \u2013 Neurodegenerative Disease [&hellip;]\" \/>\n<meta property=\"og:url\" content=\"https:\/\/neurodegenerationresearch.eu\/fi\/tietoa-jpndsta\/\" \/>\n<meta property=\"og:site_name\" content=\"JPND Neurodegenerative Disease Research\" \/>\n<meta property=\"og:image\" content=\"https:\/\/www.neurodegenerationresearch.eu\/typo3temp\/pics\/3b51d0e84a.jpg\" \/>\n<meta name=\"twitter:card\" content=\"summary_large_image\" \/>\n<meta name=\"twitter:site\" content=\"@JPNDeurope\" \/>\n<meta name=\"twitter:label1\" content=\"Est. reading time\" \/>\n\t<meta name=\"twitter:data1\" content=\"1 minute\" \/>\n<script type=\"application\/ld+json\" class=\"yoast-schema-graph\">{\"@context\":\"https:\\\/\\\/schema.org\",\"@graph\":[{\"@type\":\"WebPage\",\"@id\":\"https:\\\/\\\/neurodegenerationresearch.eu\\\/fi\\\/tietoa-jpndsta\\\/\",\"url\":\"https:\\\/\\\/neurodegenerationresearch.eu\\\/fi\\\/tietoa-jpndsta\\\/\",\"name\":\"Tietoa JPND:st\u00e4 - JPND Neurodegenerative Disease Research\",\"isPartOf\":{\"@id\":\"https:\\\/\\\/neurodegenerationresearch.eu\\\/#website\"},\"primaryImageOfPage\":{\"@id\":\"https:\\\/\\\/neurodegenerationresearch.eu\\\/fi\\\/tietoa-jpndsta\\\/#primaryimage\"},\"image\":{\"@id\":\"https:\\\/\\\/neurodegenerationresearch.eu\\\/fi\\\/tietoa-jpndsta\\\/#primaryimage\"},\"thumbnailUrl\":\"https:\\\/\\\/www.neurodegenerationresearch.eu\\\/typo3temp\\\/pics\\\/3b51d0e84a.jpg\",\"datePublished\":\"2017-04-25T11:17:56+00:00\",\"breadcrumb\":{\"@id\":\"https:\\\/\\\/neurodegenerationresearch.eu\\\/fi\\\/tietoa-jpndsta\\\/#breadcrumb\"},\"inLanguage\":\"fi-FI\",\"potentialAction\":[{\"@type\":\"ReadAction\",\"target\":[\"https:\\\/\\\/neurodegenerationresearch.eu\\\/fi\\\/tietoa-jpndsta\\\/\"]}]},{\"@type\":\"ImageObject\",\"inLanguage\":\"fi-FI\",\"@id\":\"https:\\\/\\\/neurodegenerationresearch.eu\\\/fi\\\/tietoa-jpndsta\\\/#primaryimage\",\"url\":\"https:\\\/\\\/www.neurodegenerationresearch.eu\\\/typo3temp\\\/pics\\\/3b51d0e84a.jpg\",\"contentUrl\":\"https:\\\/\\\/www.neurodegenerationresearch.eu\\\/typo3temp\\\/pics\\\/3b51d0e84a.jpg\"},{\"@type\":\"BreadcrumbList\",\"@id\":\"https:\\\/\\\/neurodegenerationresearch.eu\\\/fi\\\/tietoa-jpndsta\\\/#breadcrumb\",\"itemListElement\":[{\"@type\":\"ListItem\",\"position\":1,\"name\":\"Home\",\"item\":\"https:\\\/\\\/neurodegenerationresearch.eu\\\/\"},{\"@type\":\"ListItem\",\"position\":2,\"name\":\"Tietoa JPND:st\u00e4\"}]},{\"@type\":\"WebSite\",\"@id\":\"https:\\\/\\\/neurodegenerationresearch.eu\\\/#website\",\"url\":\"https:\\\/\\\/neurodegenerationresearch.eu\\\/\",\"name\":\"JPND Neurodegenerative Disease Research\",\"description\":\"Neurodegenerative Disease Research\",\"publisher\":{\"@id\":\"https:\\\/\\\/neurodegenerationresearch.eu\\\/#organization\"},\"potentialAction\":[{\"@type\":\"SearchAction\",\"target\":{\"@type\":\"EntryPoint\",\"urlTemplate\":\"https:\\\/\\\/neurodegenerationresearch.eu\\\/?s={search_term_string}\"},\"query-input\":{\"@type\":\"PropertyValueSpecification\",\"valueRequired\":true,\"valueName\":\"search_term_string\"}}],\"inLanguage\":\"fi-FI\"},{\"@type\":\"Organization\",\"@id\":\"https:\\\/\\\/neurodegenerationresearch.eu\\\/#organization\",\"name\":\"JPND\",\"url\":\"https:\\\/\\\/neurodegenerationresearch.eu\\\/\",\"logo\":{\"@type\":\"ImageObject\",\"inLanguage\":\"fi-FI\",\"@id\":\"https:\\\/\\\/neurodegenerationresearch.eu\\\/#\\\/schema\\\/logo\\\/image\\\/\",\"url\":\"https:\\\/\\\/www.neurodegenerationresearch.eu\\\/wp-content\\\/uploads\\\/2022\\\/03\\\/logo.png\",\"contentUrl\":\"https:\\\/\\\/www.neurodegenerationresearch.eu\\\/wp-content\\\/uploads\\\/2022\\\/03\\\/logo.png\",\"width\":248,\"height\":129,\"caption\":\"JPND\"},\"image\":{\"@id\":\"https:\\\/\\\/neurodegenerationresearch.eu\\\/#\\\/schema\\\/logo\\\/image\\\/\"},\"sameAs\":[\"https:\\\/\\\/x.com\\\/JPNDeurope\"]}]}<\/script>\n<!-- \/ Yoast SEO plugin. -->","yoast_head_json":{"title":"Tietoa JPND:st\u00e4 - JPND Neurodegenerative Disease Research","robots":{"index":"index","follow":"follow","max-snippet":"max-snippet:-1","max-image-preview":"max-image-preview:large","max-video-preview":"max-video-preview:-1"},"canonical":"https:\/\/neurodegenerationresearch.eu\/fi\/tietoa-jpndsta\/","og_locale":"fi_FI","og_type":"article","og_title":"Tietoa JPND:st\u00e4 - JPND Neurodegenerative Disease Research","og_description":"[vc_row][vc_column width=&#8221;1\/1&#8243;][vc_column_text] Tietoa JPND:st\u00e4 [\/vc_column_text][vc_column_text] EU:n yhteisohjelma \u2013 Neurodegenerative Disease [&hellip;]","og_url":"https:\/\/neurodegenerationresearch.eu\/fi\/tietoa-jpndsta\/","og_site_name":"JPND Neurodegenerative Disease Research","og_image":[{"url":"https:\/\/www.neurodegenerationresearch.eu\/typo3temp\/pics\/3b51d0e84a.jpg","type":"","width":"","height":""}],"twitter_card":"summary_large_image","twitter_site":"@JPNDeurope","twitter_misc":{"Est. reading time":"1 minute"},"schema":{"@context":"https:\/\/schema.org","@graph":[{"@type":"WebPage","@id":"https:\/\/neurodegenerationresearch.eu\/fi\/tietoa-jpndsta\/","url":"https:\/\/neurodegenerationresearch.eu\/fi\/tietoa-jpndsta\/","name":"Tietoa JPND:st\u00e4 - JPND Neurodegenerative Disease Research","isPartOf":{"@id":"https:\/\/neurodegenerationresearch.eu\/#website"},"primaryImageOfPage":{"@id":"https:\/\/neurodegenerationresearch.eu\/fi\/tietoa-jpndsta\/#primaryimage"},"image":{"@id":"https:\/\/neurodegenerationresearch.eu\/fi\/tietoa-jpndsta\/#primaryimage"},"thumbnailUrl":"https:\/\/www.neurodegenerationresearch.eu\/typo3temp\/pics\/3b51d0e84a.jpg","datePublished":"2017-04-25T11:17:56+00:00","breadcrumb":{"@id":"https:\/\/neurodegenerationresearch.eu\/fi\/tietoa-jpndsta\/#breadcrumb"},"inLanguage":"fi-FI","potentialAction":[{"@type":"ReadAction","target":["https:\/\/neurodegenerationresearch.eu\/fi\/tietoa-jpndsta\/"]}]},{"@type":"ImageObject","inLanguage":"fi-FI","@id":"https:\/\/neurodegenerationresearch.eu\/fi\/tietoa-jpndsta\/#primaryimage","url":"https:\/\/www.neurodegenerationresearch.eu\/typo3temp\/pics\/3b51d0e84a.jpg","contentUrl":"https:\/\/www.neurodegenerationresearch.eu\/typo3temp\/pics\/3b51d0e84a.jpg"},{"@type":"BreadcrumbList","@id":"https:\/\/neurodegenerationresearch.eu\/fi\/tietoa-jpndsta\/#breadcrumb","itemListElement":[{"@type":"ListItem","position":1,"name":"Home","item":"https:\/\/neurodegenerationresearch.eu\/"},{"@type":"ListItem","position":2,"name":"Tietoa JPND:st\u00e4"}]},{"@type":"WebSite","@id":"https:\/\/neurodegenerationresearch.eu\/#website","url":"https:\/\/neurodegenerationresearch.eu\/","name":"JPND Neurodegenerative Disease Research","description":"Neurodegenerative Disease Research","publisher":{"@id":"https:\/\/neurodegenerationresearch.eu\/#organization"},"potentialAction":[{"@type":"SearchAction","target":{"@type":"EntryPoint","urlTemplate":"https:\/\/neurodegenerationresearch.eu\/?s={search_term_string}"},"query-input":{"@type":"PropertyValueSpecification","valueRequired":true,"valueName":"search_term_string"}}],"inLanguage":"fi-FI"},{"@type":"Organization","@id":"https:\/\/neurodegenerationresearch.eu\/#organization","name":"JPND","url":"https:\/\/neurodegenerationresearch.eu\/","logo":{"@type":"ImageObject","inLanguage":"fi-FI","@id":"https:\/\/neurodegenerationresearch.eu\/#\/schema\/logo\/image\/","url":"https:\/\/www.neurodegenerationresearch.eu\/wp-content\/uploads\/2022\/03\/logo.png","contentUrl":"https:\/\/www.neurodegenerationresearch.eu\/wp-content\/uploads\/2022\/03\/logo.png","width":248,"height":129,"caption":"JPND"},"image":{"@id":"https:\/\/neurodegenerationresearch.eu\/#\/schema\/logo\/image\/"},"sameAs":["https:\/\/x.com\/JPNDeurope"]}]}},"_links":{"self":[{"href":"https:\/\/neurodegenerationresearch.eu\/fi\/wp-json\/wp\/v2\/pages\/7819","targetHints":{"allow":["GET"]}}],"collection":[{"href":"https:\/\/neurodegenerationresearch.eu\/fi\/wp-json\/wp\/v2\/pages"}],"about":[{"href":"https:\/\/neurodegenerationresearch.eu\/fi\/wp-json\/wp\/v2\/types\/page"}],"author":[{"embeddable":true,"href":"https:\/\/neurodegenerationresearch.eu\/fi\/wp-json\/wp\/v2\/users\/3"}],"replies":[{"embeddable":true,"href":"https:\/\/neurodegenerationresearch.eu\/fi\/wp-json\/wp\/v2\/comments?post=7819"}],"version-history":[{"count":0,"href":"https:\/\/neurodegenerationresearch.eu\/fi\/wp-json\/wp\/v2\/pages\/7819\/revisions"}],"wp:attachment":[{"href":"https:\/\/neurodegenerationresearch.eu\/fi\/wp-json\/wp\/v2\/media?parent=7819"}],"curies":[{"name":"wp","href":"https:\/\/api.w.org\/{rel}","templated":true}]}}