{"id":7958,"date":"2017-04-26T13:12:19","date_gmt":"2017-04-26T13:12:19","guid":{"rendered":"http:\/\/www.neurodegenerationresearch.eu\/?page_id=7958\/"},"modified":"2017-04-26T13:12:19","modified_gmt":"2017-04-26T13:12:19","slug":"mitka-ovat-jpndn-tavoitteet","status":"publish","type":"page","link":"https:\/\/neurodegenerationresearch.eu\/fi\/mitka-ovat-jpndn-tavoitteet\/","title":{"rendered":"Mitk\u00e4 ovat JPND:n tavoitteet?"},"content":{"rendered":"<div class=\"wpb-content-wrapper\">[vc_row][vc_column][vc_column_text]\n<h3>Mitk\u00e4 ovat JPND:n tavoitteet?<\/h3>\n<div class=\"separator\"><\/div>[\/vc_column_text][vc_column_text]<a href=\"https:\/\/www.neurodegenerationresearch.eu\/wp-content\/uploads\/2010\/04\/business-goals.jpg\"><img loading=\"lazy\" decoding=\"async\" class=\"gmail-wp-image-3669 gmail- alignright\" src=\"https:\/\/www.neurodegenerationresearch.eu\/wp-content\/uploads\/2010\/04\/business-goals-300x200.jpg\" alt=\"business-goals\" width=\"207\" height=\"138\" srcset=\"https:\/\/neurodegenerationresearch.eu\/wp-content\/uploads\/2010\/04\/business-goals-300x200.jpg 300w, https:\/\/neurodegenerationresearch.eu\/wp-content\/uploads\/2010\/04\/business-goals-768x512.jpg 768w, https:\/\/neurodegenerationresearch.eu\/wp-content\/uploads\/2010\/04\/business-goals-890x594.jpg 890w, https:\/\/neurodegenerationresearch.eu\/wp-content\/uploads\/2010\/04\/business-goals.jpg 1000w\" sizes=\"auto, (max-width: 207px) 100vw, 207px\" \/><\/a><\/p>\n<p>JPND pyrkii vastaamaan neurodegeneratiivisten sairauksien aiheuttamaan kasvavaan haasteeseen ik\u00e4\u00e4ntyv\u00e4ss\u00e4 v\u00e4est\u00f6ss\u00e4mme tuomalla yhteen tutkijat, nykyisen tutkimustiedon ja kansalliset rahoittajatahot t\u00e4rkeimpien tutkimuskysymysten ja edistymisen esteiden selvitt\u00e4miseksi t\u00e4ll\u00e4 alueella.<\/p>\n<p>T\u00e4h\u00e4n p\u00e4\u00e4st\u00e4\u00e4n koordinoimalla nykyisi\u00e4 ja uusia menettelytapoja, tekem\u00e4ll\u00e4 yhteisty\u00f6t\u00e4 ja jakamalla ty\u00f6kaluja, tekniikoita ja muita resursseja tehokkaammin osallistuvien maiden kesken.<\/p>\n<p>Nykyinen strategiamme on lis\u00e4t\u00e4 koordinaatiota neurodegeneratiivisten sairauksien (ND) tutkimuksessa, joka pyrkii l\u00f6yt\u00e4m\u00e4\u00e4n sairauden syit\u00e4, kehitt\u00e4m\u00e4\u00e4n parannuskeinoja ja tunnistamaan sopivia tapoja hoitaa ND-potilaita. V\u00e4litt\u00f6m\u00e4t tavoitteemme ovat:<\/p>\n<ul>\n<li>Tuoda lis\u00e4arvoa kansallisiin panoksiin koordinoidun toiminnan kautta<\/li>\n<li>Kannustaa ND:n kansallisten tutkimusstrategioiden luomiseen<\/li>\n<li>Tehd\u00e4 yhteisty\u00f6t\u00e4 JPND:n t\u00e4yden potentiaalin saavuttamiseksi<\/li>\n<\/ul>\n[\/vc_column_text][\/vc_column][\/vc_row]\n<\/div>","protected":false},"excerpt":{"rendered":"<p>[vc_row][vc_column][vc_column_text] Mitk\u00e4 ovat JPND:n tavoitteet? [\/vc_column_text][vc_column_text] JPND pyrkii vastaamaan neurodegeneratiivisten [&hellip;]<\/p>\n<a href=\"https:\/\/neurodegenerationresearch.eu\/fi\/mitka-ovat-jpndn-tavoitteet\/\">View Post<\/a>","protected":false},"author":3,"featured_media":0,"parent":0,"menu_order":278,"comment_status":"open","ping_status":"open","template":"","meta":{"_acf_changed":false,"footnotes":""},"class_list":["post-7958","page","type-page","status-publish","hentry"],"acf":[],"yoast_head":"<!-- This site is optimized with the Yoast SEO plugin v27.4 - https:\/\/yoast.com\/product\/yoast-seo-wordpress\/ -->\n<title>Mitk\u00e4 ovat JPND:n tavoitteet? - JPND Neurodegenerative Disease Research<\/title>\n<meta name=\"robots\" content=\"index, follow, max-snippet:-1, max-image-preview:large, max-video-preview:-1\" \/>\n<link rel=\"canonical\" href=\"https:\/\/neurodegenerationresearch.eu\/fi\/mitka-ovat-jpndn-tavoitteet\/\" \/>\n<meta property=\"og:locale\" content=\"fi_FI\" \/>\n<meta property=\"og:type\" content=\"article\" \/>\n<meta property=\"og:title\" content=\"Mitk\u00e4 ovat JPND:n tavoitteet? - JPND Neurodegenerative Disease Research\" \/>\n<meta property=\"og:description\" content=\"[vc_row][vc_column][vc_column_text] Mitk\u00e4 ovat JPND:n tavoitteet? [\/vc_column_text][vc_column_text] JPND pyrkii vastaamaan neurodegeneratiivisten [&hellip;]\" \/>\n<meta property=\"og:url\" content=\"https:\/\/neurodegenerationresearch.eu\/fi\/mitka-ovat-jpndn-tavoitteet\/\" \/>\n<meta property=\"og:site_name\" content=\"JPND Neurodegenerative Disease Research\" \/>\n<meta property=\"og:image\" content=\"https:\/\/www.neurodegenerationresearch.eu\/wp-content\/uploads\/2010\/04\/business-goals-300x200.jpg\" \/>\n<meta name=\"twitter:card\" content=\"summary_large_image\" \/>\n<meta name=\"twitter:site\" content=\"@JPNDeurope\" \/>\n<meta name=\"twitter:label1\" content=\"Est. reading time\" \/>\n\t<meta name=\"twitter:data1\" content=\"1 minute\" \/>\n<script type=\"application\/ld+json\" class=\"yoast-schema-graph\">{\"@context\":\"https:\\\/\\\/schema.org\",\"@graph\":[{\"@type\":\"WebPage\",\"@id\":\"https:\\\/\\\/neurodegenerationresearch.eu\\\/fi\\\/mitka-ovat-jpndn-tavoitteet\\\/\",\"url\":\"https:\\\/\\\/neurodegenerationresearch.eu\\\/fi\\\/mitka-ovat-jpndn-tavoitteet\\\/\",\"name\":\"Mitk\u00e4 ovat JPND:n tavoitteet? - JPND Neurodegenerative Disease Research\",\"isPartOf\":{\"@id\":\"https:\\\/\\\/neurodegenerationresearch.eu\\\/#website\"},\"primaryImageOfPage\":{\"@id\":\"https:\\\/\\\/neurodegenerationresearch.eu\\\/fi\\\/mitka-ovat-jpndn-tavoitteet\\\/#primaryimage\"},\"image\":{\"@id\":\"https:\\\/\\\/neurodegenerationresearch.eu\\\/fi\\\/mitka-ovat-jpndn-tavoitteet\\\/#primaryimage\"},\"thumbnailUrl\":\"https:\\\/\\\/www.neurodegenerationresearch.eu\\\/wp-content\\\/uploads\\\/2010\\\/04\\\/business-goals-300x200.jpg\",\"datePublished\":\"2017-04-26T13:12:19+00:00\",\"breadcrumb\":{\"@id\":\"https:\\\/\\\/neurodegenerationresearch.eu\\\/fi\\\/mitka-ovat-jpndn-tavoitteet\\\/#breadcrumb\"},\"inLanguage\":\"fi-FI\",\"potentialAction\":[{\"@type\":\"ReadAction\",\"target\":[\"https:\\\/\\\/neurodegenerationresearch.eu\\\/fi\\\/mitka-ovat-jpndn-tavoitteet\\\/\"]}]},{\"@type\":\"ImageObject\",\"inLanguage\":\"fi-FI\",\"@id\":\"https:\\\/\\\/neurodegenerationresearch.eu\\\/fi\\\/mitka-ovat-jpndn-tavoitteet\\\/#primaryimage\",\"url\":\"https:\\\/\\\/www.neurodegenerationresearch.eu\\\/wp-content\\\/uploads\\\/2010\\\/04\\\/business-goals-300x200.jpg\",\"contentUrl\":\"https:\\\/\\\/www.neurodegenerationresearch.eu\\\/wp-content\\\/uploads\\\/2010\\\/04\\\/business-goals-300x200.jpg\"},{\"@type\":\"BreadcrumbList\",\"@id\":\"https:\\\/\\\/neurodegenerationresearch.eu\\\/fi\\\/mitka-ovat-jpndn-tavoitteet\\\/#breadcrumb\",\"itemListElement\":[{\"@type\":\"ListItem\",\"position\":1,\"name\":\"Home\",\"item\":\"https:\\\/\\\/neurodegenerationresearch.eu\\\/\"},{\"@type\":\"ListItem\",\"position\":2,\"name\":\"Mitk\u00e4 ovat JPND:n tavoitteet?\"}]},{\"@type\":\"WebSite\",\"@id\":\"https:\\\/\\\/neurodegenerationresearch.eu\\\/#website\",\"url\":\"https:\\\/\\\/neurodegenerationresearch.eu\\\/\",\"name\":\"JPND Neurodegenerative Disease Research\",\"description\":\"Neurodegenerative Disease Research\",\"publisher\":{\"@id\":\"https:\\\/\\\/neurodegenerationresearch.eu\\\/#organization\"},\"potentialAction\":[{\"@type\":\"SearchAction\",\"target\":{\"@type\":\"EntryPoint\",\"urlTemplate\":\"https:\\\/\\\/neurodegenerationresearch.eu\\\/?s={search_term_string}\"},\"query-input\":{\"@type\":\"PropertyValueSpecification\",\"valueRequired\":true,\"valueName\":\"search_term_string\"}}],\"inLanguage\":\"fi-FI\"},{\"@type\":\"Organization\",\"@id\":\"https:\\\/\\\/neurodegenerationresearch.eu\\\/#organization\",\"name\":\"JPND\",\"url\":\"https:\\\/\\\/neurodegenerationresearch.eu\\\/\",\"logo\":{\"@type\":\"ImageObject\",\"inLanguage\":\"fi-FI\",\"@id\":\"https:\\\/\\\/neurodegenerationresearch.eu\\\/#\\\/schema\\\/logo\\\/image\\\/\",\"url\":\"https:\\\/\\\/www.neurodegenerationresearch.eu\\\/wp-content\\\/uploads\\\/2022\\\/03\\\/logo.png\",\"contentUrl\":\"https:\\\/\\\/www.neurodegenerationresearch.eu\\\/wp-content\\\/uploads\\\/2022\\\/03\\\/logo.png\",\"width\":248,\"height\":129,\"caption\":\"JPND\"},\"image\":{\"@id\":\"https:\\\/\\\/neurodegenerationresearch.eu\\\/#\\\/schema\\\/logo\\\/image\\\/\"},\"sameAs\":[\"https:\\\/\\\/x.com\\\/JPNDeurope\"]}]}<\/script>\n<!-- \/ Yoast SEO plugin. -->","yoast_head_json":{"title":"Mitk\u00e4 ovat JPND:n tavoitteet? - JPND Neurodegenerative Disease Research","robots":{"index":"index","follow":"follow","max-snippet":"max-snippet:-1","max-image-preview":"max-image-preview:large","max-video-preview":"max-video-preview:-1"},"canonical":"https:\/\/neurodegenerationresearch.eu\/fi\/mitka-ovat-jpndn-tavoitteet\/","og_locale":"fi_FI","og_type":"article","og_title":"Mitk\u00e4 ovat JPND:n tavoitteet? - JPND Neurodegenerative Disease Research","og_description":"[vc_row][vc_column][vc_column_text] Mitk\u00e4 ovat JPND:n tavoitteet? [\/vc_column_text][vc_column_text] JPND pyrkii vastaamaan neurodegeneratiivisten [&hellip;]","og_url":"https:\/\/neurodegenerationresearch.eu\/fi\/mitka-ovat-jpndn-tavoitteet\/","og_site_name":"JPND Neurodegenerative Disease Research","og_image":[{"url":"https:\/\/www.neurodegenerationresearch.eu\/wp-content\/uploads\/2010\/04\/business-goals-300x200.jpg","type":"","width":"","height":""}],"twitter_card":"summary_large_image","twitter_site":"@JPNDeurope","twitter_misc":{"Est. reading time":"1 minute"},"schema":{"@context":"https:\/\/schema.org","@graph":[{"@type":"WebPage","@id":"https:\/\/neurodegenerationresearch.eu\/fi\/mitka-ovat-jpndn-tavoitteet\/","url":"https:\/\/neurodegenerationresearch.eu\/fi\/mitka-ovat-jpndn-tavoitteet\/","name":"Mitk\u00e4 ovat JPND:n tavoitteet? - JPND Neurodegenerative Disease Research","isPartOf":{"@id":"https:\/\/neurodegenerationresearch.eu\/#website"},"primaryImageOfPage":{"@id":"https:\/\/neurodegenerationresearch.eu\/fi\/mitka-ovat-jpndn-tavoitteet\/#primaryimage"},"image":{"@id":"https:\/\/neurodegenerationresearch.eu\/fi\/mitka-ovat-jpndn-tavoitteet\/#primaryimage"},"thumbnailUrl":"https:\/\/www.neurodegenerationresearch.eu\/wp-content\/uploads\/2010\/04\/business-goals-300x200.jpg","datePublished":"2017-04-26T13:12:19+00:00","breadcrumb":{"@id":"https:\/\/neurodegenerationresearch.eu\/fi\/mitka-ovat-jpndn-tavoitteet\/#breadcrumb"},"inLanguage":"fi-FI","potentialAction":[{"@type":"ReadAction","target":["https:\/\/neurodegenerationresearch.eu\/fi\/mitka-ovat-jpndn-tavoitteet\/"]}]},{"@type":"ImageObject","inLanguage":"fi-FI","@id":"https:\/\/neurodegenerationresearch.eu\/fi\/mitka-ovat-jpndn-tavoitteet\/#primaryimage","url":"https:\/\/www.neurodegenerationresearch.eu\/wp-content\/uploads\/2010\/04\/business-goals-300x200.jpg","contentUrl":"https:\/\/www.neurodegenerationresearch.eu\/wp-content\/uploads\/2010\/04\/business-goals-300x200.jpg"},{"@type":"BreadcrumbList","@id":"https:\/\/neurodegenerationresearch.eu\/fi\/mitka-ovat-jpndn-tavoitteet\/#breadcrumb","itemListElement":[{"@type":"ListItem","position":1,"name":"Home","item":"https:\/\/neurodegenerationresearch.eu\/"},{"@type":"ListItem","position":2,"name":"Mitk\u00e4 ovat JPND:n tavoitteet?"}]},{"@type":"WebSite","@id":"https:\/\/neurodegenerationresearch.eu\/#website","url":"https:\/\/neurodegenerationresearch.eu\/","name":"JPND Neurodegenerative Disease Research","description":"Neurodegenerative Disease Research","publisher":{"@id":"https:\/\/neurodegenerationresearch.eu\/#organization"},"potentialAction":[{"@type":"SearchAction","target":{"@type":"EntryPoint","urlTemplate":"https:\/\/neurodegenerationresearch.eu\/?s={search_term_string}"},"query-input":{"@type":"PropertyValueSpecification","valueRequired":true,"valueName":"search_term_string"}}],"inLanguage":"fi-FI"},{"@type":"Organization","@id":"https:\/\/neurodegenerationresearch.eu\/#organization","name":"JPND","url":"https:\/\/neurodegenerationresearch.eu\/","logo":{"@type":"ImageObject","inLanguage":"fi-FI","@id":"https:\/\/neurodegenerationresearch.eu\/#\/schema\/logo\/image\/","url":"https:\/\/www.neurodegenerationresearch.eu\/wp-content\/uploads\/2022\/03\/logo.png","contentUrl":"https:\/\/www.neurodegenerationresearch.eu\/wp-content\/uploads\/2022\/03\/logo.png","width":248,"height":129,"caption":"JPND"},"image":{"@id":"https:\/\/neurodegenerationresearch.eu\/#\/schema\/logo\/image\/"},"sameAs":["https:\/\/x.com\/JPNDeurope"]}]}},"_links":{"self":[{"href":"https:\/\/neurodegenerationresearch.eu\/fi\/wp-json\/wp\/v2\/pages\/7958","targetHints":{"allow":["GET"]}}],"collection":[{"href":"https:\/\/neurodegenerationresearch.eu\/fi\/wp-json\/wp\/v2\/pages"}],"about":[{"href":"https:\/\/neurodegenerationresearch.eu\/fi\/wp-json\/wp\/v2\/types\/page"}],"author":[{"embeddable":true,"href":"https:\/\/neurodegenerationresearch.eu\/fi\/wp-json\/wp\/v2\/users\/3"}],"replies":[{"embeddable":true,"href":"https:\/\/neurodegenerationresearch.eu\/fi\/wp-json\/wp\/v2\/comments?post=7958"}],"version-history":[{"count":0,"href":"https:\/\/neurodegenerationresearch.eu\/fi\/wp-json\/wp\/v2\/pages\/7958\/revisions"}],"wp:attachment":[{"href":"https:\/\/neurodegenerationresearch.eu\/fi\/wp-json\/wp\/v2\/media?parent=7958"}],"curies":[{"name":"wp","href":"https:\/\/api.w.org\/{rel}","templated":true}]}}