{"id":7885,"date":"2017-04-26T10:01:59","date_gmt":"2017-04-26T10:01:59","guid":{"rendered":"http:\/\/www.neurodegenerationresearch.eu\/?page_id=7885\/"},"modified":"2017-04-26T10:01:59","modified_gmt":"2017-04-26T10:01:59","slug":"quels-sont-les-objectifs-du-jpnd","status":"publish","type":"page","link":"https:\/\/neurodegenerationresearch.eu\/fr\/quels-sont-les-objectifs-du-jpnd\/","title":{"rendered":"Quels sont les objectifs du JPND ?"},"content":{"rendered":"<div class=\"wpb-content-wrapper\">[vc_row][vc_column][vc_column_text]\n<h3>Quels sont les objectifs du JPND\u00a0?<\/h3>\n<div class=\"separator\"><\/div>[\/vc_column_text][vc_column_text]<a href=\"https:\/\/www.neurodegenerationresearch.eu\/wp-content\/uploads\/2010\/04\/business-goals.jpg\"><img loading=\"lazy\" decoding=\"async\" class=\"gmail-wp-image-3669 gmail- alignright\" src=\"https:\/\/www.neurodegenerationresearch.eu\/wp-content\/uploads\/2010\/04\/business-goals-300x200.jpg\" alt=\"business-goals\" width=\"207\" height=\"138\" srcset=\"https:\/\/neurodegenerationresearch.eu\/wp-content\/uploads\/2010\/04\/business-goals-300x200.jpg 300w, https:\/\/neurodegenerationresearch.eu\/wp-content\/uploads\/2010\/04\/business-goals-768x512.jpg 768w, https:\/\/neurodegenerationresearch.eu\/wp-content\/uploads\/2010\/04\/business-goals-890x594.jpg 890w, https:\/\/neurodegenerationresearch.eu\/wp-content\/uploads\/2010\/04\/business-goals.jpg 1000w\" sizes=\"auto, (max-width: 207px) 100vw, 207px\" \/><\/a><\/p>\n<p>Le JPND a pour objectif de relever le d\u00e9fi croissant que repr\u00e9sentent les maladies neurod\u00e9g\u00e9n\u00e9ratives pour notre population vieillissante en rassemblant les chercheurs, les donn\u00e9es de recherche existantes et les organismes nationaux de financement pour \u00e9tudier les principales questions de recherche et les obstacles afin de progresser dans ce domaine.<\/p>\n<p>Pour atteindre cet objectif, il est n\u00e9cessaire de coordonner les approches actuelles et futures, de collaborer quand n\u00e9cessaire, ainsi que de partager les outils, techniques et autres ressources plus efficacement entre les diff\u00e9rents pays participants.<\/p>\n<p>Notre strat\u00e9gie actuelle consiste \u00e0 am\u00e9liorer la coordination des investissements dans la recherche sur les maladies neurod\u00e9g\u00e9n\u00e9ratives afin de d\u00e9terminer les causes de ces maladies, de d\u00e9velopper des traitements, et d\u2019identifier les m\u00e9thodes appropri\u00e9es pour soigner les personnes souffrant de ces maladies. Pour ce faire, nos objectifs imm\u00e9diats sont les suivants\u00a0:<\/p>\n<ul>\n<li>valoriser les investissements nationaux gr\u00e2ce \u00e0 des actions coordonn\u00e9es<\/li>\n<li>Encourager le d\u00e9veloppement des strat\u00e9gies nationales de recherche pour lutter contre les maladies neurod\u00e9g\u00e9n\u00e9ratives<\/li>\n<li>S\u2019engager dans des partenariats pour atteindre le plein potentiel du JPND<\/li>\n<\/ul>\n[\/vc_column_text][\/vc_column][\/vc_row]\n<\/div>","protected":false},"excerpt":{"rendered":"<p>[vc_row][vc_column][vc_column_text] Quels sont les objectifs du JPND\u00a0? [\/vc_column_text][vc_column_text] Le JPND [&hellip;]<\/p>\n<a href=\"https:\/\/neurodegenerationresearch.eu\/fr\/quels-sont-les-objectifs-du-jpnd\/\">View Post<\/a>","protected":false},"author":3,"featured_media":0,"parent":0,"menu_order":281,"comment_status":"open","ping_status":"open","template":"","meta":{"_acf_changed":false,"footnotes":""},"class_list":["post-7885","page","type-page","status-publish","hentry"],"acf":[],"yoast_head":"<!-- This site is optimized with the Yoast SEO plugin v27.4 - https:\/\/yoast.com\/product\/yoast-seo-wordpress\/ -->\n<title>Quels sont les objectifs du JPND ? - JPND Neurodegenerative Disease Research<\/title>\n<meta name=\"robots\" content=\"index, follow, max-snippet:-1, max-image-preview:large, max-video-preview:-1\" \/>\n<link rel=\"canonical\" href=\"https:\/\/neurodegenerationresearch.eu\/fr\/quels-sont-les-objectifs-du-jpnd\/\" \/>\n<meta property=\"og:locale\" content=\"fr_FR\" \/>\n<meta property=\"og:type\" content=\"article\" \/>\n<meta property=\"og:title\" content=\"Quels sont les objectifs du JPND ? - JPND Neurodegenerative Disease Research\" \/>\n<meta property=\"og:description\" content=\"[vc_row][vc_column][vc_column_text] Quels sont les objectifs du JPND\u00a0? [\/vc_column_text][vc_column_text] Le JPND [&hellip;]\" \/>\n<meta property=\"og:url\" content=\"https:\/\/neurodegenerationresearch.eu\/fr\/quels-sont-les-objectifs-du-jpnd\/\" \/>\n<meta property=\"og:site_name\" content=\"JPND Neurodegenerative Disease Research\" \/>\n<meta property=\"og:image\" content=\"https:\/\/www.neurodegenerationresearch.eu\/wp-content\/uploads\/2010\/04\/business-goals-300x200.jpg\" \/>\n<meta name=\"twitter:card\" content=\"summary_large_image\" \/>\n<meta name=\"twitter:site\" content=\"@JPNDeurope\" \/>\n<meta name=\"twitter:label1\" content=\"Dur\u00e9e de lecture estim\u00e9e\" \/>\n\t<meta name=\"twitter:data1\" content=\"1 minute\" \/>\n<script type=\"application\/ld+json\" class=\"yoast-schema-graph\">{\"@context\":\"https:\\\/\\\/schema.org\",\"@graph\":[{\"@type\":\"WebPage\",\"@id\":\"https:\\\/\\\/neurodegenerationresearch.eu\\\/fr\\\/quels-sont-les-objectifs-du-jpnd\\\/\",\"url\":\"https:\\\/\\\/neurodegenerationresearch.eu\\\/fr\\\/quels-sont-les-objectifs-du-jpnd\\\/\",\"name\":\"Quels sont les objectifs du JPND ? - JPND Neurodegenerative Disease Research\",\"isPartOf\":{\"@id\":\"https:\\\/\\\/neurodegenerationresearch.eu\\\/#website\"},\"primaryImageOfPage\":{\"@id\":\"https:\\\/\\\/neurodegenerationresearch.eu\\\/fr\\\/quels-sont-les-objectifs-du-jpnd\\\/#primaryimage\"},\"image\":{\"@id\":\"https:\\\/\\\/neurodegenerationresearch.eu\\\/fr\\\/quels-sont-les-objectifs-du-jpnd\\\/#primaryimage\"},\"thumbnailUrl\":\"https:\\\/\\\/www.neurodegenerationresearch.eu\\\/wp-content\\\/uploads\\\/2010\\\/04\\\/business-goals-300x200.jpg\",\"datePublished\":\"2017-04-26T10:01:59+00:00\",\"breadcrumb\":{\"@id\":\"https:\\\/\\\/neurodegenerationresearch.eu\\\/fr\\\/quels-sont-les-objectifs-du-jpnd\\\/#breadcrumb\"},\"inLanguage\":\"fr-FR\",\"potentialAction\":[{\"@type\":\"ReadAction\",\"target\":[\"https:\\\/\\\/neurodegenerationresearch.eu\\\/fr\\\/quels-sont-les-objectifs-du-jpnd\\\/\"]}]},{\"@type\":\"ImageObject\",\"inLanguage\":\"fr-FR\",\"@id\":\"https:\\\/\\\/neurodegenerationresearch.eu\\\/fr\\\/quels-sont-les-objectifs-du-jpnd\\\/#primaryimage\",\"url\":\"https:\\\/\\\/www.neurodegenerationresearch.eu\\\/wp-content\\\/uploads\\\/2010\\\/04\\\/business-goals-300x200.jpg\",\"contentUrl\":\"https:\\\/\\\/www.neurodegenerationresearch.eu\\\/wp-content\\\/uploads\\\/2010\\\/04\\\/business-goals-300x200.jpg\"},{\"@type\":\"BreadcrumbList\",\"@id\":\"https:\\\/\\\/neurodegenerationresearch.eu\\\/fr\\\/quels-sont-les-objectifs-du-jpnd\\\/#breadcrumb\",\"itemListElement\":[{\"@type\":\"ListItem\",\"position\":1,\"name\":\"Home\",\"item\":\"https:\\\/\\\/neurodegenerationresearch.eu\\\/\"},{\"@type\":\"ListItem\",\"position\":2,\"name\":\"Quels sont les objectifs du JPND ?\"}]},{\"@type\":\"WebSite\",\"@id\":\"https:\\\/\\\/neurodegenerationresearch.eu\\\/#website\",\"url\":\"https:\\\/\\\/neurodegenerationresearch.eu\\\/\",\"name\":\"JPND Neurodegenerative Disease Research\",\"description\":\"Neurodegenerative Disease Research\",\"publisher\":{\"@id\":\"https:\\\/\\\/neurodegenerationresearch.eu\\\/#organization\"},\"potentialAction\":[{\"@type\":\"SearchAction\",\"target\":{\"@type\":\"EntryPoint\",\"urlTemplate\":\"https:\\\/\\\/neurodegenerationresearch.eu\\\/?s={search_term_string}\"},\"query-input\":{\"@type\":\"PropertyValueSpecification\",\"valueRequired\":true,\"valueName\":\"search_term_string\"}}],\"inLanguage\":\"fr-FR\"},{\"@type\":\"Organization\",\"@id\":\"https:\\\/\\\/neurodegenerationresearch.eu\\\/#organization\",\"name\":\"JPND\",\"url\":\"https:\\\/\\\/neurodegenerationresearch.eu\\\/\",\"logo\":{\"@type\":\"ImageObject\",\"inLanguage\":\"fr-FR\",\"@id\":\"https:\\\/\\\/neurodegenerationresearch.eu\\\/#\\\/schema\\\/logo\\\/image\\\/\",\"url\":\"https:\\\/\\\/www.neurodegenerationresearch.eu\\\/wp-content\\\/uploads\\\/2022\\\/03\\\/logo.png\",\"contentUrl\":\"https:\\\/\\\/www.neurodegenerationresearch.eu\\\/wp-content\\\/uploads\\\/2022\\\/03\\\/logo.png\",\"width\":248,\"height\":129,\"caption\":\"JPND\"},\"image\":{\"@id\":\"https:\\\/\\\/neurodegenerationresearch.eu\\\/#\\\/schema\\\/logo\\\/image\\\/\"},\"sameAs\":[\"https:\\\/\\\/x.com\\\/JPNDeurope\"]}]}<\/script>\n<!-- \/ Yoast SEO plugin. -->","yoast_head_json":{"title":"Quels sont les objectifs du JPND ? - JPND Neurodegenerative Disease Research","robots":{"index":"index","follow":"follow","max-snippet":"max-snippet:-1","max-image-preview":"max-image-preview:large","max-video-preview":"max-video-preview:-1"},"canonical":"https:\/\/neurodegenerationresearch.eu\/fr\/quels-sont-les-objectifs-du-jpnd\/","og_locale":"fr_FR","og_type":"article","og_title":"Quels sont les objectifs du JPND ? - JPND Neurodegenerative Disease Research","og_description":"[vc_row][vc_column][vc_column_text] Quels sont les objectifs du JPND\u00a0? [\/vc_column_text][vc_column_text] Le JPND [&hellip;]","og_url":"https:\/\/neurodegenerationresearch.eu\/fr\/quels-sont-les-objectifs-du-jpnd\/","og_site_name":"JPND Neurodegenerative Disease Research","og_image":[{"url":"https:\/\/www.neurodegenerationresearch.eu\/wp-content\/uploads\/2010\/04\/business-goals-300x200.jpg","type":"","width":"","height":""}],"twitter_card":"summary_large_image","twitter_site":"@JPNDeurope","twitter_misc":{"Dur\u00e9e de lecture estim\u00e9e":"1 minute"},"schema":{"@context":"https:\/\/schema.org","@graph":[{"@type":"WebPage","@id":"https:\/\/neurodegenerationresearch.eu\/fr\/quels-sont-les-objectifs-du-jpnd\/","url":"https:\/\/neurodegenerationresearch.eu\/fr\/quels-sont-les-objectifs-du-jpnd\/","name":"Quels sont les objectifs du JPND ? - JPND Neurodegenerative Disease Research","isPartOf":{"@id":"https:\/\/neurodegenerationresearch.eu\/#website"},"primaryImageOfPage":{"@id":"https:\/\/neurodegenerationresearch.eu\/fr\/quels-sont-les-objectifs-du-jpnd\/#primaryimage"},"image":{"@id":"https:\/\/neurodegenerationresearch.eu\/fr\/quels-sont-les-objectifs-du-jpnd\/#primaryimage"},"thumbnailUrl":"https:\/\/www.neurodegenerationresearch.eu\/wp-content\/uploads\/2010\/04\/business-goals-300x200.jpg","datePublished":"2017-04-26T10:01:59+00:00","breadcrumb":{"@id":"https:\/\/neurodegenerationresearch.eu\/fr\/quels-sont-les-objectifs-du-jpnd\/#breadcrumb"},"inLanguage":"fr-FR","potentialAction":[{"@type":"ReadAction","target":["https:\/\/neurodegenerationresearch.eu\/fr\/quels-sont-les-objectifs-du-jpnd\/"]}]},{"@type":"ImageObject","inLanguage":"fr-FR","@id":"https:\/\/neurodegenerationresearch.eu\/fr\/quels-sont-les-objectifs-du-jpnd\/#primaryimage","url":"https:\/\/www.neurodegenerationresearch.eu\/wp-content\/uploads\/2010\/04\/business-goals-300x200.jpg","contentUrl":"https:\/\/www.neurodegenerationresearch.eu\/wp-content\/uploads\/2010\/04\/business-goals-300x200.jpg"},{"@type":"BreadcrumbList","@id":"https:\/\/neurodegenerationresearch.eu\/fr\/quels-sont-les-objectifs-du-jpnd\/#breadcrumb","itemListElement":[{"@type":"ListItem","position":1,"name":"Home","item":"https:\/\/neurodegenerationresearch.eu\/"},{"@type":"ListItem","position":2,"name":"Quels sont les objectifs du JPND ?"}]},{"@type":"WebSite","@id":"https:\/\/neurodegenerationresearch.eu\/#website","url":"https:\/\/neurodegenerationresearch.eu\/","name":"JPND Neurodegenerative Disease Research","description":"Neurodegenerative Disease Research","publisher":{"@id":"https:\/\/neurodegenerationresearch.eu\/#organization"},"potentialAction":[{"@type":"SearchAction","target":{"@type":"EntryPoint","urlTemplate":"https:\/\/neurodegenerationresearch.eu\/?s={search_term_string}"},"query-input":{"@type":"PropertyValueSpecification","valueRequired":true,"valueName":"search_term_string"}}],"inLanguage":"fr-FR"},{"@type":"Organization","@id":"https:\/\/neurodegenerationresearch.eu\/#organization","name":"JPND","url":"https:\/\/neurodegenerationresearch.eu\/","logo":{"@type":"ImageObject","inLanguage":"fr-FR","@id":"https:\/\/neurodegenerationresearch.eu\/#\/schema\/logo\/image\/","url":"https:\/\/www.neurodegenerationresearch.eu\/wp-content\/uploads\/2022\/03\/logo.png","contentUrl":"https:\/\/www.neurodegenerationresearch.eu\/wp-content\/uploads\/2022\/03\/logo.png","width":248,"height":129,"caption":"JPND"},"image":{"@id":"https:\/\/neurodegenerationresearch.eu\/#\/schema\/logo\/image\/"},"sameAs":["https:\/\/x.com\/JPNDeurope"]}]}},"_links":{"self":[{"href":"https:\/\/neurodegenerationresearch.eu\/fr\/wp-json\/wp\/v2\/pages\/7885","targetHints":{"allow":["GET"]}}],"collection":[{"href":"https:\/\/neurodegenerationresearch.eu\/fr\/wp-json\/wp\/v2\/pages"}],"about":[{"href":"https:\/\/neurodegenerationresearch.eu\/fr\/wp-json\/wp\/v2\/types\/page"}],"author":[{"embeddable":true,"href":"https:\/\/neurodegenerationresearch.eu\/fr\/wp-json\/wp\/v2\/users\/3"}],"replies":[{"embeddable":true,"href":"https:\/\/neurodegenerationresearch.eu\/fr\/wp-json\/wp\/v2\/comments?post=7885"}],"version-history":[{"count":0,"href":"https:\/\/neurodegenerationresearch.eu\/fr\/wp-json\/wp\/v2\/pages\/7885\/revisions"}],"wp:attachment":[{"href":"https:\/\/neurodegenerationresearch.eu\/fr\/wp-json\/wp\/v2\/media?parent=7885"}],"curies":[{"name":"wp","href":"https:\/\/api.w.org\/{rel}","templated":true}]}}