{"id":7900,"date":"2017-04-26T11:24:08","date_gmt":"2017-04-26T11:24:08","guid":{"rendered":"http:\/\/www.neurodegenerationresearch.eu\/?page_id=7900\/"},"modified":"2017-04-26T11:24:08","modified_gmt":"2017-04-26T11:24:08","slug":"koji-su-ciljevi-jpnd-inicijative","status":"publish","type":"page","link":"https:\/\/neurodegenerationresearch.eu\/hr\/koji-su-ciljevi-jpnd-inicijative\/","title":{"rendered":"Koji su ciljevi JPND inicijative?"},"content":{"rendered":"<div class=\"wpb-content-wrapper\">[vc_row][vc_column][vc_column_text]\n<h3>Koji su ciljevi JPND inicijative?<\/h3>\n<div class=\"separator\"><\/div>[\/vc_column_text][vc_column_text]<a href=\"https:\/\/www.neurodegenerationresearch.eu\/wp-content\/uploads\/2010\/04\/business-goals.jpg\"><img loading=\"lazy\" decoding=\"async\" class=\"gmail-wp-image-3669 gmail- alignright\" src=\"https:\/\/www.neurodegenerationresearch.eu\/wp-content\/uploads\/2010\/04\/business-goals-300x200.jpg\" alt=\"business-goals\" width=\"207\" height=\"138\" srcset=\"https:\/\/neurodegenerationresearch.eu\/wp-content\/uploads\/2010\/04\/business-goals-300x200.jpg 300w, https:\/\/neurodegenerationresearch.eu\/wp-content\/uploads\/2010\/04\/business-goals-768x512.jpg 768w, https:\/\/neurodegenerationresearch.eu\/wp-content\/uploads\/2010\/04\/business-goals-890x594.jpg 890w, https:\/\/neurodegenerationresearch.eu\/wp-content\/uploads\/2010\/04\/business-goals.jpg 1000w\" sizes=\"auto, (max-width: 207px) 100vw, 207px\" \/><\/a><\/p>\n<p>JPND se suo\u010dava sa sve ve\u0107im izazovima neurodegenerativnih bolesti u starijoj populaciji zdru\u017eivanjem istra\u017eiva\u010da, istra\u017eivanja temeljenih na dokazima i nacionalnih zaklada s ciljem istra\u017eivanja najva\u017enijih pitanja i prepreka radi postizanja napretka na ovom polju.<\/p>\n<p>To se posti\u017ee koordiniranjem sada\u0161njih i budu\u0107ih koncepata, suradnjom i \u0161to u\u010dinkovitijim dijeljenjem alata, metoda i drugih sredstava me\u0111u zemljama sudionicama.<\/p>\n<p>Na\u0161a trenuta\u010dna strategija je usmjerena na pove\u0107anje koordiniranih ulaganja u istra\u017eivanje neurodegenerativnih bolesti (NB) u svrhu otkrivanja uzroka, razvijanja lijekova i pronala\u017eenja odgovaraju\u0107ih na\u010dina njege bolesnika koji boluju od neurodegenerativnih bolesti. Na\u0161i klju\u010dni ciljevi su:<\/p>\n<ul>\n<li>pove\u0107ati nacionalna ulaganja kroz koordinirano djelovanje<\/li>\n<li>poticati razvoj nacionalnih strategija za istra\u017eivanje neurodegenerativnih bolesti<\/li>\n<li>poticati zdru\u017eeno djelovanje kako bi se postigao potpuni potencijal JPND inicijative.<\/li>\n<\/ul>\n[\/vc_column_text][\/vc_column][\/vc_row]\n<\/div>","protected":false},"excerpt":{"rendered":"<p>[vc_row][vc_column][vc_column_text] Koji su ciljevi JPND inicijative? [\/vc_column_text][vc_column_text] JPND se suo\u010dava [&hellip;]<\/p>\n<a href=\"https:\/\/neurodegenerationresearch.eu\/hr\/koji-su-ciljevi-jpnd-inicijative\/\">View Post<\/a>","protected":false},"author":3,"featured_media":0,"parent":0,"menu_order":274,"comment_status":"open","ping_status":"open","template":"","meta":{"_acf_changed":false,"footnotes":""},"class_list":["post-7900","page","type-page","status-publish","hentry"],"acf":[],"yoast_head":"<!-- This site is optimized with the Yoast SEO plugin v27.4 - https:\/\/yoast.com\/product\/yoast-seo-wordpress\/ -->\n<title>Koji su ciljevi JPND inicijative? - JPND Neurodegenerative Disease Research<\/title>\n<meta name=\"robots\" content=\"index, follow, max-snippet:-1, max-image-preview:large, max-video-preview:-1\" \/>\n<link rel=\"canonical\" href=\"https:\/\/neurodegenerationresearch.eu\/hr\/koji-su-ciljevi-jpnd-inicijative\/\" \/>\n<meta property=\"og:locale\" content=\"hr_HR\" \/>\n<meta property=\"og:type\" content=\"article\" \/>\n<meta property=\"og:title\" content=\"Koji su ciljevi JPND inicijative? - JPND Neurodegenerative Disease Research\" \/>\n<meta property=\"og:description\" content=\"[vc_row][vc_column][vc_column_text] Koji su ciljevi JPND inicijative? [\/vc_column_text][vc_column_text] JPND se suo\u010dava [&hellip;]\" \/>\n<meta property=\"og:url\" content=\"https:\/\/neurodegenerationresearch.eu\/hr\/koji-su-ciljevi-jpnd-inicijative\/\" \/>\n<meta property=\"og:site_name\" content=\"JPND Neurodegenerative Disease Research\" \/>\n<meta property=\"og:image\" content=\"https:\/\/www.neurodegenerationresearch.eu\/wp-content\/uploads\/2010\/04\/business-goals-300x200.jpg\" \/>\n<meta name=\"twitter:card\" content=\"summary_large_image\" \/>\n<meta name=\"twitter:site\" content=\"@JPNDeurope\" \/>\n<meta name=\"twitter:label1\" content=\"Procijenjeno vrijeme \u010ditanja\" \/>\n\t<meta name=\"twitter:data1\" content=\"1 minuta\" \/>\n<script type=\"application\/ld+json\" class=\"yoast-schema-graph\">{\"@context\":\"https:\\\/\\\/schema.org\",\"@graph\":[{\"@type\":\"WebPage\",\"@id\":\"https:\\\/\\\/neurodegenerationresearch.eu\\\/hr\\\/koji-su-ciljevi-jpnd-inicijative\\\/\",\"url\":\"https:\\\/\\\/neurodegenerationresearch.eu\\\/hr\\\/koji-su-ciljevi-jpnd-inicijative\\\/\",\"name\":\"Koji su ciljevi JPND inicijative? - JPND Neurodegenerative Disease Research\",\"isPartOf\":{\"@id\":\"https:\\\/\\\/neurodegenerationresearch.eu\\\/#website\"},\"primaryImageOfPage\":{\"@id\":\"https:\\\/\\\/neurodegenerationresearch.eu\\\/hr\\\/koji-su-ciljevi-jpnd-inicijative\\\/#primaryimage\"},\"image\":{\"@id\":\"https:\\\/\\\/neurodegenerationresearch.eu\\\/hr\\\/koji-su-ciljevi-jpnd-inicijative\\\/#primaryimage\"},\"thumbnailUrl\":\"https:\\\/\\\/www.neurodegenerationresearch.eu\\\/wp-content\\\/uploads\\\/2010\\\/04\\\/business-goals-300x200.jpg\",\"datePublished\":\"2017-04-26T11:24:08+00:00\",\"breadcrumb\":{\"@id\":\"https:\\\/\\\/neurodegenerationresearch.eu\\\/hr\\\/koji-su-ciljevi-jpnd-inicijative\\\/#breadcrumb\"},\"inLanguage\":\"hr\",\"potentialAction\":[{\"@type\":\"ReadAction\",\"target\":[\"https:\\\/\\\/neurodegenerationresearch.eu\\\/hr\\\/koji-su-ciljevi-jpnd-inicijative\\\/\"]}]},{\"@type\":\"ImageObject\",\"inLanguage\":\"hr\",\"@id\":\"https:\\\/\\\/neurodegenerationresearch.eu\\\/hr\\\/koji-su-ciljevi-jpnd-inicijative\\\/#primaryimage\",\"url\":\"https:\\\/\\\/www.neurodegenerationresearch.eu\\\/wp-content\\\/uploads\\\/2010\\\/04\\\/business-goals-300x200.jpg\",\"contentUrl\":\"https:\\\/\\\/www.neurodegenerationresearch.eu\\\/wp-content\\\/uploads\\\/2010\\\/04\\\/business-goals-300x200.jpg\"},{\"@type\":\"BreadcrumbList\",\"@id\":\"https:\\\/\\\/neurodegenerationresearch.eu\\\/hr\\\/koji-su-ciljevi-jpnd-inicijative\\\/#breadcrumb\",\"itemListElement\":[{\"@type\":\"ListItem\",\"position\":1,\"name\":\"Home\",\"item\":\"https:\\\/\\\/neurodegenerationresearch.eu\\\/\"},{\"@type\":\"ListItem\",\"position\":2,\"name\":\"Koji su ciljevi JPND inicijative?\"}]},{\"@type\":\"WebSite\",\"@id\":\"https:\\\/\\\/neurodegenerationresearch.eu\\\/#website\",\"url\":\"https:\\\/\\\/neurodegenerationresearch.eu\\\/\",\"name\":\"JPND Neurodegenerative Disease Research\",\"description\":\"Neurodegenerative Disease Research\",\"publisher\":{\"@id\":\"https:\\\/\\\/neurodegenerationresearch.eu\\\/#organization\"},\"potentialAction\":[{\"@type\":\"SearchAction\",\"target\":{\"@type\":\"EntryPoint\",\"urlTemplate\":\"https:\\\/\\\/neurodegenerationresearch.eu\\\/?s={search_term_string}\"},\"query-input\":{\"@type\":\"PropertyValueSpecification\",\"valueRequired\":true,\"valueName\":\"search_term_string\"}}],\"inLanguage\":\"hr\"},{\"@type\":\"Organization\",\"@id\":\"https:\\\/\\\/neurodegenerationresearch.eu\\\/#organization\",\"name\":\"JPND\",\"url\":\"https:\\\/\\\/neurodegenerationresearch.eu\\\/\",\"logo\":{\"@type\":\"ImageObject\",\"inLanguage\":\"hr\",\"@id\":\"https:\\\/\\\/neurodegenerationresearch.eu\\\/#\\\/schema\\\/logo\\\/image\\\/\",\"url\":\"https:\\\/\\\/www.neurodegenerationresearch.eu\\\/wp-content\\\/uploads\\\/2022\\\/03\\\/logo.png\",\"contentUrl\":\"https:\\\/\\\/www.neurodegenerationresearch.eu\\\/wp-content\\\/uploads\\\/2022\\\/03\\\/logo.png\",\"width\":248,\"height\":129,\"caption\":\"JPND\"},\"image\":{\"@id\":\"https:\\\/\\\/neurodegenerationresearch.eu\\\/#\\\/schema\\\/logo\\\/image\\\/\"},\"sameAs\":[\"https:\\\/\\\/x.com\\\/JPNDeurope\"]}]}<\/script>\n<!-- \/ Yoast SEO plugin. -->","yoast_head_json":{"title":"Koji su ciljevi JPND inicijative? - JPND Neurodegenerative Disease Research","robots":{"index":"index","follow":"follow","max-snippet":"max-snippet:-1","max-image-preview":"max-image-preview:large","max-video-preview":"max-video-preview:-1"},"canonical":"https:\/\/neurodegenerationresearch.eu\/hr\/koji-su-ciljevi-jpnd-inicijative\/","og_locale":"hr_HR","og_type":"article","og_title":"Koji su ciljevi JPND inicijative? - JPND Neurodegenerative Disease Research","og_description":"[vc_row][vc_column][vc_column_text] Koji su ciljevi JPND inicijative? [\/vc_column_text][vc_column_text] JPND se suo\u010dava [&hellip;]","og_url":"https:\/\/neurodegenerationresearch.eu\/hr\/koji-su-ciljevi-jpnd-inicijative\/","og_site_name":"JPND Neurodegenerative Disease Research","og_image":[{"url":"https:\/\/www.neurodegenerationresearch.eu\/wp-content\/uploads\/2010\/04\/business-goals-300x200.jpg","type":"","width":"","height":""}],"twitter_card":"summary_large_image","twitter_site":"@JPNDeurope","twitter_misc":{"Procijenjeno vrijeme \u010ditanja":"1 minuta"},"schema":{"@context":"https:\/\/schema.org","@graph":[{"@type":"WebPage","@id":"https:\/\/neurodegenerationresearch.eu\/hr\/koji-su-ciljevi-jpnd-inicijative\/","url":"https:\/\/neurodegenerationresearch.eu\/hr\/koji-su-ciljevi-jpnd-inicijative\/","name":"Koji su ciljevi JPND inicijative? - JPND Neurodegenerative Disease Research","isPartOf":{"@id":"https:\/\/neurodegenerationresearch.eu\/#website"},"primaryImageOfPage":{"@id":"https:\/\/neurodegenerationresearch.eu\/hr\/koji-su-ciljevi-jpnd-inicijative\/#primaryimage"},"image":{"@id":"https:\/\/neurodegenerationresearch.eu\/hr\/koji-su-ciljevi-jpnd-inicijative\/#primaryimage"},"thumbnailUrl":"https:\/\/www.neurodegenerationresearch.eu\/wp-content\/uploads\/2010\/04\/business-goals-300x200.jpg","datePublished":"2017-04-26T11:24:08+00:00","breadcrumb":{"@id":"https:\/\/neurodegenerationresearch.eu\/hr\/koji-su-ciljevi-jpnd-inicijative\/#breadcrumb"},"inLanguage":"hr","potentialAction":[{"@type":"ReadAction","target":["https:\/\/neurodegenerationresearch.eu\/hr\/koji-su-ciljevi-jpnd-inicijative\/"]}]},{"@type":"ImageObject","inLanguage":"hr","@id":"https:\/\/neurodegenerationresearch.eu\/hr\/koji-su-ciljevi-jpnd-inicijative\/#primaryimage","url":"https:\/\/www.neurodegenerationresearch.eu\/wp-content\/uploads\/2010\/04\/business-goals-300x200.jpg","contentUrl":"https:\/\/www.neurodegenerationresearch.eu\/wp-content\/uploads\/2010\/04\/business-goals-300x200.jpg"},{"@type":"BreadcrumbList","@id":"https:\/\/neurodegenerationresearch.eu\/hr\/koji-su-ciljevi-jpnd-inicijative\/#breadcrumb","itemListElement":[{"@type":"ListItem","position":1,"name":"Home","item":"https:\/\/neurodegenerationresearch.eu\/"},{"@type":"ListItem","position":2,"name":"Koji su ciljevi JPND inicijative?"}]},{"@type":"WebSite","@id":"https:\/\/neurodegenerationresearch.eu\/#website","url":"https:\/\/neurodegenerationresearch.eu\/","name":"JPND Neurodegenerative Disease Research","description":"Neurodegenerative Disease Research","publisher":{"@id":"https:\/\/neurodegenerationresearch.eu\/#organization"},"potentialAction":[{"@type":"SearchAction","target":{"@type":"EntryPoint","urlTemplate":"https:\/\/neurodegenerationresearch.eu\/?s={search_term_string}"},"query-input":{"@type":"PropertyValueSpecification","valueRequired":true,"valueName":"search_term_string"}}],"inLanguage":"hr"},{"@type":"Organization","@id":"https:\/\/neurodegenerationresearch.eu\/#organization","name":"JPND","url":"https:\/\/neurodegenerationresearch.eu\/","logo":{"@type":"ImageObject","inLanguage":"hr","@id":"https:\/\/neurodegenerationresearch.eu\/#\/schema\/logo\/image\/","url":"https:\/\/www.neurodegenerationresearch.eu\/wp-content\/uploads\/2022\/03\/logo.png","contentUrl":"https:\/\/www.neurodegenerationresearch.eu\/wp-content\/uploads\/2022\/03\/logo.png","width":248,"height":129,"caption":"JPND"},"image":{"@id":"https:\/\/neurodegenerationresearch.eu\/#\/schema\/logo\/image\/"},"sameAs":["https:\/\/x.com\/JPNDeurope"]}]}},"_links":{"self":[{"href":"https:\/\/neurodegenerationresearch.eu\/hr\/wp-json\/wp\/v2\/pages\/7900","targetHints":{"allow":["GET"]}}],"collection":[{"href":"https:\/\/neurodegenerationresearch.eu\/hr\/wp-json\/wp\/v2\/pages"}],"about":[{"href":"https:\/\/neurodegenerationresearch.eu\/hr\/wp-json\/wp\/v2\/types\/page"}],"author":[{"embeddable":true,"href":"https:\/\/neurodegenerationresearch.eu\/hr\/wp-json\/wp\/v2\/users\/3"}],"replies":[{"embeddable":true,"href":"https:\/\/neurodegenerationresearch.eu\/hr\/wp-json\/wp\/v2\/comments?post=7900"}],"version-history":[{"count":0,"href":"https:\/\/neurodegenerationresearch.eu\/hr\/wp-json\/wp\/v2\/pages\/7900\/revisions"}],"wp:attachment":[{"href":"https:\/\/neurodegenerationresearch.eu\/hr\/wp-json\/wp\/v2\/media?parent=7900"}],"curies":[{"name":"wp","href":"https:\/\/api.w.org\/{rel}","templated":true}]}}