{"id":7837,"date":"2017-04-25T11:48:56","date_gmt":"2017-04-25T11:48:56","guid":{"rendered":"http:\/\/www.neurodegenerationresearch.eu\/?page_id=7837\/"},"modified":"2017-04-25T11:48:56","modified_gmt":"2017-04-25T11:48:56","slug":"a-jpnd-rol","status":"publish","type":"page","link":"https:\/\/neurodegenerationresearch.eu\/hu\/a-jpnd-rol\/","title":{"rendered":"A JPND-r\u0151l"},"content":{"rendered":"<div class=\"wpb-content-wrapper\">[vc_row][vc_column width=&#8221;1\/1&#8243;][vc_column_text]\n<p><strong>A JPND-r\u0151l<\/strong><\/p>\n<div class=\"separator\"><\/div>[\/vc_column_text][vc_column_text]<img loading=\"lazy\" decoding=\"async\" class=\"gmail- alignright\" title=\"A key component of this research will be to examine the best overall healthcare models to treat neurodegenerative disease\" src=\"https:\/\/www.neurodegenerationresearch.eu\/typo3temp\/pics\/3b51d0e84a.jpg\" alt=\"A key component of this research will be to examine the best overall healthcare models to treat neurodegenerative disease\" width=\"200\" height=\"134\" \/><\/p>\n<p>Az EU K\u00f6z\u00f6s Program \u2013 Neurodegenerat\u00edv Betegs\u00e9gek Kutat\u00e1sa (JPND, Joint Programme \u2013 Neurodegenerative Disease Research) a legnagyobb nemzetk\u00f6zi kutat\u00e1si kezdem\u00e9nyez\u00e9s, amely a neurodegenerat\u00edv betegs\u00e9gek kih\u00edv\u00e1saira keres megold\u00e1st. A JPND c\u00e9lja, hogy n\u00f6velje a koordin\u00e1lt befektet\u00e9st a kutat\u00e1sban r\u00e9sztvev\u0151 orsz\u00e1gok k\u00f6z\u00f6tt, amelynek c\u00e9lja az okok felt\u00e1r\u00e1sa, gy\u00f3gym\u00f3dok kifejleszt\u00e9se, valamint a neurodegenerat\u00edv betegs\u00e9gekben szenved\u0151k megfelel\u0151 gondoz\u00e1si m\u00f3dszereinek azonos\u00edt\u00e1sa.<\/p>\n<p>A JPND v\u00e9gs\u0151 c\u00e9lja, hogy gy\u00f3gym\u00f3dokat tal\u00e1ljon a neurodegenerat\u00edv betegs\u00e9gekre, valamint lehet\u0151v\u00e9 tegye a korai diagn\u00f3zist a korai, c\u00e9lzott kezel\u00e9sekhez. Konkr\u00e9t el\u0151rejelz\u00e9seket azonban nem adhatunk azzal kapcsolatban, hogy ez mennyi id\u0151t vesz ig\u00e9nybe.<\/p>\n<p>Ek\u00f6zben a JPND kutat\u00e1si strat\u00e9gi\u00e1j\u00e1n kereszt\u00fcl azonos\u00edtotta a k\u00f6z\u00f6s kutat\u00e1si c\u00e9lokat, amelyek el\u0151nyre tenn\u00e9nek szert az orsz\u00e1gok k\u00f6z\u00f6s egy\u00fcttm\u0171k\u00f6d\u00e9se r\u00e9v\u00e9n. Ez\u00e1ltal gyorsabban el\u0151rehaladhatnak olyan megold\u00e1sokban, amelyek enyh\u00edthetik a t\u00fcneteket, tov\u00e1bb\u00e1 cs\u00f6kkentik a betegekre, a csal\u00e1dokra \u00e9s az eg\u00e9szs\u00e9g\u00fcgyi rendszerre gyakorolt t\u00e1rsadalmi \u00e9s gazdas\u00e1gi hat\u00e1st.<\/p>\n<p><strong>A munka h\u00e1rom f\u0151 elemb\u0151l \u00e1ll: <\/strong><\/p>\n<ul>\n<li>A betegs\u00e9g tudom\u00e1nyos megismer\u00e9s\u00e9nek jav\u00edt\u00e1sa.<\/li>\n<li>Az orvosok sz\u00e1m\u00e1ra el\u00e9rhet\u0151 orvosi eszk\u00f6z\u00f6k jav\u00edt\u00e1sa a betegs\u00e9g felismer\u00e9s\u00e9re \u00e9s gy\u00f3gy\u00edt\u00e1s\u00e1ra.<\/li>\n<li>A rendelkez\u00e9sre \u00e1ll\u00f3 szoci\u00e1lis gondoz\u00e1s \u00e9s strukt\u00far\u00e1k tov\u00e1bbfejleszt\u00e9se a betegek, csal\u00e1djaik \u00e9s az eg\u00e9szs\u00e9g\u00fcgyi szolg\u00e1ltat\u00f3k t\u00e1mogat\u00e1sa \u00e9rdek\u00e9ben, hogy a betegek a betegs\u00e9g\u00fck minden st\u00e1dium\u00e1ban optim\u00e1lis gondoz\u00e1sban r\u00e9szes\u00fcljenek.<\/li>\n<\/ul>\n[\/vc_column_text][\/vc_column][\/vc_row]\n<\/div>","protected":false},"excerpt":{"rendered":"<p>[vc_row][vc_column width=&#8221;1\/1&#8243;][vc_column_text] A JPND-r\u0151l [\/vc_column_text][vc_column_text] Az EU K\u00f6z\u00f6s Program \u2013 [&hellip;]<\/p>\n<a href=\"https:\/\/neurodegenerationresearch.eu\/hu\/a-jpnd-rol\/\">View Post<\/a>","protected":false},"author":3,"featured_media":0,"parent":0,"menu_order":134,"comment_status":"closed","ping_status":"closed","template":"page-templates\/side-nav.php","meta":{"_acf_changed":false,"footnotes":""},"class_list":["post-7837","page","type-page","status-publish","hentry"],"acf":[],"yoast_head":"<!-- This site is optimized with the Yoast SEO plugin v27.4 - https:\/\/yoast.com\/product\/yoast-seo-wordpress\/ -->\n<title>A JPND-r\u0151l - JPND Neurodegenerative Disease Research<\/title>\n<meta name=\"robots\" content=\"index, follow, max-snippet:-1, max-image-preview:large, max-video-preview:-1\" \/>\n<link rel=\"canonical\" href=\"https:\/\/neurodegenerationresearch.eu\/hu\/a-jpnd-rol\/\" \/>\n<meta property=\"og:locale\" content=\"hu_HU\" \/>\n<meta property=\"og:type\" content=\"article\" \/>\n<meta property=\"og:title\" content=\"A JPND-r\u0151l - JPND Neurodegenerative Disease Research\" \/>\n<meta property=\"og:description\" content=\"[vc_row][vc_column width=&#8221;1\/1&#8243;][vc_column_text] A JPND-r\u0151l [\/vc_column_text][vc_column_text] Az EU K\u00f6z\u00f6s Program \u2013 [&hellip;]\" \/>\n<meta property=\"og:url\" content=\"https:\/\/neurodegenerationresearch.eu\/hu\/a-jpnd-rol\/\" \/>\n<meta property=\"og:site_name\" content=\"JPND Neurodegenerative Disease Research\" \/>\n<meta property=\"og:image\" content=\"https:\/\/www.neurodegenerationresearch.eu\/typo3temp\/pics\/3b51d0e84a.jpg\" \/>\n<meta name=\"twitter:card\" content=\"summary_large_image\" \/>\n<meta name=\"twitter:site\" content=\"@JPNDeurope\" \/>\n<meta name=\"twitter:label1\" content=\"Becs\u00fclt olvas\u00e1si id\u0151\" \/>\n\t<meta name=\"twitter:data1\" content=\"2 perc\" \/>\n<script type=\"application\/ld+json\" class=\"yoast-schema-graph\">{\"@context\":\"https:\\\/\\\/schema.org\",\"@graph\":[{\"@type\":\"WebPage\",\"@id\":\"https:\\\/\\\/neurodegenerationresearch.eu\\\/hu\\\/a-jpnd-rol\\\/\",\"url\":\"https:\\\/\\\/neurodegenerationresearch.eu\\\/hu\\\/a-jpnd-rol\\\/\",\"name\":\"A JPND-r\u0151l - JPND Neurodegenerative Disease Research\",\"isPartOf\":{\"@id\":\"https:\\\/\\\/neurodegenerationresearch.eu\\\/#website\"},\"primaryImageOfPage\":{\"@id\":\"https:\\\/\\\/neurodegenerationresearch.eu\\\/hu\\\/a-jpnd-rol\\\/#primaryimage\"},\"image\":{\"@id\":\"https:\\\/\\\/neurodegenerationresearch.eu\\\/hu\\\/a-jpnd-rol\\\/#primaryimage\"},\"thumbnailUrl\":\"https:\\\/\\\/www.neurodegenerationresearch.eu\\\/typo3temp\\\/pics\\\/3b51d0e84a.jpg\",\"datePublished\":\"2017-04-25T11:48:56+00:00\",\"breadcrumb\":{\"@id\":\"https:\\\/\\\/neurodegenerationresearch.eu\\\/hu\\\/a-jpnd-rol\\\/#breadcrumb\"},\"inLanguage\":\"hu\",\"potentialAction\":[{\"@type\":\"ReadAction\",\"target\":[\"https:\\\/\\\/neurodegenerationresearch.eu\\\/hu\\\/a-jpnd-rol\\\/\"]}]},{\"@type\":\"ImageObject\",\"inLanguage\":\"hu\",\"@id\":\"https:\\\/\\\/neurodegenerationresearch.eu\\\/hu\\\/a-jpnd-rol\\\/#primaryimage\",\"url\":\"https:\\\/\\\/www.neurodegenerationresearch.eu\\\/typo3temp\\\/pics\\\/3b51d0e84a.jpg\",\"contentUrl\":\"https:\\\/\\\/www.neurodegenerationresearch.eu\\\/typo3temp\\\/pics\\\/3b51d0e84a.jpg\"},{\"@type\":\"BreadcrumbList\",\"@id\":\"https:\\\/\\\/neurodegenerationresearch.eu\\\/hu\\\/a-jpnd-rol\\\/#breadcrumb\",\"itemListElement\":[{\"@type\":\"ListItem\",\"position\":1,\"name\":\"Home\",\"item\":\"https:\\\/\\\/neurodegenerationresearch.eu\\\/\"},{\"@type\":\"ListItem\",\"position\":2,\"name\":\"A JPND-r\u0151l\"}]},{\"@type\":\"WebSite\",\"@id\":\"https:\\\/\\\/neurodegenerationresearch.eu\\\/#website\",\"url\":\"https:\\\/\\\/neurodegenerationresearch.eu\\\/\",\"name\":\"JPND Neurodegenerative Disease Research\",\"description\":\"Neurodegenerative Disease Research\",\"publisher\":{\"@id\":\"https:\\\/\\\/neurodegenerationresearch.eu\\\/#organization\"},\"potentialAction\":[{\"@type\":\"SearchAction\",\"target\":{\"@type\":\"EntryPoint\",\"urlTemplate\":\"https:\\\/\\\/neurodegenerationresearch.eu\\\/?s={search_term_string}\"},\"query-input\":{\"@type\":\"PropertyValueSpecification\",\"valueRequired\":true,\"valueName\":\"search_term_string\"}}],\"inLanguage\":\"hu\"},{\"@type\":\"Organization\",\"@id\":\"https:\\\/\\\/neurodegenerationresearch.eu\\\/#organization\",\"name\":\"JPND\",\"url\":\"https:\\\/\\\/neurodegenerationresearch.eu\\\/\",\"logo\":{\"@type\":\"ImageObject\",\"inLanguage\":\"hu\",\"@id\":\"https:\\\/\\\/neurodegenerationresearch.eu\\\/#\\\/schema\\\/logo\\\/image\\\/\",\"url\":\"https:\\\/\\\/www.neurodegenerationresearch.eu\\\/wp-content\\\/uploads\\\/2022\\\/03\\\/logo.png\",\"contentUrl\":\"https:\\\/\\\/www.neurodegenerationresearch.eu\\\/wp-content\\\/uploads\\\/2022\\\/03\\\/logo.png\",\"width\":248,\"height\":129,\"caption\":\"JPND\"},\"image\":{\"@id\":\"https:\\\/\\\/neurodegenerationresearch.eu\\\/#\\\/schema\\\/logo\\\/image\\\/\"},\"sameAs\":[\"https:\\\/\\\/x.com\\\/JPNDeurope\"]}]}<\/script>\n<!-- \/ Yoast SEO plugin. -->","yoast_head_json":{"title":"A JPND-r\u0151l - JPND Neurodegenerative Disease Research","robots":{"index":"index","follow":"follow","max-snippet":"max-snippet:-1","max-image-preview":"max-image-preview:large","max-video-preview":"max-video-preview:-1"},"canonical":"https:\/\/neurodegenerationresearch.eu\/hu\/a-jpnd-rol\/","og_locale":"hu_HU","og_type":"article","og_title":"A JPND-r\u0151l - JPND Neurodegenerative Disease Research","og_description":"[vc_row][vc_column width=&#8221;1\/1&#8243;][vc_column_text] A JPND-r\u0151l [\/vc_column_text][vc_column_text] Az EU K\u00f6z\u00f6s Program \u2013 [&hellip;]","og_url":"https:\/\/neurodegenerationresearch.eu\/hu\/a-jpnd-rol\/","og_site_name":"JPND Neurodegenerative Disease Research","og_image":[{"url":"https:\/\/www.neurodegenerationresearch.eu\/typo3temp\/pics\/3b51d0e84a.jpg","type":"","width":"","height":""}],"twitter_card":"summary_large_image","twitter_site":"@JPNDeurope","twitter_misc":{"Becs\u00fclt olvas\u00e1si id\u0151":"2 perc"},"schema":{"@context":"https:\/\/schema.org","@graph":[{"@type":"WebPage","@id":"https:\/\/neurodegenerationresearch.eu\/hu\/a-jpnd-rol\/","url":"https:\/\/neurodegenerationresearch.eu\/hu\/a-jpnd-rol\/","name":"A JPND-r\u0151l - JPND Neurodegenerative Disease Research","isPartOf":{"@id":"https:\/\/neurodegenerationresearch.eu\/#website"},"primaryImageOfPage":{"@id":"https:\/\/neurodegenerationresearch.eu\/hu\/a-jpnd-rol\/#primaryimage"},"image":{"@id":"https:\/\/neurodegenerationresearch.eu\/hu\/a-jpnd-rol\/#primaryimage"},"thumbnailUrl":"https:\/\/www.neurodegenerationresearch.eu\/typo3temp\/pics\/3b51d0e84a.jpg","datePublished":"2017-04-25T11:48:56+00:00","breadcrumb":{"@id":"https:\/\/neurodegenerationresearch.eu\/hu\/a-jpnd-rol\/#breadcrumb"},"inLanguage":"hu","potentialAction":[{"@type":"ReadAction","target":["https:\/\/neurodegenerationresearch.eu\/hu\/a-jpnd-rol\/"]}]},{"@type":"ImageObject","inLanguage":"hu","@id":"https:\/\/neurodegenerationresearch.eu\/hu\/a-jpnd-rol\/#primaryimage","url":"https:\/\/www.neurodegenerationresearch.eu\/typo3temp\/pics\/3b51d0e84a.jpg","contentUrl":"https:\/\/www.neurodegenerationresearch.eu\/typo3temp\/pics\/3b51d0e84a.jpg"},{"@type":"BreadcrumbList","@id":"https:\/\/neurodegenerationresearch.eu\/hu\/a-jpnd-rol\/#breadcrumb","itemListElement":[{"@type":"ListItem","position":1,"name":"Home","item":"https:\/\/neurodegenerationresearch.eu\/"},{"@type":"ListItem","position":2,"name":"A JPND-r\u0151l"}]},{"@type":"WebSite","@id":"https:\/\/neurodegenerationresearch.eu\/#website","url":"https:\/\/neurodegenerationresearch.eu\/","name":"JPND Neurodegenerative Disease Research","description":"Neurodegenerative Disease Research","publisher":{"@id":"https:\/\/neurodegenerationresearch.eu\/#organization"},"potentialAction":[{"@type":"SearchAction","target":{"@type":"EntryPoint","urlTemplate":"https:\/\/neurodegenerationresearch.eu\/?s={search_term_string}"},"query-input":{"@type":"PropertyValueSpecification","valueRequired":true,"valueName":"search_term_string"}}],"inLanguage":"hu"},{"@type":"Organization","@id":"https:\/\/neurodegenerationresearch.eu\/#organization","name":"JPND","url":"https:\/\/neurodegenerationresearch.eu\/","logo":{"@type":"ImageObject","inLanguage":"hu","@id":"https:\/\/neurodegenerationresearch.eu\/#\/schema\/logo\/image\/","url":"https:\/\/www.neurodegenerationresearch.eu\/wp-content\/uploads\/2022\/03\/logo.png","contentUrl":"https:\/\/www.neurodegenerationresearch.eu\/wp-content\/uploads\/2022\/03\/logo.png","width":248,"height":129,"caption":"JPND"},"image":{"@id":"https:\/\/neurodegenerationresearch.eu\/#\/schema\/logo\/image\/"},"sameAs":["https:\/\/x.com\/JPNDeurope"]}]}},"_links":{"self":[{"href":"https:\/\/neurodegenerationresearch.eu\/hu\/wp-json\/wp\/v2\/pages\/7837","targetHints":{"allow":["GET"]}}],"collection":[{"href":"https:\/\/neurodegenerationresearch.eu\/hu\/wp-json\/wp\/v2\/pages"}],"about":[{"href":"https:\/\/neurodegenerationresearch.eu\/hu\/wp-json\/wp\/v2\/types\/page"}],"author":[{"embeddable":true,"href":"https:\/\/neurodegenerationresearch.eu\/hu\/wp-json\/wp\/v2\/users\/3"}],"replies":[{"embeddable":true,"href":"https:\/\/neurodegenerationresearch.eu\/hu\/wp-json\/wp\/v2\/comments?post=7837"}],"version-history":[{"count":0,"href":"https:\/\/neurodegenerationresearch.eu\/hu\/wp-json\/wp\/v2\/pages\/7837\/revisions"}],"wp:attachment":[{"href":"https:\/\/neurodegenerationresearch.eu\/hu\/wp-json\/wp\/v2\/media?parent=7837"}],"curies":[{"name":"wp","href":"https:\/\/api.w.org\/{rel}","templated":true}]}}