{"id":8008,"date":"2017-04-26T14:16:04","date_gmt":"2017-04-26T14:16:04","guid":{"rendered":"http:\/\/www.neurodegenerationresearch.eu\/?page_id=8008\/"},"modified":"2017-04-26T14:16:04","modified_gmt":"2017-04-26T14:16:04","slug":"melyek-a-jpnd-celjai","status":"publish","type":"page","link":"https:\/\/neurodegenerationresearch.eu\/hu\/melyek-a-jpnd-celjai\/","title":{"rendered":"Melyek a JPND c\u00e9ljai?"},"content":{"rendered":"<div class=\"wpb-content-wrapper\">[vc_row][vc_column][vc_column_text]\n<h3>Melyek a JPND c\u00e9ljai?<\/h3>\n<div class=\"separator\"><\/div>[\/vc_column_text][vc_column_text]<a href=\"https:\/\/www.neurodegenerationresearch.eu\/wp-content\/uploads\/2010\/04\/business-goals.jpg\"><img loading=\"lazy\" decoding=\"async\" class=\"gmail-wp-image-3669 gmail- alignright\" src=\"https:\/\/www.neurodegenerationresearch.eu\/wp-content\/uploads\/2010\/04\/business-goals-300x200.jpg\" alt=\"business-goals\" width=\"207\" height=\"138\" srcset=\"https:\/\/neurodegenerationresearch.eu\/wp-content\/uploads\/2010\/04\/business-goals-300x200.jpg 300w, https:\/\/neurodegenerationresearch.eu\/wp-content\/uploads\/2010\/04\/business-goals-768x512.jpg 768w, https:\/\/neurodegenerationresearch.eu\/wp-content\/uploads\/2010\/04\/business-goals-890x594.jpg 890w, https:\/\/neurodegenerationresearch.eu\/wp-content\/uploads\/2010\/04\/business-goals.jpg 1000w\" sizes=\"auto, (max-width: 207px) 100vw, 207px\" \/><\/a><\/p>\n<p>A JPND c\u00e9lja, hogy szemben\u00e9zzen az \u00f6reged\u0151 n\u00e9pess\u00e9g neurodegenerat\u00edv betegs\u00e9gei \u00e1ltal t\u00e1masztott egyre nagyobb kih\u00edv\u00e1ssal \u2013 e c\u00e9lb\u00f3l egyes\u00edti a kutat\u00f3kat, a megl\u00e9v\u0151 kutat\u00e1si t\u00e9nyeket \u00e9s a nemzeti finansz\u00edroz\u00f3 test\u00fcleteket, hogy felt\u00e1rja a kulcsfontoss\u00e1g\u00fa kutat\u00e1si k\u00e9rd\u00e9seket \u00e9s a fejl\u0151d\u00e9s \u00fatj\u00e1ban \u00e1ll\u00f3 akad\u00e1lyokat ezen a ter\u00fcleten.<\/p>\n<p>Ehhez koordin\u00e1lja a jelenlegi \u00e9s j\u00f6v\u0151beli megk\u00f6zel\u00edt\u00e9seket, a megfelel\u0151 helyen val\u00f3 egy\u00fcttm\u0171k\u00f6d\u00e9seket, tov\u00e1bb\u00e1 hat\u00e9konyabban osztja el az eszk\u00f6z\u00f6ket, a technik\u00e1kat \u00e9s az egy\u00e9b er\u0151forr\u00e1sokat a r\u00e9sztvev\u0151 orsz\u00e1gok k\u00f6z\u00f6tt.<\/p>\n<p>Jelenlegi strat\u00e9gi\u00e1nk, hogy n\u00f6velj\u00fck a koordin\u00e1lt befektet\u00e9st a neurodegenerat\u00edv betegs\u00e9gek (ND) kutat\u00e1s\u00e1ba, amelynek c\u00e9lja a betegs\u00e9gek okainak felt\u00e1r\u00e1sa, gy\u00f3gym\u00f3dok kifejleszt\u00e9se, valamint a neurodegenerat\u00edv betegs\u00e9gekben szenved\u0151k megfelel\u0151 gondoz\u00e1si m\u00f3dszereinek azonos\u00edt\u00e1sa. Ennek t\u00fckr\u00e9ben a k\u00f6zvetlen c\u00e9ljaink:<\/p>\n<ul>\n<li>A nemzeti befektet\u00e9sek \u00e9rt\u00e9kn\u00f6vel\u00e9se koordin\u00e1lt cselekv\u00e9sen kereszt\u00fcl<\/li>\n<li>A neurodegenerat\u00edv betegs\u00e9gekkel kapcsolatos nemzeti kutat\u00e1si strat\u00e9gi\u00e1k fejleszt\u00e9s\u00e9nek \u00f6szt\u00f6nz\u00e9se<\/li>\n<li>Partners\u00e9g kialak\u00edt\u00e1sa a JPND-ben rejl\u0151 lehet\u0151s\u00e9gek teljes kiakn\u00e1z\u00e1s\u00e1ra<\/li>\n<\/ul>\n[\/vc_column_text][\/vc_column][\/vc_row]\n<\/div>","protected":false},"excerpt":{"rendered":"<p>[vc_row][vc_column][vc_column_text] Melyek a JPND c\u00e9ljai? [\/vc_column_text][vc_column_text] A JPND c\u00e9lja, hogy [&hellip;]<\/p>\n<a href=\"https:\/\/neurodegenerationresearch.eu\/hu\/melyek-a-jpnd-celjai\/\">View Post<\/a>","protected":false},"author":3,"featured_media":0,"parent":0,"menu_order":277,"comment_status":"open","ping_status":"open","template":"","meta":{"_acf_changed":false,"footnotes":""},"class_list":["post-8008","page","type-page","status-publish","hentry"],"acf":[],"yoast_head":"<!-- This site is optimized with the Yoast SEO plugin v27.4 - https:\/\/yoast.com\/product\/yoast-seo-wordpress\/ -->\n<title>Melyek a JPND c\u00e9ljai? - JPND Neurodegenerative Disease Research<\/title>\n<meta name=\"robots\" content=\"index, follow, max-snippet:-1, max-image-preview:large, max-video-preview:-1\" \/>\n<link rel=\"canonical\" href=\"https:\/\/neurodegenerationresearch.eu\/hu\/melyek-a-jpnd-celjai\/\" \/>\n<meta property=\"og:locale\" content=\"hu_HU\" \/>\n<meta property=\"og:type\" content=\"article\" \/>\n<meta property=\"og:title\" content=\"Melyek a JPND c\u00e9ljai? - JPND Neurodegenerative Disease Research\" \/>\n<meta property=\"og:description\" content=\"[vc_row][vc_column][vc_column_text] Melyek a JPND c\u00e9ljai? [\/vc_column_text][vc_column_text] A JPND c\u00e9lja, hogy [&hellip;]\" \/>\n<meta property=\"og:url\" content=\"https:\/\/neurodegenerationresearch.eu\/hu\/melyek-a-jpnd-celjai\/\" \/>\n<meta property=\"og:site_name\" content=\"JPND Neurodegenerative Disease Research\" \/>\n<meta property=\"og:image\" content=\"https:\/\/www.neurodegenerationresearch.eu\/wp-content\/uploads\/2010\/04\/business-goals-300x200.jpg\" \/>\n<meta name=\"twitter:card\" content=\"summary_large_image\" \/>\n<meta name=\"twitter:site\" content=\"@JPNDeurope\" \/>\n<meta name=\"twitter:label1\" content=\"Becs\u00fclt olvas\u00e1si id\u0151\" \/>\n\t<meta name=\"twitter:data1\" content=\"1 perc\" \/>\n<script type=\"application\/ld+json\" class=\"yoast-schema-graph\">{\"@context\":\"https:\\\/\\\/schema.org\",\"@graph\":[{\"@type\":\"WebPage\",\"@id\":\"https:\\\/\\\/neurodegenerationresearch.eu\\\/hu\\\/melyek-a-jpnd-celjai\\\/\",\"url\":\"https:\\\/\\\/neurodegenerationresearch.eu\\\/hu\\\/melyek-a-jpnd-celjai\\\/\",\"name\":\"Melyek a JPND c\u00e9ljai? - JPND Neurodegenerative Disease Research\",\"isPartOf\":{\"@id\":\"https:\\\/\\\/neurodegenerationresearch.eu\\\/#website\"},\"primaryImageOfPage\":{\"@id\":\"https:\\\/\\\/neurodegenerationresearch.eu\\\/hu\\\/melyek-a-jpnd-celjai\\\/#primaryimage\"},\"image\":{\"@id\":\"https:\\\/\\\/neurodegenerationresearch.eu\\\/hu\\\/melyek-a-jpnd-celjai\\\/#primaryimage\"},\"thumbnailUrl\":\"https:\\\/\\\/www.neurodegenerationresearch.eu\\\/wp-content\\\/uploads\\\/2010\\\/04\\\/business-goals-300x200.jpg\",\"datePublished\":\"2017-04-26T14:16:04+00:00\",\"breadcrumb\":{\"@id\":\"https:\\\/\\\/neurodegenerationresearch.eu\\\/hu\\\/melyek-a-jpnd-celjai\\\/#breadcrumb\"},\"inLanguage\":\"hu\",\"potentialAction\":[{\"@type\":\"ReadAction\",\"target\":[\"https:\\\/\\\/neurodegenerationresearch.eu\\\/hu\\\/melyek-a-jpnd-celjai\\\/\"]}]},{\"@type\":\"ImageObject\",\"inLanguage\":\"hu\",\"@id\":\"https:\\\/\\\/neurodegenerationresearch.eu\\\/hu\\\/melyek-a-jpnd-celjai\\\/#primaryimage\",\"url\":\"https:\\\/\\\/www.neurodegenerationresearch.eu\\\/wp-content\\\/uploads\\\/2010\\\/04\\\/business-goals-300x200.jpg\",\"contentUrl\":\"https:\\\/\\\/www.neurodegenerationresearch.eu\\\/wp-content\\\/uploads\\\/2010\\\/04\\\/business-goals-300x200.jpg\"},{\"@type\":\"BreadcrumbList\",\"@id\":\"https:\\\/\\\/neurodegenerationresearch.eu\\\/hu\\\/melyek-a-jpnd-celjai\\\/#breadcrumb\",\"itemListElement\":[{\"@type\":\"ListItem\",\"position\":1,\"name\":\"Home\",\"item\":\"https:\\\/\\\/neurodegenerationresearch.eu\\\/\"},{\"@type\":\"ListItem\",\"position\":2,\"name\":\"Melyek a JPND c\u00e9ljai?\"}]},{\"@type\":\"WebSite\",\"@id\":\"https:\\\/\\\/neurodegenerationresearch.eu\\\/#website\",\"url\":\"https:\\\/\\\/neurodegenerationresearch.eu\\\/\",\"name\":\"JPND Neurodegenerative Disease Research\",\"description\":\"Neurodegenerative Disease Research\",\"publisher\":{\"@id\":\"https:\\\/\\\/neurodegenerationresearch.eu\\\/#organization\"},\"potentialAction\":[{\"@type\":\"SearchAction\",\"target\":{\"@type\":\"EntryPoint\",\"urlTemplate\":\"https:\\\/\\\/neurodegenerationresearch.eu\\\/?s={search_term_string}\"},\"query-input\":{\"@type\":\"PropertyValueSpecification\",\"valueRequired\":true,\"valueName\":\"search_term_string\"}}],\"inLanguage\":\"hu\"},{\"@type\":\"Organization\",\"@id\":\"https:\\\/\\\/neurodegenerationresearch.eu\\\/#organization\",\"name\":\"JPND\",\"url\":\"https:\\\/\\\/neurodegenerationresearch.eu\\\/\",\"logo\":{\"@type\":\"ImageObject\",\"inLanguage\":\"hu\",\"@id\":\"https:\\\/\\\/neurodegenerationresearch.eu\\\/#\\\/schema\\\/logo\\\/image\\\/\",\"url\":\"https:\\\/\\\/www.neurodegenerationresearch.eu\\\/wp-content\\\/uploads\\\/2022\\\/03\\\/logo.png\",\"contentUrl\":\"https:\\\/\\\/www.neurodegenerationresearch.eu\\\/wp-content\\\/uploads\\\/2022\\\/03\\\/logo.png\",\"width\":248,\"height\":129,\"caption\":\"JPND\"},\"image\":{\"@id\":\"https:\\\/\\\/neurodegenerationresearch.eu\\\/#\\\/schema\\\/logo\\\/image\\\/\"},\"sameAs\":[\"https:\\\/\\\/x.com\\\/JPNDeurope\"]}]}<\/script>\n<!-- \/ Yoast SEO plugin. -->","yoast_head_json":{"title":"Melyek a JPND c\u00e9ljai? - JPND Neurodegenerative Disease Research","robots":{"index":"index","follow":"follow","max-snippet":"max-snippet:-1","max-image-preview":"max-image-preview:large","max-video-preview":"max-video-preview:-1"},"canonical":"https:\/\/neurodegenerationresearch.eu\/hu\/melyek-a-jpnd-celjai\/","og_locale":"hu_HU","og_type":"article","og_title":"Melyek a JPND c\u00e9ljai? - JPND Neurodegenerative Disease Research","og_description":"[vc_row][vc_column][vc_column_text] Melyek a JPND c\u00e9ljai? [\/vc_column_text][vc_column_text] A JPND c\u00e9lja, hogy [&hellip;]","og_url":"https:\/\/neurodegenerationresearch.eu\/hu\/melyek-a-jpnd-celjai\/","og_site_name":"JPND Neurodegenerative Disease Research","og_image":[{"url":"https:\/\/www.neurodegenerationresearch.eu\/wp-content\/uploads\/2010\/04\/business-goals-300x200.jpg","type":"","width":"","height":""}],"twitter_card":"summary_large_image","twitter_site":"@JPNDeurope","twitter_misc":{"Becs\u00fclt olvas\u00e1si id\u0151":"1 perc"},"schema":{"@context":"https:\/\/schema.org","@graph":[{"@type":"WebPage","@id":"https:\/\/neurodegenerationresearch.eu\/hu\/melyek-a-jpnd-celjai\/","url":"https:\/\/neurodegenerationresearch.eu\/hu\/melyek-a-jpnd-celjai\/","name":"Melyek a JPND c\u00e9ljai? - JPND Neurodegenerative Disease Research","isPartOf":{"@id":"https:\/\/neurodegenerationresearch.eu\/#website"},"primaryImageOfPage":{"@id":"https:\/\/neurodegenerationresearch.eu\/hu\/melyek-a-jpnd-celjai\/#primaryimage"},"image":{"@id":"https:\/\/neurodegenerationresearch.eu\/hu\/melyek-a-jpnd-celjai\/#primaryimage"},"thumbnailUrl":"https:\/\/www.neurodegenerationresearch.eu\/wp-content\/uploads\/2010\/04\/business-goals-300x200.jpg","datePublished":"2017-04-26T14:16:04+00:00","breadcrumb":{"@id":"https:\/\/neurodegenerationresearch.eu\/hu\/melyek-a-jpnd-celjai\/#breadcrumb"},"inLanguage":"hu","potentialAction":[{"@type":"ReadAction","target":["https:\/\/neurodegenerationresearch.eu\/hu\/melyek-a-jpnd-celjai\/"]}]},{"@type":"ImageObject","inLanguage":"hu","@id":"https:\/\/neurodegenerationresearch.eu\/hu\/melyek-a-jpnd-celjai\/#primaryimage","url":"https:\/\/www.neurodegenerationresearch.eu\/wp-content\/uploads\/2010\/04\/business-goals-300x200.jpg","contentUrl":"https:\/\/www.neurodegenerationresearch.eu\/wp-content\/uploads\/2010\/04\/business-goals-300x200.jpg"},{"@type":"BreadcrumbList","@id":"https:\/\/neurodegenerationresearch.eu\/hu\/melyek-a-jpnd-celjai\/#breadcrumb","itemListElement":[{"@type":"ListItem","position":1,"name":"Home","item":"https:\/\/neurodegenerationresearch.eu\/"},{"@type":"ListItem","position":2,"name":"Melyek a JPND c\u00e9ljai?"}]},{"@type":"WebSite","@id":"https:\/\/neurodegenerationresearch.eu\/#website","url":"https:\/\/neurodegenerationresearch.eu\/","name":"JPND Neurodegenerative Disease Research","description":"Neurodegenerative Disease Research","publisher":{"@id":"https:\/\/neurodegenerationresearch.eu\/#organization"},"potentialAction":[{"@type":"SearchAction","target":{"@type":"EntryPoint","urlTemplate":"https:\/\/neurodegenerationresearch.eu\/?s={search_term_string}"},"query-input":{"@type":"PropertyValueSpecification","valueRequired":true,"valueName":"search_term_string"}}],"inLanguage":"hu"},{"@type":"Organization","@id":"https:\/\/neurodegenerationresearch.eu\/#organization","name":"JPND","url":"https:\/\/neurodegenerationresearch.eu\/","logo":{"@type":"ImageObject","inLanguage":"hu","@id":"https:\/\/neurodegenerationresearch.eu\/#\/schema\/logo\/image\/","url":"https:\/\/www.neurodegenerationresearch.eu\/wp-content\/uploads\/2022\/03\/logo.png","contentUrl":"https:\/\/www.neurodegenerationresearch.eu\/wp-content\/uploads\/2022\/03\/logo.png","width":248,"height":129,"caption":"JPND"},"image":{"@id":"https:\/\/neurodegenerationresearch.eu\/#\/schema\/logo\/image\/"},"sameAs":["https:\/\/x.com\/JPNDeurope"]}]}},"_links":{"self":[{"href":"https:\/\/neurodegenerationresearch.eu\/hu\/wp-json\/wp\/v2\/pages\/8008","targetHints":{"allow":["GET"]}}],"collection":[{"href":"https:\/\/neurodegenerationresearch.eu\/hu\/wp-json\/wp\/v2\/pages"}],"about":[{"href":"https:\/\/neurodegenerationresearch.eu\/hu\/wp-json\/wp\/v2\/types\/page"}],"author":[{"embeddable":true,"href":"https:\/\/neurodegenerationresearch.eu\/hu\/wp-json\/wp\/v2\/users\/3"}],"replies":[{"embeddable":true,"href":"https:\/\/neurodegenerationresearch.eu\/hu\/wp-json\/wp\/v2\/comments?post=8008"}],"version-history":[{"count":0,"href":"https:\/\/neurodegenerationresearch.eu\/hu\/wp-json\/wp\/v2\/pages\/8008\/revisions"}],"wp:attachment":[{"href":"https:\/\/neurodegenerationresearch.eu\/hu\/wp-json\/wp\/v2\/media?parent=8008"}],"curies":[{"name":"wp","href":"https:\/\/api.w.org\/{rel}","templated":true}]}}