{"id":7839,"date":"2017-04-25T12:03:57","date_gmt":"2017-04-25T12:03:57","guid":{"rendered":"http:\/\/www.neurodegenerationresearch.eu\/?page_id=7839\/"},"modified":"2017-05-09T12:25:52","modified_gmt":"2017-05-09T12:25:52","slug":"om-jpnd","status":"publish","type":"page","link":"https:\/\/neurodegenerationresearch.eu\/nb\/om-jpnd\/","title":{"rendered":"Om JPND"},"content":{"rendered":"<div class=\"wpb-content-wrapper\">[vc_row][vc_column width=&raquo;1\/1&#8243;][vc_column_text]\n<p><strong>Om JPND<\/strong><\/p>\n<div class=\"separator\"><\/div>[\/vc_column_text][vc_column_text]<img loading=\"lazy\" decoding=\"async\" class=\"gmail- gmail- alignright\" title=\"A key component of this research will be to examine the best overall healthcare models to treat neurodegenerative disease\" src=\"https:\/\/www.neurodegenerationresearch.eu\/typo3temp\/pics\/3b51d0e84a.jpg\" alt=\"A key component of this research will be to examine the best overall healthcare models to treat neurodegenerative disease\" width=\"200\" height=\"134\" \/><\/p>\n<p>Det felleseuropeiske programmet for nevrodegenerative sykdommer (JPND) er den st\u00f8rste globale forskningsinnsatsen som er rettet mot \u00e5 finne en l\u00f8sning p\u00e5 nevrodegenerative sykdommer. JPND har som m\u00e5l \u00e5 styrke samordning mellom deltakerlandene av investeringer i forskning som skal finne \u00e5rsaker til, utvikle behandlinger for og identifisere gode m\u00e5ter \u00e5 ta vare p\u00e5 personer med nevrodegenerative sykdommer.<\/p>\n<p>Det overordnede m\u00e5let til JPND er \u00e5 finne behandlinger for nevrodegenerative sykdommer, og muliggj\u00f8re tidlig diagnose slik at behandling kan starte tidlig. Det er imidlertid ikke mulig \u00e5 forutsi noe tidsperspektiv for m\u00e5loppn\u00e5else.<\/p>\n<p>I mellomtiden har JPND gjennom forskningsstrategien formulert noen felles forskningsm\u00e5l. Disse m\u00e5lene vil lettere kunne n\u00e5s med felles innsats mellom landene for \u00e5 finne l\u00f8sninger som kan lindre symptomene og redusere den sosiale og \u00f8konomiske belastningen for pasienter, familier og helsesystemer.<\/p>\n<p><strong>Dette arbeidet best\u00e5r av tre hovedelementer: <\/strong><\/p>\n<ul>\n<li>\u00d8ke den vitenskapelige forst\u00e5elsen av sykdommen.<\/li>\n<li>Forbedre de medisinske verkt\u00f8yene som er tilgjengelig for legene for \u00e5 identifisere og behandle sykdommen.<\/li>\n<li>Forbedre omsorgen og apparatet som er tilgjengelig for \u00e5 hjelpe pasienter, familier og helsearbeidere slik at pasienter f\u00e5r optimal pleie i alle trinn av sykdommen.<\/li>\n<\/ul>\n<p>&nbsp;<\/p>\n[\/vc_column_text][\/vc_column][\/vc_row]\n<p>&nbsp;<\/p>\n<\/div>","protected":false},"excerpt":{"rendered":"<p>[vc_row][vc_column width=&raquo;1\/1&#8243;][vc_column_text] Om JPND [\/vc_column_text][vc_column_text] Det felleseuropeiske programmet for nevrodegenerative [&hellip;]<\/p>\n<a href=\"https:\/\/neurodegenerationresearch.eu\/nb\/om-jpnd\/\">View Post<\/a>","protected":false},"author":3,"featured_media":0,"parent":0,"menu_order":134,"comment_status":"closed","ping_status":"closed","template":"page-templates\/side-nav.php","meta":{"_acf_changed":false,"footnotes":""},"class_list":["post-7839","page","type-page","status-publish","hentry"],"acf":[],"yoast_head":"<!-- This site is optimized with the Yoast SEO plugin v27.4 - https:\/\/yoast.com\/product\/yoast-seo-wordpress\/ -->\n<title>Om JPND - JPND Neurodegenerative Disease Research<\/title>\n<meta name=\"robots\" content=\"index, follow, max-snippet:-1, max-image-preview:large, max-video-preview:-1\" \/>\n<link rel=\"canonical\" href=\"https:\/\/neurodegenerationresearch.eu\/nb\/om-jpnd\/\" \/>\n<meta property=\"og:locale\" content=\"nb_NO\" \/>\n<meta property=\"og:type\" content=\"article\" \/>\n<meta property=\"og:title\" content=\"Om JPND - JPND Neurodegenerative Disease Research\" \/>\n<meta property=\"og:description\" content=\"[vc_row][vc_column width=&raquo;1\/1&#8243;][vc_column_text] Om JPND [\/vc_column_text][vc_column_text] Det felleseuropeiske programmet for nevrodegenerative [&hellip;]\" \/>\n<meta property=\"og:url\" content=\"https:\/\/neurodegenerationresearch.eu\/nb\/om-jpnd\/\" \/>\n<meta property=\"og:site_name\" content=\"JPND Neurodegenerative Disease Research\" \/>\n<meta property=\"article:modified_time\" content=\"2017-05-09T12:25:52+00:00\" \/>\n<meta property=\"og:image\" content=\"https:\/\/www.neurodegenerationresearch.eu\/typo3temp\/pics\/3b51d0e84a.jpg\" \/>\n<meta name=\"twitter:card\" content=\"summary_large_image\" \/>\n<meta name=\"twitter:site\" content=\"@JPNDeurope\" \/>\n<meta name=\"twitter:label1\" content=\"Ansl. lesetid\" \/>\n\t<meta name=\"twitter:data1\" content=\"1 minutt\" \/>\n<script type=\"application\/ld+json\" class=\"yoast-schema-graph\">{\"@context\":\"https:\\\/\\\/schema.org\",\"@graph\":[{\"@type\":\"WebPage\",\"@id\":\"https:\\\/\\\/neurodegenerationresearch.eu\\\/nb\\\/om-jpnd\\\/\",\"url\":\"https:\\\/\\\/neurodegenerationresearch.eu\\\/nb\\\/om-jpnd\\\/\",\"name\":\"Om JPND - JPND Neurodegenerative Disease Research\",\"isPartOf\":{\"@id\":\"https:\\\/\\\/neurodegenerationresearch.eu\\\/#website\"},\"primaryImageOfPage\":{\"@id\":\"https:\\\/\\\/neurodegenerationresearch.eu\\\/nb\\\/om-jpnd\\\/#primaryimage\"},\"image\":{\"@id\":\"https:\\\/\\\/neurodegenerationresearch.eu\\\/nb\\\/om-jpnd\\\/#primaryimage\"},\"thumbnailUrl\":\"https:\\\/\\\/www.neurodegenerationresearch.eu\\\/typo3temp\\\/pics\\\/3b51d0e84a.jpg\",\"datePublished\":\"2017-04-25T12:03:57+00:00\",\"dateModified\":\"2017-05-09T12:25:52+00:00\",\"breadcrumb\":{\"@id\":\"https:\\\/\\\/neurodegenerationresearch.eu\\\/nb\\\/om-jpnd\\\/#breadcrumb\"},\"inLanguage\":\"nb-NO\",\"potentialAction\":[{\"@type\":\"ReadAction\",\"target\":[\"https:\\\/\\\/neurodegenerationresearch.eu\\\/nb\\\/om-jpnd\\\/\"]}]},{\"@type\":\"ImageObject\",\"inLanguage\":\"nb-NO\",\"@id\":\"https:\\\/\\\/neurodegenerationresearch.eu\\\/nb\\\/om-jpnd\\\/#primaryimage\",\"url\":\"https:\\\/\\\/www.neurodegenerationresearch.eu\\\/typo3temp\\\/pics\\\/3b51d0e84a.jpg\",\"contentUrl\":\"https:\\\/\\\/www.neurodegenerationresearch.eu\\\/typo3temp\\\/pics\\\/3b51d0e84a.jpg\"},{\"@type\":\"BreadcrumbList\",\"@id\":\"https:\\\/\\\/neurodegenerationresearch.eu\\\/nb\\\/om-jpnd\\\/#breadcrumb\",\"itemListElement\":[{\"@type\":\"ListItem\",\"position\":1,\"name\":\"Home\",\"item\":\"https:\\\/\\\/neurodegenerationresearch.eu\\\/\"},{\"@type\":\"ListItem\",\"position\":2,\"name\":\"Om JPND\"}]},{\"@type\":\"WebSite\",\"@id\":\"https:\\\/\\\/neurodegenerationresearch.eu\\\/#website\",\"url\":\"https:\\\/\\\/neurodegenerationresearch.eu\\\/\",\"name\":\"JPND Neurodegenerative Disease Research\",\"description\":\"Neurodegenerative Disease Research\",\"publisher\":{\"@id\":\"https:\\\/\\\/neurodegenerationresearch.eu\\\/#organization\"},\"potentialAction\":[{\"@type\":\"SearchAction\",\"target\":{\"@type\":\"EntryPoint\",\"urlTemplate\":\"https:\\\/\\\/neurodegenerationresearch.eu\\\/?s={search_term_string}\"},\"query-input\":{\"@type\":\"PropertyValueSpecification\",\"valueRequired\":true,\"valueName\":\"search_term_string\"}}],\"inLanguage\":\"nb-NO\"},{\"@type\":\"Organization\",\"@id\":\"https:\\\/\\\/neurodegenerationresearch.eu\\\/#organization\",\"name\":\"JPND\",\"url\":\"https:\\\/\\\/neurodegenerationresearch.eu\\\/\",\"logo\":{\"@type\":\"ImageObject\",\"inLanguage\":\"nb-NO\",\"@id\":\"https:\\\/\\\/neurodegenerationresearch.eu\\\/#\\\/schema\\\/logo\\\/image\\\/\",\"url\":\"https:\\\/\\\/www.neurodegenerationresearch.eu\\\/wp-content\\\/uploads\\\/2022\\\/03\\\/logo.png\",\"contentUrl\":\"https:\\\/\\\/www.neurodegenerationresearch.eu\\\/wp-content\\\/uploads\\\/2022\\\/03\\\/logo.png\",\"width\":248,\"height\":129,\"caption\":\"JPND\"},\"image\":{\"@id\":\"https:\\\/\\\/neurodegenerationresearch.eu\\\/#\\\/schema\\\/logo\\\/image\\\/\"},\"sameAs\":[\"https:\\\/\\\/x.com\\\/JPNDeurope\"]}]}<\/script>\n<!-- \/ Yoast SEO plugin. -->","yoast_head_json":{"title":"Om JPND - JPND Neurodegenerative Disease Research","robots":{"index":"index","follow":"follow","max-snippet":"max-snippet:-1","max-image-preview":"max-image-preview:large","max-video-preview":"max-video-preview:-1"},"canonical":"https:\/\/neurodegenerationresearch.eu\/nb\/om-jpnd\/","og_locale":"nb_NO","og_type":"article","og_title":"Om JPND - JPND Neurodegenerative Disease Research","og_description":"[vc_row][vc_column width=&raquo;1\/1&#8243;][vc_column_text] Om JPND [\/vc_column_text][vc_column_text] Det felleseuropeiske programmet for nevrodegenerative [&hellip;]","og_url":"https:\/\/neurodegenerationresearch.eu\/nb\/om-jpnd\/","og_site_name":"JPND Neurodegenerative Disease Research","article_modified_time":"2017-05-09T12:25:52+00:00","og_image":[{"url":"https:\/\/www.neurodegenerationresearch.eu\/typo3temp\/pics\/3b51d0e84a.jpg","type":"","width":"","height":""}],"twitter_card":"summary_large_image","twitter_site":"@JPNDeurope","twitter_misc":{"Ansl. lesetid":"1 minutt"},"schema":{"@context":"https:\/\/schema.org","@graph":[{"@type":"WebPage","@id":"https:\/\/neurodegenerationresearch.eu\/nb\/om-jpnd\/","url":"https:\/\/neurodegenerationresearch.eu\/nb\/om-jpnd\/","name":"Om JPND - JPND Neurodegenerative Disease Research","isPartOf":{"@id":"https:\/\/neurodegenerationresearch.eu\/#website"},"primaryImageOfPage":{"@id":"https:\/\/neurodegenerationresearch.eu\/nb\/om-jpnd\/#primaryimage"},"image":{"@id":"https:\/\/neurodegenerationresearch.eu\/nb\/om-jpnd\/#primaryimage"},"thumbnailUrl":"https:\/\/www.neurodegenerationresearch.eu\/typo3temp\/pics\/3b51d0e84a.jpg","datePublished":"2017-04-25T12:03:57+00:00","dateModified":"2017-05-09T12:25:52+00:00","breadcrumb":{"@id":"https:\/\/neurodegenerationresearch.eu\/nb\/om-jpnd\/#breadcrumb"},"inLanguage":"nb-NO","potentialAction":[{"@type":"ReadAction","target":["https:\/\/neurodegenerationresearch.eu\/nb\/om-jpnd\/"]}]},{"@type":"ImageObject","inLanguage":"nb-NO","@id":"https:\/\/neurodegenerationresearch.eu\/nb\/om-jpnd\/#primaryimage","url":"https:\/\/www.neurodegenerationresearch.eu\/typo3temp\/pics\/3b51d0e84a.jpg","contentUrl":"https:\/\/www.neurodegenerationresearch.eu\/typo3temp\/pics\/3b51d0e84a.jpg"},{"@type":"BreadcrumbList","@id":"https:\/\/neurodegenerationresearch.eu\/nb\/om-jpnd\/#breadcrumb","itemListElement":[{"@type":"ListItem","position":1,"name":"Home","item":"https:\/\/neurodegenerationresearch.eu\/"},{"@type":"ListItem","position":2,"name":"Om JPND"}]},{"@type":"WebSite","@id":"https:\/\/neurodegenerationresearch.eu\/#website","url":"https:\/\/neurodegenerationresearch.eu\/","name":"JPND Neurodegenerative Disease Research","description":"Neurodegenerative Disease Research","publisher":{"@id":"https:\/\/neurodegenerationresearch.eu\/#organization"},"potentialAction":[{"@type":"SearchAction","target":{"@type":"EntryPoint","urlTemplate":"https:\/\/neurodegenerationresearch.eu\/?s={search_term_string}"},"query-input":{"@type":"PropertyValueSpecification","valueRequired":true,"valueName":"search_term_string"}}],"inLanguage":"nb-NO"},{"@type":"Organization","@id":"https:\/\/neurodegenerationresearch.eu\/#organization","name":"JPND","url":"https:\/\/neurodegenerationresearch.eu\/","logo":{"@type":"ImageObject","inLanguage":"nb-NO","@id":"https:\/\/neurodegenerationresearch.eu\/#\/schema\/logo\/image\/","url":"https:\/\/www.neurodegenerationresearch.eu\/wp-content\/uploads\/2022\/03\/logo.png","contentUrl":"https:\/\/www.neurodegenerationresearch.eu\/wp-content\/uploads\/2022\/03\/logo.png","width":248,"height":129,"caption":"JPND"},"image":{"@id":"https:\/\/neurodegenerationresearch.eu\/#\/schema\/logo\/image\/"},"sameAs":["https:\/\/x.com\/JPNDeurope"]}]}},"_links":{"self":[{"href":"https:\/\/neurodegenerationresearch.eu\/nb\/wp-json\/wp\/v2\/pages\/7839","targetHints":{"allow":["GET"]}}],"collection":[{"href":"https:\/\/neurodegenerationresearch.eu\/nb\/wp-json\/wp\/v2\/pages"}],"about":[{"href":"https:\/\/neurodegenerationresearch.eu\/nb\/wp-json\/wp\/v2\/types\/page"}],"author":[{"embeddable":true,"href":"https:\/\/neurodegenerationresearch.eu\/nb\/wp-json\/wp\/v2\/users\/3"}],"replies":[{"embeddable":true,"href":"https:\/\/neurodegenerationresearch.eu\/nb\/wp-json\/wp\/v2\/comments?post=7839"}],"version-history":[{"count":0,"href":"https:\/\/neurodegenerationresearch.eu\/nb\/wp-json\/wp\/v2\/pages\/7839\/revisions"}],"wp:attachment":[{"href":"https:\/\/neurodegenerationresearch.eu\/nb\/wp-json\/wp\/v2\/media?parent=7839"}],"curies":[{"name":"wp","href":"https:\/\/api.w.org\/{rel}","templated":true}]}}