{"id":7844,"date":"2017-04-25T12:07:25","date_gmt":"2017-04-25T12:07:25","guid":{"rendered":"http:\/\/www.neurodegenerationresearch.eu\/?page_id=7844\/"},"modified":"2017-05-09T12:38:47","modified_gmt":"2017-05-09T12:38:47","slug":"informacje-o-jpnd","status":"publish","type":"page","link":"https:\/\/neurodegenerationresearch.eu\/pl\/informacje-o-jpnd\/","title":{"rendered":"Informacje o JPND"},"content":{"rendered":"<div class=\"wpb-content-wrapper\">[vc_row][vc_column width=&#8221;1\/1&#8243;][vc_column_text]\n<p><strong>Informacje o JPND<\/strong><\/p>\n<div class=\"separator\"><\/div>[\/vc_column_text][vc_column_text]<img loading=\"lazy\" decoding=\"async\" class=\"gmail- gmail- alignright\" title=\"A key component of this research will be to examine the best overall healthcare models to treat neurodegenerative disease\" src=\"https:\/\/www.neurodegenerationresearch.eu\/typo3temp\/pics\/3b51d0e84a.jpg\" alt=\"A key component of this research will be to examine the best overall healthcare models to treat neurodegenerative disease\" width=\"200\" height=\"134\" \/><\/p>\n<p>Wsp\u00f3lny europejski program bada\u0144 nad chorobami neurodegeneracyjnymi (Joint Programme \u00a0&#8211; Neurodegenerative Disease Research, JPND) jest najwi\u0119ksz\u0105 mi\u0119dzynarodow\u0105 inicjatyw\u0105, kt\u00f3rej celem jest zmierzenie si\u0119 z wyzwaniami, jakie niesie wykrywanie i leczenie chor\u00f3b zwyrodnieniowych centralnego uk\u0142adu nerwowego. JPND d\u0105\u017cy do zwi\u0119kszenia skoordynowanych inwestycji w krajach zaanga\u017cowanych w program, kt\u00f3rego celem jest znalezienie przyczyn, stworzenie odpowiednich lek\u00f3w i opracowanie metod terapii dla pacjent\u00f3w z chorobami neurodegeneracyjnymi.<\/p>\n<p>Najwa\u017cniejszym celem JPND jest stworzenie odpowiednich lek\u00f3w dla os\u00f3b dotkni\u0119tych chorobami neurodegeneracyjnymi oraz opracowanie metod wczesnego wykrywania tych chor\u00f3b w celu rozpocz\u0119cia odpowiednio ukierunkowanej terapii. Nie mo\u017cna jednak przewidzie\u0107, kiedy cele te zostan\u0105 osi\u0105gni\u0119te.<\/p>\n<p>Wsp\u00f3\u0142praca mi\u0119dzy krajami korzystnie wp\u0142ynie na realizacje cel\u00f3w badawczych JPND i przyczyni si\u0119 do usprawnienia procesu poszukiwania rozwi\u0105za\u0144, kt\u00f3re pomog\u0105 \u0142agodzi\u0107 objawy oraz zmniejszy\u0107 spo\u0142eczny i ekonomiczny wp\u0142yw chor\u00f3b neurodegeneracyjnych na pacjent\u00f3w, ich rodziny oraz system opieki zdrowotnej.<\/p>\n<p><strong>Trzy g\u0142\u00f3wne za\u0142o\u017cenia projektu: <\/strong><\/p>\n<ul>\n<li>Zwi\u0119kszenie naukowego zrozumienia tego typu chor\u00f3b.<\/li>\n<li>Udoskonalenie narz\u0119dzi medycznych dost\u0119pnych dla lekarzy, umo\u017cliwiaj\u0105cych rozpoznawanie objaw\u00f3w i leczenie.<\/li>\n<li>Poprawa opieki socjalnej i zwi\u0119kszenie wsparcia dla pacjent\u00f3w oraz ich rodzin oraz usprawnienie dzia\u0142ania instytucji opieki zdrowotnej, aby zapewni\u0107 pacjentom optymalne wsparcie na ka\u017cdym etapie choroby.<\/li>\n<\/ul>\n[\/vc_column_text][\/vc_column][\/vc_row]\n<\/div>","protected":false},"excerpt":{"rendered":"<p>[vc_row][vc_column width=&#8221;1\/1&#8243;][vc_column_text] Informacje o JPND [\/vc_column_text][vc_column_text] Wsp\u00f3lny europejski program bada\u0144 [&hellip;]<\/p>\n<a href=\"https:\/\/neurodegenerationresearch.eu\/pl\/informacje-o-jpnd\/\">View Post<\/a>","protected":false},"author":3,"featured_media":0,"parent":0,"menu_order":134,"comment_status":"closed","ping_status":"closed","template":"page-templates\/side-nav.php","meta":{"_acf_changed":false,"footnotes":""},"class_list":["post-7844","page","type-page","status-publish","hentry"],"acf":[],"yoast_head":"<!-- This site is optimized with the Yoast SEO plugin v27.4 - https:\/\/yoast.com\/product\/yoast-seo-wordpress\/ -->\n<title>Informacje o JPND - JPND Neurodegenerative Disease Research<\/title>\n<meta name=\"robots\" content=\"index, follow, max-snippet:-1, max-image-preview:large, max-video-preview:-1\" \/>\n<link rel=\"canonical\" href=\"https:\/\/neurodegenerationresearch.eu\/pl\/informacje-o-jpnd\/\" \/>\n<meta property=\"og:locale\" content=\"pl_PL\" \/>\n<meta property=\"og:type\" content=\"article\" \/>\n<meta property=\"og:title\" content=\"Informacje o JPND - JPND Neurodegenerative Disease Research\" \/>\n<meta property=\"og:description\" content=\"[vc_row][vc_column width=&#8221;1\/1&#8243;][vc_column_text] Informacje o JPND [\/vc_column_text][vc_column_text] Wsp\u00f3lny europejski program bada\u0144 [&hellip;]\" \/>\n<meta property=\"og:url\" content=\"https:\/\/neurodegenerationresearch.eu\/pl\/informacje-o-jpnd\/\" \/>\n<meta property=\"og:site_name\" content=\"JPND Neurodegenerative Disease Research\" \/>\n<meta property=\"article:modified_time\" content=\"2017-05-09T12:38:47+00:00\" \/>\n<meta property=\"og:image\" content=\"https:\/\/www.neurodegenerationresearch.eu\/typo3temp\/pics\/3b51d0e84a.jpg\" \/>\n<meta name=\"twitter:card\" content=\"summary_large_image\" \/>\n<meta name=\"twitter:site\" content=\"@JPNDeurope\" \/>\n<meta name=\"twitter:label1\" content=\"Szacowany czas czytania\" \/>\n\t<meta name=\"twitter:data1\" content=\"1 minuta\" \/>\n<script type=\"application\/ld+json\" class=\"yoast-schema-graph\">{\"@context\":\"https:\\\/\\\/schema.org\",\"@graph\":[{\"@type\":\"WebPage\",\"@id\":\"https:\\\/\\\/neurodegenerationresearch.eu\\\/pl\\\/informacje-o-jpnd\\\/\",\"url\":\"https:\\\/\\\/neurodegenerationresearch.eu\\\/pl\\\/informacje-o-jpnd\\\/\",\"name\":\"Informacje o JPND - JPND Neurodegenerative Disease Research\",\"isPartOf\":{\"@id\":\"https:\\\/\\\/neurodegenerationresearch.eu\\\/#website\"},\"primaryImageOfPage\":{\"@id\":\"https:\\\/\\\/neurodegenerationresearch.eu\\\/pl\\\/informacje-o-jpnd\\\/#primaryimage\"},\"image\":{\"@id\":\"https:\\\/\\\/neurodegenerationresearch.eu\\\/pl\\\/informacje-o-jpnd\\\/#primaryimage\"},\"thumbnailUrl\":\"https:\\\/\\\/www.neurodegenerationresearch.eu\\\/typo3temp\\\/pics\\\/3b51d0e84a.jpg\",\"datePublished\":\"2017-04-25T12:07:25+00:00\",\"dateModified\":\"2017-05-09T12:38:47+00:00\",\"breadcrumb\":{\"@id\":\"https:\\\/\\\/neurodegenerationresearch.eu\\\/pl\\\/informacje-o-jpnd\\\/#breadcrumb\"},\"inLanguage\":\"pl-PL\",\"potentialAction\":[{\"@type\":\"ReadAction\",\"target\":[\"https:\\\/\\\/neurodegenerationresearch.eu\\\/pl\\\/informacje-o-jpnd\\\/\"]}]},{\"@type\":\"ImageObject\",\"inLanguage\":\"pl-PL\",\"@id\":\"https:\\\/\\\/neurodegenerationresearch.eu\\\/pl\\\/informacje-o-jpnd\\\/#primaryimage\",\"url\":\"https:\\\/\\\/www.neurodegenerationresearch.eu\\\/typo3temp\\\/pics\\\/3b51d0e84a.jpg\",\"contentUrl\":\"https:\\\/\\\/www.neurodegenerationresearch.eu\\\/typo3temp\\\/pics\\\/3b51d0e84a.jpg\"},{\"@type\":\"BreadcrumbList\",\"@id\":\"https:\\\/\\\/neurodegenerationresearch.eu\\\/pl\\\/informacje-o-jpnd\\\/#breadcrumb\",\"itemListElement\":[{\"@type\":\"ListItem\",\"position\":1,\"name\":\"Home\",\"item\":\"https:\\\/\\\/neurodegenerationresearch.eu\\\/\"},{\"@type\":\"ListItem\",\"position\":2,\"name\":\"Informacje o JPND\"}]},{\"@type\":\"WebSite\",\"@id\":\"https:\\\/\\\/neurodegenerationresearch.eu\\\/#website\",\"url\":\"https:\\\/\\\/neurodegenerationresearch.eu\\\/\",\"name\":\"JPND Neurodegenerative Disease Research\",\"description\":\"Neurodegenerative Disease Research\",\"publisher\":{\"@id\":\"https:\\\/\\\/neurodegenerationresearch.eu\\\/#organization\"},\"potentialAction\":[{\"@type\":\"SearchAction\",\"target\":{\"@type\":\"EntryPoint\",\"urlTemplate\":\"https:\\\/\\\/neurodegenerationresearch.eu\\\/?s={search_term_string}\"},\"query-input\":{\"@type\":\"PropertyValueSpecification\",\"valueRequired\":true,\"valueName\":\"search_term_string\"}}],\"inLanguage\":\"pl-PL\"},{\"@type\":\"Organization\",\"@id\":\"https:\\\/\\\/neurodegenerationresearch.eu\\\/#organization\",\"name\":\"JPND\",\"url\":\"https:\\\/\\\/neurodegenerationresearch.eu\\\/\",\"logo\":{\"@type\":\"ImageObject\",\"inLanguage\":\"pl-PL\",\"@id\":\"https:\\\/\\\/neurodegenerationresearch.eu\\\/#\\\/schema\\\/logo\\\/image\\\/\",\"url\":\"https:\\\/\\\/www.neurodegenerationresearch.eu\\\/wp-content\\\/uploads\\\/2022\\\/03\\\/logo.png\",\"contentUrl\":\"https:\\\/\\\/www.neurodegenerationresearch.eu\\\/wp-content\\\/uploads\\\/2022\\\/03\\\/logo.png\",\"width\":248,\"height\":129,\"caption\":\"JPND\"},\"image\":{\"@id\":\"https:\\\/\\\/neurodegenerationresearch.eu\\\/#\\\/schema\\\/logo\\\/image\\\/\"},\"sameAs\":[\"https:\\\/\\\/x.com\\\/JPNDeurope\"]}]}<\/script>\n<!-- \/ Yoast SEO plugin. -->","yoast_head_json":{"title":"Informacje o JPND - JPND Neurodegenerative Disease Research","robots":{"index":"index","follow":"follow","max-snippet":"max-snippet:-1","max-image-preview":"max-image-preview:large","max-video-preview":"max-video-preview:-1"},"canonical":"https:\/\/neurodegenerationresearch.eu\/pl\/informacje-o-jpnd\/","og_locale":"pl_PL","og_type":"article","og_title":"Informacje o JPND - JPND Neurodegenerative Disease Research","og_description":"[vc_row][vc_column width=&#8221;1\/1&#8243;][vc_column_text] Informacje o JPND [\/vc_column_text][vc_column_text] Wsp\u00f3lny europejski program bada\u0144 [&hellip;]","og_url":"https:\/\/neurodegenerationresearch.eu\/pl\/informacje-o-jpnd\/","og_site_name":"JPND Neurodegenerative Disease Research","article_modified_time":"2017-05-09T12:38:47+00:00","og_image":[{"url":"https:\/\/www.neurodegenerationresearch.eu\/typo3temp\/pics\/3b51d0e84a.jpg","type":"","width":"","height":""}],"twitter_card":"summary_large_image","twitter_site":"@JPNDeurope","twitter_misc":{"Szacowany czas czytania":"1 minuta"},"schema":{"@context":"https:\/\/schema.org","@graph":[{"@type":"WebPage","@id":"https:\/\/neurodegenerationresearch.eu\/pl\/informacje-o-jpnd\/","url":"https:\/\/neurodegenerationresearch.eu\/pl\/informacje-o-jpnd\/","name":"Informacje o JPND - JPND Neurodegenerative Disease Research","isPartOf":{"@id":"https:\/\/neurodegenerationresearch.eu\/#website"},"primaryImageOfPage":{"@id":"https:\/\/neurodegenerationresearch.eu\/pl\/informacje-o-jpnd\/#primaryimage"},"image":{"@id":"https:\/\/neurodegenerationresearch.eu\/pl\/informacje-o-jpnd\/#primaryimage"},"thumbnailUrl":"https:\/\/www.neurodegenerationresearch.eu\/typo3temp\/pics\/3b51d0e84a.jpg","datePublished":"2017-04-25T12:07:25+00:00","dateModified":"2017-05-09T12:38:47+00:00","breadcrumb":{"@id":"https:\/\/neurodegenerationresearch.eu\/pl\/informacje-o-jpnd\/#breadcrumb"},"inLanguage":"pl-PL","potentialAction":[{"@type":"ReadAction","target":["https:\/\/neurodegenerationresearch.eu\/pl\/informacje-o-jpnd\/"]}]},{"@type":"ImageObject","inLanguage":"pl-PL","@id":"https:\/\/neurodegenerationresearch.eu\/pl\/informacje-o-jpnd\/#primaryimage","url":"https:\/\/www.neurodegenerationresearch.eu\/typo3temp\/pics\/3b51d0e84a.jpg","contentUrl":"https:\/\/www.neurodegenerationresearch.eu\/typo3temp\/pics\/3b51d0e84a.jpg"},{"@type":"BreadcrumbList","@id":"https:\/\/neurodegenerationresearch.eu\/pl\/informacje-o-jpnd\/#breadcrumb","itemListElement":[{"@type":"ListItem","position":1,"name":"Home","item":"https:\/\/neurodegenerationresearch.eu\/"},{"@type":"ListItem","position":2,"name":"Informacje o JPND"}]},{"@type":"WebSite","@id":"https:\/\/neurodegenerationresearch.eu\/#website","url":"https:\/\/neurodegenerationresearch.eu\/","name":"JPND Neurodegenerative Disease Research","description":"Neurodegenerative Disease Research","publisher":{"@id":"https:\/\/neurodegenerationresearch.eu\/#organization"},"potentialAction":[{"@type":"SearchAction","target":{"@type":"EntryPoint","urlTemplate":"https:\/\/neurodegenerationresearch.eu\/?s={search_term_string}"},"query-input":{"@type":"PropertyValueSpecification","valueRequired":true,"valueName":"search_term_string"}}],"inLanguage":"pl-PL"},{"@type":"Organization","@id":"https:\/\/neurodegenerationresearch.eu\/#organization","name":"JPND","url":"https:\/\/neurodegenerationresearch.eu\/","logo":{"@type":"ImageObject","inLanguage":"pl-PL","@id":"https:\/\/neurodegenerationresearch.eu\/#\/schema\/logo\/image\/","url":"https:\/\/www.neurodegenerationresearch.eu\/wp-content\/uploads\/2022\/03\/logo.png","contentUrl":"https:\/\/www.neurodegenerationresearch.eu\/wp-content\/uploads\/2022\/03\/logo.png","width":248,"height":129,"caption":"JPND"},"image":{"@id":"https:\/\/neurodegenerationresearch.eu\/#\/schema\/logo\/image\/"},"sameAs":["https:\/\/x.com\/JPNDeurope"]}]}},"_links":{"self":[{"href":"https:\/\/neurodegenerationresearch.eu\/pl\/wp-json\/wp\/v2\/pages\/7844","targetHints":{"allow":["GET"]}}],"collection":[{"href":"https:\/\/neurodegenerationresearch.eu\/pl\/wp-json\/wp\/v2\/pages"}],"about":[{"href":"https:\/\/neurodegenerationresearch.eu\/pl\/wp-json\/wp\/v2\/types\/page"}],"author":[{"embeddable":true,"href":"https:\/\/neurodegenerationresearch.eu\/pl\/wp-json\/wp\/v2\/users\/3"}],"replies":[{"embeddable":true,"href":"https:\/\/neurodegenerationresearch.eu\/pl\/wp-json\/wp\/v2\/comments?post=7844"}],"version-history":[{"count":0,"href":"https:\/\/neurodegenerationresearch.eu\/pl\/wp-json\/wp\/v2\/pages\/7844\/revisions"}],"wp:attachment":[{"href":"https:\/\/neurodegenerationresearch.eu\/pl\/wp-json\/wp\/v2\/media?parent=7844"}],"curies":[{"name":"wp","href":"https:\/\/api.w.org\/{rel}","templated":true}]}}