{"id":7852,"date":"2017-04-25T13:51:54","date_gmt":"2017-04-25T13:51:54","guid":{"rendered":"http:\/\/www.neurodegenerationresearch.eu\/?page_id=7852\/"},"modified":"2017-04-25T13:51:54","modified_gmt":"2017-04-25T13:51:54","slug":"o-iniciative-jpnd","status":"publish","type":"page","link":"https:\/\/neurodegenerationresearch.eu\/sk\/o-iniciative-jpnd\/","title":{"rendered":"O iniciat\u00edve JPND"},"content":{"rendered":"<div class=\"wpb-content-wrapper\">[vc_row][vc_column width=&#8220;1\/1&#8243;][vc_column_text]\n<p><strong>O iniciat\u00edve JPND<\/strong><\/p>\n<div class=\"separator\"><\/div>[\/vc_column_text][vc_column_text]<img loading=\"lazy\" decoding=\"async\" class=\"gmail- gmail- alignright\" title=\"A key component of this research will be to examine the best overall healthcare models to treat neurodegenerative disease\" src=\"https:\/\/www.neurodegenerationresearch.eu\/typo3temp\/pics\/3b51d0e84a.jpg\" alt=\"A key component of this research will be to examine the best overall healthcare models to treat neurodegenerative disease\" width=\"200\" height=\"134\" \/><\/p>\n<p>EU Joint Programme \u2013 Neurodegenerative Disease Research (Spolo\u010dn\u00fd program E\u00da \u2013 V\u00fdskum neurodegenerat\u00edvnych chor\u00f4b \u2013 JPND) je najv\u00e4\u010d\u0161ia v\u00fdskumn\u00e1 iniciat\u00edva na svete zameran\u00e1 na lie\u010dbu neurodegenerat\u00edvnych ochoren\u00ed. Cie\u013eom JPND je zv\u00fd\u0161i\u0165 medzi z\u00fa\u010dastnen\u00fdmi krajinami koordinovan\u00e9 invest\u00edcie do v\u00fdskumu zameran\u00e9ho na h\u013eadanie pr\u00ed\u010din, v\u00fdvoj liekov a identifik\u00e1ciu sp\u00f4sobov starostlivosti o pacientov trpiacich neurodegenerat\u00edvnymi ochoreniami.<\/p>\n<p>Hlavn\u00fdm cie\u013eom JPND je h\u013eada\u0165 lieky na neurodegenerat\u00edvne ochorenia a umo\u017eni\u0165 v\u010dasn\u00fa diagnostiku na v\u010dasn\u00fa cielen\u00fa lie\u010dbu. Nie je v\u0161ak mo\u017en\u00e9 poskytn\u00fa\u0165 definit\u00edvnu predpove\u010f o tom, ako dlho bude realiz\u00e1cia trva\u0165.<\/p>\n<p>Medzit\u00fdm iniciat\u00edva JPND prostredn\u00edctvom svojej v\u00fdskumnej strat\u00e9gie identifikovala spolo\u010dn\u00e9 v\u00fdskumn\u00e9 ciele, ktor\u00e9 bud\u00fa \u010derpa\u0165 v\u00fdhody spolo\u010dnej \u010dinnosti jednotliv\u00fdch kraj\u00edn s cie\u013eom ur\u00fdchli\u0165 postup rie\u0161en\u00ed, ktor\u00e9 by mohli zmierni\u0165 pr\u00edznaky a zn\u00ed\u017ei\u0165 soci\u00e1lne a ekonomick\u00e9 dopady na pacientov, rodiny a syst\u00e9my zdravotnej starostlivosti.<\/p>\n<p><strong>V r\u00e1mci tejto pr\u00e1ce existuj\u00fa tri hlavn\u00e9 zlo\u017eky: <\/strong><\/p>\n<ul>\n<li>Zlep\u0161enie vedeck\u00e9ho pochopenia t\u00fdchto chor\u00f4b.<\/li>\n<li>Zlep\u0161enie lek\u00e1rskych n\u00e1strojov dostupn\u00fdch pre lek\u00e1rov na identifik\u00e1ciu a lie\u010dbu t\u00fdchto chor\u00f4b.<\/li>\n<li>Zlep\u0161enie dostupnej soci\u00e1lnej starostlivosti a \u0161trukt\u00far na pomoc pacientom, ich rodin\u00e1m a\u00a0poskytovate\u013eom zdravotnej starostlivosti tak, aby pacienti dostali optim\u00e1lnu starostlivos\u0165 vo v\u0161etk\u00fdch f\u00e1zach ochorenia.<\/li>\n<\/ul>\n[\/vc_column_text][\/vc_column][\/vc_row]\n<\/div>","protected":false},"excerpt":{"rendered":"<p>[vc_row][vc_column width=&#8220;1\/1&#8243;][vc_column_text] O iniciat\u00edve JPND [\/vc_column_text][vc_column_text] EU Joint Programme \u2013 [&hellip;]<\/p>\n<a href=\"https:\/\/neurodegenerationresearch.eu\/sk\/o-iniciative-jpnd\/\">View Post<\/a>","protected":false},"author":3,"featured_media":0,"parent":0,"menu_order":134,"comment_status":"closed","ping_status":"closed","template":"page-templates\/side-nav.php","meta":{"_acf_changed":false,"footnotes":""},"class_list":["post-7852","page","type-page","status-publish","hentry"],"acf":[],"yoast_head":"<!-- This site is optimized with the Yoast SEO plugin v27.4 - https:\/\/yoast.com\/product\/yoast-seo-wordpress\/ -->\n<title>O iniciat\u00edve JPND - JPND Neurodegenerative Disease Research<\/title>\n<meta name=\"robots\" content=\"index, follow, max-snippet:-1, max-image-preview:large, max-video-preview:-1\" \/>\n<link rel=\"canonical\" href=\"https:\/\/neurodegenerationresearch.eu\/sk\/o-iniciative-jpnd\/\" \/>\n<meta property=\"og:locale\" content=\"sk_SK\" \/>\n<meta property=\"og:type\" content=\"article\" \/>\n<meta property=\"og:title\" content=\"O iniciat\u00edve JPND - JPND Neurodegenerative Disease Research\" \/>\n<meta property=\"og:description\" content=\"[vc_row][vc_column width=&#8220;1\/1&#8243;][vc_column_text] O iniciat\u00edve JPND [\/vc_column_text][vc_column_text] EU Joint Programme \u2013 [&hellip;]\" \/>\n<meta property=\"og:url\" content=\"https:\/\/neurodegenerationresearch.eu\/sk\/o-iniciative-jpnd\/\" \/>\n<meta property=\"og:site_name\" content=\"JPND Neurodegenerative Disease Research\" \/>\n<meta property=\"og:image\" content=\"https:\/\/www.neurodegenerationresearch.eu\/typo3temp\/pics\/3b51d0e84a.jpg\" \/>\n<meta name=\"twitter:card\" content=\"summary_large_image\" \/>\n<meta name=\"twitter:site\" content=\"@JPNDeurope\" \/>\n<meta name=\"twitter:label1\" content=\"Predpokladan\u00fd \u010das \u010d\u00edtania\" \/>\n\t<meta name=\"twitter:data1\" content=\"1 min\u00fata\" \/>\n<script type=\"application\/ld+json\" class=\"yoast-schema-graph\">{\"@context\":\"https:\\\/\\\/schema.org\",\"@graph\":[{\"@type\":\"WebPage\",\"@id\":\"https:\\\/\\\/neurodegenerationresearch.eu\\\/sk\\\/o-iniciative-jpnd\\\/\",\"url\":\"https:\\\/\\\/neurodegenerationresearch.eu\\\/sk\\\/o-iniciative-jpnd\\\/\",\"name\":\"O iniciat\u00edve JPND - JPND Neurodegenerative Disease Research\",\"isPartOf\":{\"@id\":\"https:\\\/\\\/neurodegenerationresearch.eu\\\/#website\"},\"primaryImageOfPage\":{\"@id\":\"https:\\\/\\\/neurodegenerationresearch.eu\\\/sk\\\/o-iniciative-jpnd\\\/#primaryimage\"},\"image\":{\"@id\":\"https:\\\/\\\/neurodegenerationresearch.eu\\\/sk\\\/o-iniciative-jpnd\\\/#primaryimage\"},\"thumbnailUrl\":\"https:\\\/\\\/www.neurodegenerationresearch.eu\\\/typo3temp\\\/pics\\\/3b51d0e84a.jpg\",\"datePublished\":\"2017-04-25T13:51:54+00:00\",\"breadcrumb\":{\"@id\":\"https:\\\/\\\/neurodegenerationresearch.eu\\\/sk\\\/o-iniciative-jpnd\\\/#breadcrumb\"},\"inLanguage\":\"sk-SK\",\"potentialAction\":[{\"@type\":\"ReadAction\",\"target\":[\"https:\\\/\\\/neurodegenerationresearch.eu\\\/sk\\\/o-iniciative-jpnd\\\/\"]}]},{\"@type\":\"ImageObject\",\"inLanguage\":\"sk-SK\",\"@id\":\"https:\\\/\\\/neurodegenerationresearch.eu\\\/sk\\\/o-iniciative-jpnd\\\/#primaryimage\",\"url\":\"https:\\\/\\\/www.neurodegenerationresearch.eu\\\/typo3temp\\\/pics\\\/3b51d0e84a.jpg\",\"contentUrl\":\"https:\\\/\\\/www.neurodegenerationresearch.eu\\\/typo3temp\\\/pics\\\/3b51d0e84a.jpg\"},{\"@type\":\"BreadcrumbList\",\"@id\":\"https:\\\/\\\/neurodegenerationresearch.eu\\\/sk\\\/o-iniciative-jpnd\\\/#breadcrumb\",\"itemListElement\":[{\"@type\":\"ListItem\",\"position\":1,\"name\":\"Home\",\"item\":\"https:\\\/\\\/neurodegenerationresearch.eu\\\/\"},{\"@type\":\"ListItem\",\"position\":2,\"name\":\"O iniciat\u00edve JPND\"}]},{\"@type\":\"WebSite\",\"@id\":\"https:\\\/\\\/neurodegenerationresearch.eu\\\/#website\",\"url\":\"https:\\\/\\\/neurodegenerationresearch.eu\\\/\",\"name\":\"JPND Neurodegenerative Disease Research\",\"description\":\"Neurodegenerative Disease Research\",\"publisher\":{\"@id\":\"https:\\\/\\\/neurodegenerationresearch.eu\\\/#organization\"},\"potentialAction\":[{\"@type\":\"SearchAction\",\"target\":{\"@type\":\"EntryPoint\",\"urlTemplate\":\"https:\\\/\\\/neurodegenerationresearch.eu\\\/?s={search_term_string}\"},\"query-input\":{\"@type\":\"PropertyValueSpecification\",\"valueRequired\":true,\"valueName\":\"search_term_string\"}}],\"inLanguage\":\"sk-SK\"},{\"@type\":\"Organization\",\"@id\":\"https:\\\/\\\/neurodegenerationresearch.eu\\\/#organization\",\"name\":\"JPND\",\"url\":\"https:\\\/\\\/neurodegenerationresearch.eu\\\/\",\"logo\":{\"@type\":\"ImageObject\",\"inLanguage\":\"sk-SK\",\"@id\":\"https:\\\/\\\/neurodegenerationresearch.eu\\\/#\\\/schema\\\/logo\\\/image\\\/\",\"url\":\"https:\\\/\\\/www.neurodegenerationresearch.eu\\\/wp-content\\\/uploads\\\/2022\\\/03\\\/logo.png\",\"contentUrl\":\"https:\\\/\\\/www.neurodegenerationresearch.eu\\\/wp-content\\\/uploads\\\/2022\\\/03\\\/logo.png\",\"width\":248,\"height\":129,\"caption\":\"JPND\"},\"image\":{\"@id\":\"https:\\\/\\\/neurodegenerationresearch.eu\\\/#\\\/schema\\\/logo\\\/image\\\/\"},\"sameAs\":[\"https:\\\/\\\/x.com\\\/JPNDeurope\"]}]}<\/script>\n<!-- \/ Yoast SEO plugin. -->","yoast_head_json":{"title":"O iniciat\u00edve JPND - JPND Neurodegenerative Disease Research","robots":{"index":"index","follow":"follow","max-snippet":"max-snippet:-1","max-image-preview":"max-image-preview:large","max-video-preview":"max-video-preview:-1"},"canonical":"https:\/\/neurodegenerationresearch.eu\/sk\/o-iniciative-jpnd\/","og_locale":"sk_SK","og_type":"article","og_title":"O iniciat\u00edve JPND - JPND Neurodegenerative Disease Research","og_description":"[vc_row][vc_column width=&#8220;1\/1&#8243;][vc_column_text] O iniciat\u00edve JPND [\/vc_column_text][vc_column_text] EU Joint Programme \u2013 [&hellip;]","og_url":"https:\/\/neurodegenerationresearch.eu\/sk\/o-iniciative-jpnd\/","og_site_name":"JPND Neurodegenerative Disease Research","og_image":[{"url":"https:\/\/www.neurodegenerationresearch.eu\/typo3temp\/pics\/3b51d0e84a.jpg","type":"","width":"","height":""}],"twitter_card":"summary_large_image","twitter_site":"@JPNDeurope","twitter_misc":{"Predpokladan\u00fd \u010das \u010d\u00edtania":"1 min\u00fata"},"schema":{"@context":"https:\/\/schema.org","@graph":[{"@type":"WebPage","@id":"https:\/\/neurodegenerationresearch.eu\/sk\/o-iniciative-jpnd\/","url":"https:\/\/neurodegenerationresearch.eu\/sk\/o-iniciative-jpnd\/","name":"O iniciat\u00edve JPND - JPND Neurodegenerative Disease Research","isPartOf":{"@id":"https:\/\/neurodegenerationresearch.eu\/#website"},"primaryImageOfPage":{"@id":"https:\/\/neurodegenerationresearch.eu\/sk\/o-iniciative-jpnd\/#primaryimage"},"image":{"@id":"https:\/\/neurodegenerationresearch.eu\/sk\/o-iniciative-jpnd\/#primaryimage"},"thumbnailUrl":"https:\/\/www.neurodegenerationresearch.eu\/typo3temp\/pics\/3b51d0e84a.jpg","datePublished":"2017-04-25T13:51:54+00:00","breadcrumb":{"@id":"https:\/\/neurodegenerationresearch.eu\/sk\/o-iniciative-jpnd\/#breadcrumb"},"inLanguage":"sk-SK","potentialAction":[{"@type":"ReadAction","target":["https:\/\/neurodegenerationresearch.eu\/sk\/o-iniciative-jpnd\/"]}]},{"@type":"ImageObject","inLanguage":"sk-SK","@id":"https:\/\/neurodegenerationresearch.eu\/sk\/o-iniciative-jpnd\/#primaryimage","url":"https:\/\/www.neurodegenerationresearch.eu\/typo3temp\/pics\/3b51d0e84a.jpg","contentUrl":"https:\/\/www.neurodegenerationresearch.eu\/typo3temp\/pics\/3b51d0e84a.jpg"},{"@type":"BreadcrumbList","@id":"https:\/\/neurodegenerationresearch.eu\/sk\/o-iniciative-jpnd\/#breadcrumb","itemListElement":[{"@type":"ListItem","position":1,"name":"Home","item":"https:\/\/neurodegenerationresearch.eu\/"},{"@type":"ListItem","position":2,"name":"O iniciat\u00edve JPND"}]},{"@type":"WebSite","@id":"https:\/\/neurodegenerationresearch.eu\/#website","url":"https:\/\/neurodegenerationresearch.eu\/","name":"JPND Neurodegenerative Disease Research","description":"Neurodegenerative Disease Research","publisher":{"@id":"https:\/\/neurodegenerationresearch.eu\/#organization"},"potentialAction":[{"@type":"SearchAction","target":{"@type":"EntryPoint","urlTemplate":"https:\/\/neurodegenerationresearch.eu\/?s={search_term_string}"},"query-input":{"@type":"PropertyValueSpecification","valueRequired":true,"valueName":"search_term_string"}}],"inLanguage":"sk-SK"},{"@type":"Organization","@id":"https:\/\/neurodegenerationresearch.eu\/#organization","name":"JPND","url":"https:\/\/neurodegenerationresearch.eu\/","logo":{"@type":"ImageObject","inLanguage":"sk-SK","@id":"https:\/\/neurodegenerationresearch.eu\/#\/schema\/logo\/image\/","url":"https:\/\/www.neurodegenerationresearch.eu\/wp-content\/uploads\/2022\/03\/logo.png","contentUrl":"https:\/\/www.neurodegenerationresearch.eu\/wp-content\/uploads\/2022\/03\/logo.png","width":248,"height":129,"caption":"JPND"},"image":{"@id":"https:\/\/neurodegenerationresearch.eu\/#\/schema\/logo\/image\/"},"sameAs":["https:\/\/x.com\/JPNDeurope"]}]}},"_links":{"self":[{"href":"https:\/\/neurodegenerationresearch.eu\/sk\/wp-json\/wp\/v2\/pages\/7852","targetHints":{"allow":["GET"]}}],"collection":[{"href":"https:\/\/neurodegenerationresearch.eu\/sk\/wp-json\/wp\/v2\/pages"}],"about":[{"href":"https:\/\/neurodegenerationresearch.eu\/sk\/wp-json\/wp\/v2\/types\/page"}],"author":[{"embeddable":true,"href":"https:\/\/neurodegenerationresearch.eu\/sk\/wp-json\/wp\/v2\/users\/3"}],"replies":[{"embeddable":true,"href":"https:\/\/neurodegenerationresearch.eu\/sk\/wp-json\/wp\/v2\/comments?post=7852"}],"version-history":[{"count":0,"href":"https:\/\/neurodegenerationresearch.eu\/sk\/wp-json\/wp\/v2\/pages\/7852\/revisions"}],"wp:attachment":[{"href":"https:\/\/neurodegenerationresearch.eu\/sk\/wp-json\/wp\/v2\/media?parent=7852"}],"curies":[{"name":"wp","href":"https:\/\/api.w.org\/{rel}","templated":true}]}}