{"id":7810,"date":"2017-04-25T10:55:40","date_gmt":"2017-04-25T10:55:40","guid":{"rendered":"http:\/\/www.neurodegenerationresearch.eu\/?page_id=7810\/"},"modified":"2017-04-25T10:55:40","modified_gmt":"2017-04-25T10:55:40","slug":"om-jpnd","status":"publish","type":"page","link":"https:\/\/neurodegenerationresearch.eu\/sv\/om-jpnd\/","title":{"rendered":"Om JPND"},"content":{"rendered":"<div class=\"wpb-content-wrapper\">[vc_row][vc_column width=&#8221;1\/1&#8243;][vc_column_text]\n<p><strong>Om JPND<\/strong><\/p>\n<p><strong>\u00a0<\/strong><\/p>\n<div class=\"separator\"><\/div>[\/vc_column_text][vc_column_text]<img loading=\"lazy\" decoding=\"async\" class=\"gmail- alignright\" title=\"A key component of this research will be to examine the best overall healthcare models to treat neurodegenerative disease\" src=\"https:\/\/www.neurodegenerationresearch.eu\/typo3temp\/pics\/3b51d0e84a.jpg\" alt=\"A key component of this research will be to examine the best overall healthcare models to treat neurodegenerative disease\" width=\"200\" height=\"134\" \/><\/p>\n<p>EU Joint Programme \u2013 Neurodegenerative Disease Research (JPND) \u00e4r det st\u00f6rsta globala forskningsinitiativet f\u00f6r att hantera utmaningen av neurodegenerativa sjukdomar. JPND syftar till att st\u00e4rka \u00a0samordnade satsningar \u00a0mellan deltagande l\u00e4nder n\u00e4r det g\u00e4ller \u00a0forskning f\u00f6r att hitta orsaker, utveckla botemedel och identifiera adekvata former f\u00f6r v\u00e5rd och behandling av \u00a0personer med neurodegenerativa sjukdomar.<\/p>\n<p>Det yttersta m\u00e5let med JPND \u00e4r att hitta botemedel mot neurodegenerativa sjukdomar och kunna st\u00e4lla tidig diagnos s\u00e5 att riktade \u00a0behandlingsinsatser ska kunna ges. Det \u00e4r \u00e4nnu inte m\u00f6jligt att g\u00f6ra definitiva prognoser om n\u00e4r detta m\u00e5l kan n\u00e5s.<\/p>\n<p>P\u00e5 kortare sikt har JPND genom sin forskningsstrategi identifierat gemensamma forskningsm\u00e5l som gynnas av samverkan mellan l\u00e4nder f\u00f6r att p\u00e5skynda l\u00f6sningar som mildrar symtomen och minskar de sociala och ekonomiska effekterna \u00a0p\u00e5 patienter, familjer och v\u00e5rdsystem.<\/p>\n<p><strong>Detta arbete utg\u00f6rs av tre huvuddelar: <\/strong><\/p>\n<ul>\n<li>F\u00f6rb\u00e4ttra den vetenskapliga f\u00f6rst\u00e5elsen av sjukdomen.<\/li>\n<li>F\u00f6rb\u00e4ttra\u00a0 medicinska m\u00f6jligheter att \u00a0identifiera och behandla sjukdomen.<\/li>\n<li>F\u00f6rb\u00e4ttra den tillg\u00e4ngliga sociala omsorgen och strukturerna f\u00f6r att st\u00f6dja patienter, deras familjer och v\u00e5rdgivare s\u00e5 att patienterna kan erbjudas b\u00e4sta m\u00f6jliga v\u00e5rd under alla faser av sjukdomen.<\/li>\n<\/ul>\n[\/vc_column_text][\/vc_column][\/vc_row]\n<\/div>","protected":false},"excerpt":{"rendered":"<p>[vc_row][vc_column width=&#8221;1\/1&#8243;][vc_column_text] Om JPND \u00a0 [\/vc_column_text][vc_column_text] EU Joint Programme \u2013 [&hellip;]<\/p>\n<a href=\"https:\/\/neurodegenerationresearch.eu\/sv\/om-jpnd\/\">View Post<\/a>","protected":false},"author":3,"featured_media":0,"parent":0,"menu_order":134,"comment_status":"closed","ping_status":"closed","template":"page-templates\/side-nav.php","meta":{"_acf_changed":false,"footnotes":""},"class_list":["post-7810","page","type-page","status-publish","hentry"],"acf":[],"yoast_head":"<!-- This site is optimized with the Yoast SEO plugin v27.4 - https:\/\/yoast.com\/product\/yoast-seo-wordpress\/ -->\n<title>Om JPND - JPND Neurodegenerative Disease Research<\/title>\n<meta name=\"robots\" content=\"index, follow, max-snippet:-1, max-image-preview:large, max-video-preview:-1\" \/>\n<link rel=\"canonical\" href=\"https:\/\/neurodegenerationresearch.eu\/sv\/om-jpnd\/\" \/>\n<meta property=\"og:locale\" content=\"sv_SE\" \/>\n<meta property=\"og:type\" content=\"article\" \/>\n<meta property=\"og:title\" content=\"Om JPND - JPND Neurodegenerative Disease Research\" \/>\n<meta property=\"og:description\" content=\"[vc_row][vc_column width=&#8221;1\/1&#8243;][vc_column_text] Om JPND \u00a0 [\/vc_column_text][vc_column_text] EU Joint Programme \u2013 [&hellip;]\" \/>\n<meta property=\"og:url\" content=\"https:\/\/neurodegenerationresearch.eu\/sv\/om-jpnd\/\" \/>\n<meta property=\"og:site_name\" content=\"JPND Neurodegenerative Disease Research\" \/>\n<meta property=\"og:image\" content=\"https:\/\/www.neurodegenerationresearch.eu\/typo3temp\/pics\/3b51d0e84a.jpg\" \/>\n<meta name=\"twitter:card\" content=\"summary_large_image\" \/>\n<meta name=\"twitter:site\" content=\"@JPNDeurope\" \/>\n<meta name=\"twitter:label1\" content=\"Ber\u00e4knad l\u00e4stid\" \/>\n\t<meta name=\"twitter:data1\" content=\"1 minut\" \/>\n<script type=\"application\/ld+json\" class=\"yoast-schema-graph\">{\"@context\":\"https:\\\/\\\/schema.org\",\"@graph\":[{\"@type\":\"WebPage\",\"@id\":\"https:\\\/\\\/neurodegenerationresearch.eu\\\/sv\\\/om-jpnd\\\/\",\"url\":\"https:\\\/\\\/neurodegenerationresearch.eu\\\/sv\\\/om-jpnd\\\/\",\"name\":\"Om JPND - JPND Neurodegenerative Disease Research\",\"isPartOf\":{\"@id\":\"https:\\\/\\\/neurodegenerationresearch.eu\\\/#website\"},\"primaryImageOfPage\":{\"@id\":\"https:\\\/\\\/neurodegenerationresearch.eu\\\/sv\\\/om-jpnd\\\/#primaryimage\"},\"image\":{\"@id\":\"https:\\\/\\\/neurodegenerationresearch.eu\\\/sv\\\/om-jpnd\\\/#primaryimage\"},\"thumbnailUrl\":\"https:\\\/\\\/www.neurodegenerationresearch.eu\\\/typo3temp\\\/pics\\\/3b51d0e84a.jpg\",\"datePublished\":\"2017-04-25T10:55:40+00:00\",\"breadcrumb\":{\"@id\":\"https:\\\/\\\/neurodegenerationresearch.eu\\\/sv\\\/om-jpnd\\\/#breadcrumb\"},\"inLanguage\":\"sv-SE\",\"potentialAction\":[{\"@type\":\"ReadAction\",\"target\":[\"https:\\\/\\\/neurodegenerationresearch.eu\\\/sv\\\/om-jpnd\\\/\"]}]},{\"@type\":\"ImageObject\",\"inLanguage\":\"sv-SE\",\"@id\":\"https:\\\/\\\/neurodegenerationresearch.eu\\\/sv\\\/om-jpnd\\\/#primaryimage\",\"url\":\"https:\\\/\\\/www.neurodegenerationresearch.eu\\\/typo3temp\\\/pics\\\/3b51d0e84a.jpg\",\"contentUrl\":\"https:\\\/\\\/www.neurodegenerationresearch.eu\\\/typo3temp\\\/pics\\\/3b51d0e84a.jpg\"},{\"@type\":\"BreadcrumbList\",\"@id\":\"https:\\\/\\\/neurodegenerationresearch.eu\\\/sv\\\/om-jpnd\\\/#breadcrumb\",\"itemListElement\":[{\"@type\":\"ListItem\",\"position\":1,\"name\":\"Home\",\"item\":\"https:\\\/\\\/neurodegenerationresearch.eu\\\/\"},{\"@type\":\"ListItem\",\"position\":2,\"name\":\"Om JPND\"}]},{\"@type\":\"WebSite\",\"@id\":\"https:\\\/\\\/neurodegenerationresearch.eu\\\/#website\",\"url\":\"https:\\\/\\\/neurodegenerationresearch.eu\\\/\",\"name\":\"JPND Neurodegenerative Disease Research\",\"description\":\"Neurodegenerative Disease Research\",\"publisher\":{\"@id\":\"https:\\\/\\\/neurodegenerationresearch.eu\\\/#organization\"},\"potentialAction\":[{\"@type\":\"SearchAction\",\"target\":{\"@type\":\"EntryPoint\",\"urlTemplate\":\"https:\\\/\\\/neurodegenerationresearch.eu\\\/?s={search_term_string}\"},\"query-input\":{\"@type\":\"PropertyValueSpecification\",\"valueRequired\":true,\"valueName\":\"search_term_string\"}}],\"inLanguage\":\"sv-SE\"},{\"@type\":\"Organization\",\"@id\":\"https:\\\/\\\/neurodegenerationresearch.eu\\\/#organization\",\"name\":\"JPND\",\"url\":\"https:\\\/\\\/neurodegenerationresearch.eu\\\/\",\"logo\":{\"@type\":\"ImageObject\",\"inLanguage\":\"sv-SE\",\"@id\":\"https:\\\/\\\/neurodegenerationresearch.eu\\\/#\\\/schema\\\/logo\\\/image\\\/\",\"url\":\"https:\\\/\\\/www.neurodegenerationresearch.eu\\\/wp-content\\\/uploads\\\/2022\\\/03\\\/logo.png\",\"contentUrl\":\"https:\\\/\\\/www.neurodegenerationresearch.eu\\\/wp-content\\\/uploads\\\/2022\\\/03\\\/logo.png\",\"width\":248,\"height\":129,\"caption\":\"JPND\"},\"image\":{\"@id\":\"https:\\\/\\\/neurodegenerationresearch.eu\\\/#\\\/schema\\\/logo\\\/image\\\/\"},\"sameAs\":[\"https:\\\/\\\/x.com\\\/JPNDeurope\"]}]}<\/script>\n<!-- \/ Yoast SEO plugin. -->","yoast_head_json":{"title":"Om JPND - JPND Neurodegenerative Disease Research","robots":{"index":"index","follow":"follow","max-snippet":"max-snippet:-1","max-image-preview":"max-image-preview:large","max-video-preview":"max-video-preview:-1"},"canonical":"https:\/\/neurodegenerationresearch.eu\/sv\/om-jpnd\/","og_locale":"sv_SE","og_type":"article","og_title":"Om JPND - JPND Neurodegenerative Disease Research","og_description":"[vc_row][vc_column width=&#8221;1\/1&#8243;][vc_column_text] Om JPND \u00a0 [\/vc_column_text][vc_column_text] EU Joint Programme \u2013 [&hellip;]","og_url":"https:\/\/neurodegenerationresearch.eu\/sv\/om-jpnd\/","og_site_name":"JPND Neurodegenerative Disease Research","og_image":[{"url":"https:\/\/www.neurodegenerationresearch.eu\/typo3temp\/pics\/3b51d0e84a.jpg","type":"","width":"","height":""}],"twitter_card":"summary_large_image","twitter_site":"@JPNDeurope","twitter_misc":{"Ber\u00e4knad l\u00e4stid":"1 minut"},"schema":{"@context":"https:\/\/schema.org","@graph":[{"@type":"WebPage","@id":"https:\/\/neurodegenerationresearch.eu\/sv\/om-jpnd\/","url":"https:\/\/neurodegenerationresearch.eu\/sv\/om-jpnd\/","name":"Om JPND - JPND Neurodegenerative Disease Research","isPartOf":{"@id":"https:\/\/neurodegenerationresearch.eu\/#website"},"primaryImageOfPage":{"@id":"https:\/\/neurodegenerationresearch.eu\/sv\/om-jpnd\/#primaryimage"},"image":{"@id":"https:\/\/neurodegenerationresearch.eu\/sv\/om-jpnd\/#primaryimage"},"thumbnailUrl":"https:\/\/www.neurodegenerationresearch.eu\/typo3temp\/pics\/3b51d0e84a.jpg","datePublished":"2017-04-25T10:55:40+00:00","breadcrumb":{"@id":"https:\/\/neurodegenerationresearch.eu\/sv\/om-jpnd\/#breadcrumb"},"inLanguage":"sv-SE","potentialAction":[{"@type":"ReadAction","target":["https:\/\/neurodegenerationresearch.eu\/sv\/om-jpnd\/"]}]},{"@type":"ImageObject","inLanguage":"sv-SE","@id":"https:\/\/neurodegenerationresearch.eu\/sv\/om-jpnd\/#primaryimage","url":"https:\/\/www.neurodegenerationresearch.eu\/typo3temp\/pics\/3b51d0e84a.jpg","contentUrl":"https:\/\/www.neurodegenerationresearch.eu\/typo3temp\/pics\/3b51d0e84a.jpg"},{"@type":"BreadcrumbList","@id":"https:\/\/neurodegenerationresearch.eu\/sv\/om-jpnd\/#breadcrumb","itemListElement":[{"@type":"ListItem","position":1,"name":"Home","item":"https:\/\/neurodegenerationresearch.eu\/"},{"@type":"ListItem","position":2,"name":"Om JPND"}]},{"@type":"WebSite","@id":"https:\/\/neurodegenerationresearch.eu\/#website","url":"https:\/\/neurodegenerationresearch.eu\/","name":"JPND Neurodegenerative Disease Research","description":"Neurodegenerative Disease Research","publisher":{"@id":"https:\/\/neurodegenerationresearch.eu\/#organization"},"potentialAction":[{"@type":"SearchAction","target":{"@type":"EntryPoint","urlTemplate":"https:\/\/neurodegenerationresearch.eu\/?s={search_term_string}"},"query-input":{"@type":"PropertyValueSpecification","valueRequired":true,"valueName":"search_term_string"}}],"inLanguage":"sv-SE"},{"@type":"Organization","@id":"https:\/\/neurodegenerationresearch.eu\/#organization","name":"JPND","url":"https:\/\/neurodegenerationresearch.eu\/","logo":{"@type":"ImageObject","inLanguage":"sv-SE","@id":"https:\/\/neurodegenerationresearch.eu\/#\/schema\/logo\/image\/","url":"https:\/\/www.neurodegenerationresearch.eu\/wp-content\/uploads\/2022\/03\/logo.png","contentUrl":"https:\/\/www.neurodegenerationresearch.eu\/wp-content\/uploads\/2022\/03\/logo.png","width":248,"height":129,"caption":"JPND"},"image":{"@id":"https:\/\/neurodegenerationresearch.eu\/#\/schema\/logo\/image\/"},"sameAs":["https:\/\/x.com\/JPNDeurope"]}]}},"_links":{"self":[{"href":"https:\/\/neurodegenerationresearch.eu\/sv\/wp-json\/wp\/v2\/pages\/7810","targetHints":{"allow":["GET"]}}],"collection":[{"href":"https:\/\/neurodegenerationresearch.eu\/sv\/wp-json\/wp\/v2\/pages"}],"about":[{"href":"https:\/\/neurodegenerationresearch.eu\/sv\/wp-json\/wp\/v2\/types\/page"}],"author":[{"embeddable":true,"href":"https:\/\/neurodegenerationresearch.eu\/sv\/wp-json\/wp\/v2\/users\/3"}],"replies":[{"embeddable":true,"href":"https:\/\/neurodegenerationresearch.eu\/sv\/wp-json\/wp\/v2\/comments?post=7810"}],"version-history":[{"count":0,"href":"https:\/\/neurodegenerationresearch.eu\/sv\/wp-json\/wp\/v2\/pages\/7810\/revisions"}],"wp:attachment":[{"href":"https:\/\/neurodegenerationresearch.eu\/sv\/wp-json\/wp\/v2\/media?parent=7810"}],"curies":[{"name":"wp","href":"https:\/\/api.w.org\/{rel}","templated":true}]}}