{"id":7830,"date":"2017-04-25T11:37:46","date_gmt":"2017-04-25T11:37:46","guid":{"rendered":"http:\/\/www.neurodegenerationresearch.eu\/?page_id=7830\/"},"modified":"2017-04-25T11:37:46","modified_gmt":"2017-04-25T11:37:46","slug":"jpnd-hakkinda","status":"publish","type":"page","link":"https:\/\/neurodegenerationresearch.eu\/tr\/jpnd-hakkinda\/","title":{"rendered":"JPND Hakk\u0131nda"},"content":{"rendered":"<div class=\"wpb-content-wrapper\">[vc_row][vc_column width=&#8221;1\/1&#8243;][vc_column_text]\n<p><strong>JPND Hakk\u0131nda<\/strong><\/p>\n<div class=\"separator\"><\/div>[\/vc_column_text][vc_column_text]<img loading=\"lazy\" decoding=\"async\" class=\"gmail- alignright\" title=\"A key component of this research will be to examine the best overall healthcare models to treat neurodegenerative disease\" src=\"https:\/\/www.neurodegenerationresearch.eu\/typo3temp\/pics\/3b51d0e84a.jpg\" alt=\"A key component of this research will be to examine the best overall healthcare models to treat neurodegenerative disease\" width=\"200\" height=\"134\" \/><\/p>\n<p>N\u00f6rodejeneratif Hastal\u0131k Ara\u015ft\u0131rmalar\u0131 (JPND) AB Ortak Program\u0131, n\u00f6rodejeneratif hastal\u0131klarla m\u00fccadele etmeyi ama\u00e7layan en b\u00fcy\u00fck k\u00fcresel ara\u015ft\u0131rma giri\u015fimidir. JPND, n\u00f6rodejeneratif hastal\u0131klar\u0131n sebebini bulma, tedaviler geli\u015ftirme ve n\u00f6rodejeneratif hastal\u0131klara sahip ki\u015filerin bak\u0131m\u0131 i\u00e7in uygun y\u00f6ntemler belirleme amac\u0131n\u0131 ta\u015f\u0131yan ara\u015ft\u0131rmalar\u0131 destekleyen partner \u00fclkeler aras\u0131ndaki koordine yat\u0131r\u0131m\u0131 art\u0131rmay\u0131 ama\u00e7lar.<\/p>\n<p>JPND&#8217;nin nihai hedefi n\u00f6rodejeneratif hastal\u0131klar i\u00e7in tedaviler bulmak ve erken, hedefe y\u00f6nelik tedaviler i\u00e7in erken te\u015fhise olanak tan\u0131makt\u0131r. Ancak, bunun ger\u00e7ekle\u015fmesi i\u00e7in ne kadar s\u00fcre gerekece\u011fi \u00fczerine kati \u00f6ng\u00f6r\u00fcde bulunmak m\u00fcmk\u00fcn de\u011fildir.<\/p>\n<p>Bu s\u00fcre\u00e7te JPND, Ara\u015ft\u0131rma Stratejisi ile, semptomlar\u0131 hafifletecek ve n\u00f6rodejeneratif hastal\u0131klar\u0131n hastalar, aileleri ve sa\u011fl\u0131k sistemleri \u00fczerindeki sosyal ve ekonomik etkisini azaltabilecek \u00e7\u00f6z\u00fcmleringeli\u015fimini h\u0131zland\u0131rmak i\u00e7in \u00fclkelerin ortak eylemlerinin faydal\u0131 olaca\u011f\u0131 ortak ara\u015ft\u0131rma hedeflerini belirledi.<\/p>\n<p><strong>Bu \u00e7al\u0131\u015fmada \u00fc\u00e7 temel bile\u015fen bulunmaktad\u0131r: <\/strong><\/p>\n<ul>\n<li>Hastal\u0131\u011f\u0131n bilimsel anlay\u0131\u015f\u0131n\u0131 geli\u015ftirmek.<\/li>\n<li>Hastal\u0131\u011f\u0131 tespit ve tedavi etmek \u00fczere doktorlar i\u00e7in mevcut olan t\u0131bbi gere\u00e7leri geli\u015ftirmek.<\/li>\n<li>Hastalar\u0131n, hastal\u0131klar\u0131n\u0131n her evresinde en ideal bak\u0131m\u0131 elde edebilmelerini sa\u011flamak \u00fczere hastalara, ailelerine ve sa\u011fl\u0131k hizmet sa\u011flay\u0131c\u0131lar\u0131na yard\u0131mda bulunmak i\u00e7in mevcut sosyal hizmet ve yap\u0131lar\u0131 geli\u015ftirmek.<\/li>\n<\/ul>\n[\/vc_column_text][\/vc_column][\/vc_row]\n<\/div>","protected":false},"excerpt":{"rendered":"<p>[vc_row][vc_column width=&#8221;1\/1&#8243;][vc_column_text] JPND Hakk\u0131nda [\/vc_column_text][vc_column_text] N\u00f6rodejeneratif Hastal\u0131k Ara\u015ft\u0131rmalar\u0131 (JPND) AB [&hellip;]<\/p>\n<a href=\"https:\/\/neurodegenerationresearch.eu\/tr\/jpnd-hakkinda\/\">View Post<\/a>","protected":false},"author":3,"featured_media":0,"parent":0,"menu_order":134,"comment_status":"closed","ping_status":"closed","template":"page-templates\/side-nav.php","meta":{"_acf_changed":false,"footnotes":""},"class_list":["post-7830","page","type-page","status-publish","hentry"],"acf":[],"yoast_head":"<!-- This site is optimized with the Yoast SEO plugin v27.4 - https:\/\/yoast.com\/product\/yoast-seo-wordpress\/ -->\n<title>JPND Hakk\u0131nda - JPND Neurodegenerative Disease Research<\/title>\n<meta name=\"robots\" content=\"index, follow, max-snippet:-1, max-image-preview:large, max-video-preview:-1\" \/>\n<link rel=\"canonical\" href=\"https:\/\/neurodegenerationresearch.eu\/tr\/jpnd-hakkinda\/\" \/>\n<meta property=\"og:locale\" content=\"tr_TR\" \/>\n<meta property=\"og:type\" content=\"article\" \/>\n<meta property=\"og:title\" content=\"JPND Hakk\u0131nda - JPND Neurodegenerative Disease Research\" \/>\n<meta property=\"og:description\" content=\"[vc_row][vc_column width=&#8221;1\/1&#8243;][vc_column_text] JPND Hakk\u0131nda [\/vc_column_text][vc_column_text] N\u00f6rodejeneratif Hastal\u0131k Ara\u015ft\u0131rmalar\u0131 (JPND) AB [&hellip;]\" \/>\n<meta property=\"og:url\" content=\"https:\/\/neurodegenerationresearch.eu\/tr\/jpnd-hakkinda\/\" \/>\n<meta property=\"og:site_name\" content=\"JPND Neurodegenerative Disease Research\" \/>\n<meta property=\"og:image\" content=\"https:\/\/www.neurodegenerationresearch.eu\/typo3temp\/pics\/3b51d0e84a.jpg\" \/>\n<meta name=\"twitter:card\" content=\"summary_large_image\" \/>\n<meta name=\"twitter:site\" content=\"@JPNDeurope\" \/>\n<meta name=\"twitter:label1\" content=\"Tahmini okuma s\u00fcresi\" \/>\n\t<meta name=\"twitter:data1\" content=\"1 dakika\" \/>\n<script type=\"application\/ld+json\" class=\"yoast-schema-graph\">{\"@context\":\"https:\\\/\\\/schema.org\",\"@graph\":[{\"@type\":\"WebPage\",\"@id\":\"https:\\\/\\\/neurodegenerationresearch.eu\\\/tr\\\/jpnd-hakkinda\\\/\",\"url\":\"https:\\\/\\\/neurodegenerationresearch.eu\\\/tr\\\/jpnd-hakkinda\\\/\",\"name\":\"JPND Hakk\u0131nda - JPND Neurodegenerative Disease Research\",\"isPartOf\":{\"@id\":\"https:\\\/\\\/neurodegenerationresearch.eu\\\/#website\"},\"primaryImageOfPage\":{\"@id\":\"https:\\\/\\\/neurodegenerationresearch.eu\\\/tr\\\/jpnd-hakkinda\\\/#primaryimage\"},\"image\":{\"@id\":\"https:\\\/\\\/neurodegenerationresearch.eu\\\/tr\\\/jpnd-hakkinda\\\/#primaryimage\"},\"thumbnailUrl\":\"https:\\\/\\\/www.neurodegenerationresearch.eu\\\/typo3temp\\\/pics\\\/3b51d0e84a.jpg\",\"datePublished\":\"2017-04-25T11:37:46+00:00\",\"breadcrumb\":{\"@id\":\"https:\\\/\\\/neurodegenerationresearch.eu\\\/tr\\\/jpnd-hakkinda\\\/#breadcrumb\"},\"inLanguage\":\"tr\",\"potentialAction\":[{\"@type\":\"ReadAction\",\"target\":[\"https:\\\/\\\/neurodegenerationresearch.eu\\\/tr\\\/jpnd-hakkinda\\\/\"]}]},{\"@type\":\"ImageObject\",\"inLanguage\":\"tr\",\"@id\":\"https:\\\/\\\/neurodegenerationresearch.eu\\\/tr\\\/jpnd-hakkinda\\\/#primaryimage\",\"url\":\"https:\\\/\\\/www.neurodegenerationresearch.eu\\\/typo3temp\\\/pics\\\/3b51d0e84a.jpg\",\"contentUrl\":\"https:\\\/\\\/www.neurodegenerationresearch.eu\\\/typo3temp\\\/pics\\\/3b51d0e84a.jpg\"},{\"@type\":\"BreadcrumbList\",\"@id\":\"https:\\\/\\\/neurodegenerationresearch.eu\\\/tr\\\/jpnd-hakkinda\\\/#breadcrumb\",\"itemListElement\":[{\"@type\":\"ListItem\",\"position\":1,\"name\":\"Home\",\"item\":\"https:\\\/\\\/neurodegenerationresearch.eu\\\/\"},{\"@type\":\"ListItem\",\"position\":2,\"name\":\"JPND Hakk\u0131nda\"}]},{\"@type\":\"WebSite\",\"@id\":\"https:\\\/\\\/neurodegenerationresearch.eu\\\/#website\",\"url\":\"https:\\\/\\\/neurodegenerationresearch.eu\\\/\",\"name\":\"JPND Neurodegenerative Disease Research\",\"description\":\"Neurodegenerative Disease Research\",\"publisher\":{\"@id\":\"https:\\\/\\\/neurodegenerationresearch.eu\\\/#organization\"},\"potentialAction\":[{\"@type\":\"SearchAction\",\"target\":{\"@type\":\"EntryPoint\",\"urlTemplate\":\"https:\\\/\\\/neurodegenerationresearch.eu\\\/?s={search_term_string}\"},\"query-input\":{\"@type\":\"PropertyValueSpecification\",\"valueRequired\":true,\"valueName\":\"search_term_string\"}}],\"inLanguage\":\"tr\"},{\"@type\":\"Organization\",\"@id\":\"https:\\\/\\\/neurodegenerationresearch.eu\\\/#organization\",\"name\":\"JPND\",\"url\":\"https:\\\/\\\/neurodegenerationresearch.eu\\\/\",\"logo\":{\"@type\":\"ImageObject\",\"inLanguage\":\"tr\",\"@id\":\"https:\\\/\\\/neurodegenerationresearch.eu\\\/#\\\/schema\\\/logo\\\/image\\\/\",\"url\":\"https:\\\/\\\/www.neurodegenerationresearch.eu\\\/wp-content\\\/uploads\\\/2022\\\/03\\\/logo.png\",\"contentUrl\":\"https:\\\/\\\/www.neurodegenerationresearch.eu\\\/wp-content\\\/uploads\\\/2022\\\/03\\\/logo.png\",\"width\":248,\"height\":129,\"caption\":\"JPND\"},\"image\":{\"@id\":\"https:\\\/\\\/neurodegenerationresearch.eu\\\/#\\\/schema\\\/logo\\\/image\\\/\"},\"sameAs\":[\"https:\\\/\\\/x.com\\\/JPNDeurope\"]}]}<\/script>\n<!-- \/ Yoast SEO plugin. -->","yoast_head_json":{"title":"JPND Hakk\u0131nda - JPND Neurodegenerative Disease Research","robots":{"index":"index","follow":"follow","max-snippet":"max-snippet:-1","max-image-preview":"max-image-preview:large","max-video-preview":"max-video-preview:-1"},"canonical":"https:\/\/neurodegenerationresearch.eu\/tr\/jpnd-hakkinda\/","og_locale":"tr_TR","og_type":"article","og_title":"JPND Hakk\u0131nda - JPND Neurodegenerative Disease Research","og_description":"[vc_row][vc_column width=&#8221;1\/1&#8243;][vc_column_text] JPND Hakk\u0131nda [\/vc_column_text][vc_column_text] N\u00f6rodejeneratif Hastal\u0131k Ara\u015ft\u0131rmalar\u0131 (JPND) AB [&hellip;]","og_url":"https:\/\/neurodegenerationresearch.eu\/tr\/jpnd-hakkinda\/","og_site_name":"JPND Neurodegenerative Disease Research","og_image":[{"url":"https:\/\/www.neurodegenerationresearch.eu\/typo3temp\/pics\/3b51d0e84a.jpg","type":"","width":"","height":""}],"twitter_card":"summary_large_image","twitter_site":"@JPNDeurope","twitter_misc":{"Tahmini okuma s\u00fcresi":"1 dakika"},"schema":{"@context":"https:\/\/schema.org","@graph":[{"@type":"WebPage","@id":"https:\/\/neurodegenerationresearch.eu\/tr\/jpnd-hakkinda\/","url":"https:\/\/neurodegenerationresearch.eu\/tr\/jpnd-hakkinda\/","name":"JPND Hakk\u0131nda - JPND Neurodegenerative Disease Research","isPartOf":{"@id":"https:\/\/neurodegenerationresearch.eu\/#website"},"primaryImageOfPage":{"@id":"https:\/\/neurodegenerationresearch.eu\/tr\/jpnd-hakkinda\/#primaryimage"},"image":{"@id":"https:\/\/neurodegenerationresearch.eu\/tr\/jpnd-hakkinda\/#primaryimage"},"thumbnailUrl":"https:\/\/www.neurodegenerationresearch.eu\/typo3temp\/pics\/3b51d0e84a.jpg","datePublished":"2017-04-25T11:37:46+00:00","breadcrumb":{"@id":"https:\/\/neurodegenerationresearch.eu\/tr\/jpnd-hakkinda\/#breadcrumb"},"inLanguage":"tr","potentialAction":[{"@type":"ReadAction","target":["https:\/\/neurodegenerationresearch.eu\/tr\/jpnd-hakkinda\/"]}]},{"@type":"ImageObject","inLanguage":"tr","@id":"https:\/\/neurodegenerationresearch.eu\/tr\/jpnd-hakkinda\/#primaryimage","url":"https:\/\/www.neurodegenerationresearch.eu\/typo3temp\/pics\/3b51d0e84a.jpg","contentUrl":"https:\/\/www.neurodegenerationresearch.eu\/typo3temp\/pics\/3b51d0e84a.jpg"},{"@type":"BreadcrumbList","@id":"https:\/\/neurodegenerationresearch.eu\/tr\/jpnd-hakkinda\/#breadcrumb","itemListElement":[{"@type":"ListItem","position":1,"name":"Home","item":"https:\/\/neurodegenerationresearch.eu\/"},{"@type":"ListItem","position":2,"name":"JPND Hakk\u0131nda"}]},{"@type":"WebSite","@id":"https:\/\/neurodegenerationresearch.eu\/#website","url":"https:\/\/neurodegenerationresearch.eu\/","name":"JPND Neurodegenerative Disease Research","description":"Neurodegenerative Disease Research","publisher":{"@id":"https:\/\/neurodegenerationresearch.eu\/#organization"},"potentialAction":[{"@type":"SearchAction","target":{"@type":"EntryPoint","urlTemplate":"https:\/\/neurodegenerationresearch.eu\/?s={search_term_string}"},"query-input":{"@type":"PropertyValueSpecification","valueRequired":true,"valueName":"search_term_string"}}],"inLanguage":"tr"},{"@type":"Organization","@id":"https:\/\/neurodegenerationresearch.eu\/#organization","name":"JPND","url":"https:\/\/neurodegenerationresearch.eu\/","logo":{"@type":"ImageObject","inLanguage":"tr","@id":"https:\/\/neurodegenerationresearch.eu\/#\/schema\/logo\/image\/","url":"https:\/\/www.neurodegenerationresearch.eu\/wp-content\/uploads\/2022\/03\/logo.png","contentUrl":"https:\/\/www.neurodegenerationresearch.eu\/wp-content\/uploads\/2022\/03\/logo.png","width":248,"height":129,"caption":"JPND"},"image":{"@id":"https:\/\/neurodegenerationresearch.eu\/#\/schema\/logo\/image\/"},"sameAs":["https:\/\/x.com\/JPNDeurope"]}]}},"_links":{"self":[{"href":"https:\/\/neurodegenerationresearch.eu\/tr\/wp-json\/wp\/v2\/pages\/7830","targetHints":{"allow":["GET"]}}],"collection":[{"href":"https:\/\/neurodegenerationresearch.eu\/tr\/wp-json\/wp\/v2\/pages"}],"about":[{"href":"https:\/\/neurodegenerationresearch.eu\/tr\/wp-json\/wp\/v2\/types\/page"}],"author":[{"embeddable":true,"href":"https:\/\/neurodegenerationresearch.eu\/tr\/wp-json\/wp\/v2\/users\/3"}],"replies":[{"embeddable":true,"href":"https:\/\/neurodegenerationresearch.eu\/tr\/wp-json\/wp\/v2\/comments?post=7830"}],"version-history":[{"count":0,"href":"https:\/\/neurodegenerationresearch.eu\/tr\/wp-json\/wp\/v2\/pages\/7830\/revisions"}],"wp:attachment":[{"href":"https:\/\/neurodegenerationresearch.eu\/tr\/wp-json\/wp\/v2\/media?parent=7830"}],"curies":[{"name":"wp","href":"https:\/\/api.w.org\/{rel}","templated":true}]}}