{"id":7997,"date":"2017-04-26T13:50:33","date_gmt":"2017-04-26T13:50:33","guid":{"rendered":"http:\/\/www.neurodegenerationresearch.eu\/?page_id=7997\/"},"modified":"2017-04-26T13:50:33","modified_gmt":"2017-04-26T13:50:33","slug":"jpndnin-hedefleri-nelerdir","status":"publish","type":"page","link":"https:\/\/neurodegenerationresearch.eu\/tr\/jpndnin-hedefleri-nelerdir\/","title":{"rendered":"JPND&#8217;nin Hedefleri nelerdir?"},"content":{"rendered":"<div class=\"wpb-content-wrapper\">[vc_row][vc_column][vc_column_text]\n<h3>JPND&#8217;nin Hedefleri nelerdir?<\/h3>\n<div class=\"separator\"><\/div>[\/vc_column_text][vc_column_text]<a href=\"https:\/\/www.neurodegenerationresearch.eu\/wp-content\/uploads\/2010\/04\/business-goals.jpg\"><img loading=\"lazy\" decoding=\"async\" class=\"gmail-wp-image-3669 gmail- alignright\" src=\"https:\/\/www.neurodegenerationresearch.eu\/wp-content\/uploads\/2010\/04\/business-goals-300x200.jpg\" alt=\"business-goals\" width=\"207\" height=\"138\" srcset=\"https:\/\/neurodegenerationresearch.eu\/wp-content\/uploads\/2010\/04\/business-goals-300x200.jpg 300w, https:\/\/neurodegenerationresearch.eu\/wp-content\/uploads\/2010\/04\/business-goals-768x512.jpg 768w, https:\/\/neurodegenerationresearch.eu\/wp-content\/uploads\/2010\/04\/business-goals-890x594.jpg 890w, https:\/\/neurodegenerationresearch.eu\/wp-content\/uploads\/2010\/04\/business-goals.jpg 1000w\" sizes=\"auto, (max-width: 207px) 100vw, 207px\" \/><\/a><\/p>\n<p>JPND ara\u015ft\u0131rmac\u0131lar\u0131,mevcut ara\u015ft\u0131rma kan\u0131tlar\u0131n\u0131 ve ulusal fonlama kurulu\u015flar\u0131n\u0131 bir araya getirerek ya\u015flanan n\u00fcfusta n\u00f6rodejeneratif hastal\u0131klar\u0131n yaratt\u0131\u011f\u0131, giderek b\u00fcy\u00fcyen sorunlar\u0131n \u00fcstesinden gelmeyi ama\u00e7lar.<\/p>\n<p>Bu hedefler, mevcut ve gelecekteki yakla\u015f\u0131mlar\u0131 koordine ederek, uygun oldu\u011fu noktalarda i\u015fbirli\u011fi yaparak ve gere\u00e7leri, teknikleri ve di\u011fer kaynaklar\u0131 kat\u0131l\u0131mc\u0131 \u00fclkeler aras\u0131nda daha etkili bir \u015fekilde payla\u015farak elde edilebilir.<\/p>\n<p>Mevcut stratejimiz, n\u00f6rodejeneratif hastal\u0131klar\u0131n (NH) sebebini bulma, tedaviler geli\u015ftirme ve n\u00f6rodejeneratif hastal\u0131klara sahip ki\u015filerin bak\u0131m\u0131 i\u00e7in uygun y\u00f6ntemler belirleme amac\u0131n\u0131 ta\u015f\u0131yan ara\u015ft\u0131rmalar\u0131 destekleyen koordine NH yat\u0131r\u0131mlar\u0131n\u0131 art\u0131rmakt\u0131r. Buradaki \u00f6nc\u00fclhedeflerimiz \u015funlard\u0131r:<\/p>\n<ul>\n<li>Koordine faaliyetlerle ulusal yat\u0131r\u0131mlara de\u011fer katmak<\/li>\n<li>NH (N\u00f6rodejeneratif Hastal\u0131klar) \u00fczerine ulusal ara\u015ft\u0131rma stratejilerini geli\u015ftirmeyi te\u015fvik etmek<\/li>\n<li>JPND&#8217;nin tam potansiyeline ula\u015fabilmesi i\u00e7in ortakl\u0131klar kurmak<\/li>\n<\/ul>\n[\/vc_column_text][\/vc_column][\/vc_row]\n<\/div>","protected":false},"excerpt":{"rendered":"<p>[vc_row][vc_column][vc_column_text] JPND&#8217;nin Hedefleri nelerdir? [\/vc_column_text][vc_column_text] JPND ara\u015ft\u0131rmac\u0131lar\u0131,mevcut ara\u015ft\u0131rma kan\u0131tlar\u0131n\u0131 ve [&hellip;]<\/p>\n<a href=\"https:\/\/neurodegenerationresearch.eu\/tr\/jpndnin-hedefleri-nelerdir\/\">View Post<\/a>","protected":false},"author":3,"featured_media":0,"parent":0,"menu_order":272,"comment_status":"open","ping_status":"open","template":"","meta":{"_acf_changed":false,"footnotes":""},"class_list":["post-7997","page","type-page","status-publish","hentry"],"acf":[],"yoast_head":"<!-- This site is optimized with the Yoast SEO plugin v27.4 - https:\/\/yoast.com\/product\/yoast-seo-wordpress\/ -->\n<title>JPND&#039;nin Hedefleri nelerdir? - JPND Neurodegenerative Disease Research<\/title>\n<meta name=\"robots\" content=\"index, follow, max-snippet:-1, max-image-preview:large, max-video-preview:-1\" \/>\n<link rel=\"canonical\" href=\"https:\/\/neurodegenerationresearch.eu\/tr\/jpndnin-hedefleri-nelerdir\/\" \/>\n<meta property=\"og:locale\" content=\"tr_TR\" \/>\n<meta property=\"og:type\" content=\"article\" \/>\n<meta property=\"og:title\" content=\"JPND&#039;nin Hedefleri nelerdir? - JPND Neurodegenerative Disease Research\" \/>\n<meta property=\"og:description\" content=\"[vc_row][vc_column][vc_column_text] JPND&#8217;nin Hedefleri nelerdir? [\/vc_column_text][vc_column_text] JPND ara\u015ft\u0131rmac\u0131lar\u0131,mevcut ara\u015ft\u0131rma kan\u0131tlar\u0131n\u0131 ve [&hellip;]\" \/>\n<meta property=\"og:url\" content=\"https:\/\/neurodegenerationresearch.eu\/tr\/jpndnin-hedefleri-nelerdir\/\" \/>\n<meta property=\"og:site_name\" content=\"JPND Neurodegenerative Disease Research\" \/>\n<meta property=\"og:image\" content=\"https:\/\/www.neurodegenerationresearch.eu\/wp-content\/uploads\/2010\/04\/business-goals-300x200.jpg\" \/>\n<meta name=\"twitter:card\" content=\"summary_large_image\" \/>\n<meta name=\"twitter:site\" content=\"@JPNDeurope\" \/>\n<meta name=\"twitter:label1\" content=\"Tahmini okuma s\u00fcresi\" \/>\n\t<meta name=\"twitter:data1\" content=\"1 dakika\" \/>\n<script type=\"application\/ld+json\" class=\"yoast-schema-graph\">{\"@context\":\"https:\\\/\\\/schema.org\",\"@graph\":[{\"@type\":\"WebPage\",\"@id\":\"https:\\\/\\\/neurodegenerationresearch.eu\\\/tr\\\/jpndnin-hedefleri-nelerdir\\\/\",\"url\":\"https:\\\/\\\/neurodegenerationresearch.eu\\\/tr\\\/jpndnin-hedefleri-nelerdir\\\/\",\"name\":\"JPND'nin Hedefleri nelerdir? - JPND Neurodegenerative Disease Research\",\"isPartOf\":{\"@id\":\"https:\\\/\\\/neurodegenerationresearch.eu\\\/#website\"},\"primaryImageOfPage\":{\"@id\":\"https:\\\/\\\/neurodegenerationresearch.eu\\\/tr\\\/jpndnin-hedefleri-nelerdir\\\/#primaryimage\"},\"image\":{\"@id\":\"https:\\\/\\\/neurodegenerationresearch.eu\\\/tr\\\/jpndnin-hedefleri-nelerdir\\\/#primaryimage\"},\"thumbnailUrl\":\"https:\\\/\\\/www.neurodegenerationresearch.eu\\\/wp-content\\\/uploads\\\/2010\\\/04\\\/business-goals-300x200.jpg\",\"datePublished\":\"2017-04-26T13:50:33+00:00\",\"breadcrumb\":{\"@id\":\"https:\\\/\\\/neurodegenerationresearch.eu\\\/tr\\\/jpndnin-hedefleri-nelerdir\\\/#breadcrumb\"},\"inLanguage\":\"tr\",\"potentialAction\":[{\"@type\":\"ReadAction\",\"target\":[\"https:\\\/\\\/neurodegenerationresearch.eu\\\/tr\\\/jpndnin-hedefleri-nelerdir\\\/\"]}]},{\"@type\":\"ImageObject\",\"inLanguage\":\"tr\",\"@id\":\"https:\\\/\\\/neurodegenerationresearch.eu\\\/tr\\\/jpndnin-hedefleri-nelerdir\\\/#primaryimage\",\"url\":\"https:\\\/\\\/www.neurodegenerationresearch.eu\\\/wp-content\\\/uploads\\\/2010\\\/04\\\/business-goals-300x200.jpg\",\"contentUrl\":\"https:\\\/\\\/www.neurodegenerationresearch.eu\\\/wp-content\\\/uploads\\\/2010\\\/04\\\/business-goals-300x200.jpg\"},{\"@type\":\"BreadcrumbList\",\"@id\":\"https:\\\/\\\/neurodegenerationresearch.eu\\\/tr\\\/jpndnin-hedefleri-nelerdir\\\/#breadcrumb\",\"itemListElement\":[{\"@type\":\"ListItem\",\"position\":1,\"name\":\"Home\",\"item\":\"https:\\\/\\\/neurodegenerationresearch.eu\\\/\"},{\"@type\":\"ListItem\",\"position\":2,\"name\":\"JPND&#8217;nin Hedefleri nelerdir?\"}]},{\"@type\":\"WebSite\",\"@id\":\"https:\\\/\\\/neurodegenerationresearch.eu\\\/#website\",\"url\":\"https:\\\/\\\/neurodegenerationresearch.eu\\\/\",\"name\":\"JPND Neurodegenerative Disease Research\",\"description\":\"Neurodegenerative Disease Research\",\"publisher\":{\"@id\":\"https:\\\/\\\/neurodegenerationresearch.eu\\\/#organization\"},\"potentialAction\":[{\"@type\":\"SearchAction\",\"target\":{\"@type\":\"EntryPoint\",\"urlTemplate\":\"https:\\\/\\\/neurodegenerationresearch.eu\\\/?s={search_term_string}\"},\"query-input\":{\"@type\":\"PropertyValueSpecification\",\"valueRequired\":true,\"valueName\":\"search_term_string\"}}],\"inLanguage\":\"tr\"},{\"@type\":\"Organization\",\"@id\":\"https:\\\/\\\/neurodegenerationresearch.eu\\\/#organization\",\"name\":\"JPND\",\"url\":\"https:\\\/\\\/neurodegenerationresearch.eu\\\/\",\"logo\":{\"@type\":\"ImageObject\",\"inLanguage\":\"tr\",\"@id\":\"https:\\\/\\\/neurodegenerationresearch.eu\\\/#\\\/schema\\\/logo\\\/image\\\/\",\"url\":\"https:\\\/\\\/www.neurodegenerationresearch.eu\\\/wp-content\\\/uploads\\\/2022\\\/03\\\/logo.png\",\"contentUrl\":\"https:\\\/\\\/www.neurodegenerationresearch.eu\\\/wp-content\\\/uploads\\\/2022\\\/03\\\/logo.png\",\"width\":248,\"height\":129,\"caption\":\"JPND\"},\"image\":{\"@id\":\"https:\\\/\\\/neurodegenerationresearch.eu\\\/#\\\/schema\\\/logo\\\/image\\\/\"},\"sameAs\":[\"https:\\\/\\\/x.com\\\/JPNDeurope\"]}]}<\/script>\n<!-- \/ Yoast SEO plugin. -->","yoast_head_json":{"title":"JPND'nin Hedefleri nelerdir? - JPND Neurodegenerative Disease Research","robots":{"index":"index","follow":"follow","max-snippet":"max-snippet:-1","max-image-preview":"max-image-preview:large","max-video-preview":"max-video-preview:-1"},"canonical":"https:\/\/neurodegenerationresearch.eu\/tr\/jpndnin-hedefleri-nelerdir\/","og_locale":"tr_TR","og_type":"article","og_title":"JPND'nin Hedefleri nelerdir? - JPND Neurodegenerative Disease Research","og_description":"[vc_row][vc_column][vc_column_text] JPND&#8217;nin Hedefleri nelerdir? [\/vc_column_text][vc_column_text] JPND ara\u015ft\u0131rmac\u0131lar\u0131,mevcut ara\u015ft\u0131rma kan\u0131tlar\u0131n\u0131 ve [&hellip;]","og_url":"https:\/\/neurodegenerationresearch.eu\/tr\/jpndnin-hedefleri-nelerdir\/","og_site_name":"JPND Neurodegenerative Disease Research","og_image":[{"url":"https:\/\/www.neurodegenerationresearch.eu\/wp-content\/uploads\/2010\/04\/business-goals-300x200.jpg","type":"","width":"","height":""}],"twitter_card":"summary_large_image","twitter_site":"@JPNDeurope","twitter_misc":{"Tahmini okuma s\u00fcresi":"1 dakika"},"schema":{"@context":"https:\/\/schema.org","@graph":[{"@type":"WebPage","@id":"https:\/\/neurodegenerationresearch.eu\/tr\/jpndnin-hedefleri-nelerdir\/","url":"https:\/\/neurodegenerationresearch.eu\/tr\/jpndnin-hedefleri-nelerdir\/","name":"JPND'nin Hedefleri nelerdir? - JPND Neurodegenerative Disease Research","isPartOf":{"@id":"https:\/\/neurodegenerationresearch.eu\/#website"},"primaryImageOfPage":{"@id":"https:\/\/neurodegenerationresearch.eu\/tr\/jpndnin-hedefleri-nelerdir\/#primaryimage"},"image":{"@id":"https:\/\/neurodegenerationresearch.eu\/tr\/jpndnin-hedefleri-nelerdir\/#primaryimage"},"thumbnailUrl":"https:\/\/www.neurodegenerationresearch.eu\/wp-content\/uploads\/2010\/04\/business-goals-300x200.jpg","datePublished":"2017-04-26T13:50:33+00:00","breadcrumb":{"@id":"https:\/\/neurodegenerationresearch.eu\/tr\/jpndnin-hedefleri-nelerdir\/#breadcrumb"},"inLanguage":"tr","potentialAction":[{"@type":"ReadAction","target":["https:\/\/neurodegenerationresearch.eu\/tr\/jpndnin-hedefleri-nelerdir\/"]}]},{"@type":"ImageObject","inLanguage":"tr","@id":"https:\/\/neurodegenerationresearch.eu\/tr\/jpndnin-hedefleri-nelerdir\/#primaryimage","url":"https:\/\/www.neurodegenerationresearch.eu\/wp-content\/uploads\/2010\/04\/business-goals-300x200.jpg","contentUrl":"https:\/\/www.neurodegenerationresearch.eu\/wp-content\/uploads\/2010\/04\/business-goals-300x200.jpg"},{"@type":"BreadcrumbList","@id":"https:\/\/neurodegenerationresearch.eu\/tr\/jpndnin-hedefleri-nelerdir\/#breadcrumb","itemListElement":[{"@type":"ListItem","position":1,"name":"Home","item":"https:\/\/neurodegenerationresearch.eu\/"},{"@type":"ListItem","position":2,"name":"JPND&#8217;nin Hedefleri nelerdir?"}]},{"@type":"WebSite","@id":"https:\/\/neurodegenerationresearch.eu\/#website","url":"https:\/\/neurodegenerationresearch.eu\/","name":"JPND Neurodegenerative Disease Research","description":"Neurodegenerative Disease Research","publisher":{"@id":"https:\/\/neurodegenerationresearch.eu\/#organization"},"potentialAction":[{"@type":"SearchAction","target":{"@type":"EntryPoint","urlTemplate":"https:\/\/neurodegenerationresearch.eu\/?s={search_term_string}"},"query-input":{"@type":"PropertyValueSpecification","valueRequired":true,"valueName":"search_term_string"}}],"inLanguage":"tr"},{"@type":"Organization","@id":"https:\/\/neurodegenerationresearch.eu\/#organization","name":"JPND","url":"https:\/\/neurodegenerationresearch.eu\/","logo":{"@type":"ImageObject","inLanguage":"tr","@id":"https:\/\/neurodegenerationresearch.eu\/#\/schema\/logo\/image\/","url":"https:\/\/www.neurodegenerationresearch.eu\/wp-content\/uploads\/2022\/03\/logo.png","contentUrl":"https:\/\/www.neurodegenerationresearch.eu\/wp-content\/uploads\/2022\/03\/logo.png","width":248,"height":129,"caption":"JPND"},"image":{"@id":"https:\/\/neurodegenerationresearch.eu\/#\/schema\/logo\/image\/"},"sameAs":["https:\/\/x.com\/JPNDeurope"]}]}},"_links":{"self":[{"href":"https:\/\/neurodegenerationresearch.eu\/tr\/wp-json\/wp\/v2\/pages\/7997","targetHints":{"allow":["GET"]}}],"collection":[{"href":"https:\/\/neurodegenerationresearch.eu\/tr\/wp-json\/wp\/v2\/pages"}],"about":[{"href":"https:\/\/neurodegenerationresearch.eu\/tr\/wp-json\/wp\/v2\/types\/page"}],"author":[{"embeddable":true,"href":"https:\/\/neurodegenerationresearch.eu\/tr\/wp-json\/wp\/v2\/users\/3"}],"replies":[{"embeddable":true,"href":"https:\/\/neurodegenerationresearch.eu\/tr\/wp-json\/wp\/v2\/comments?post=7997"}],"version-history":[{"count":0,"href":"https:\/\/neurodegenerationresearch.eu\/tr\/wp-json\/wp\/v2\/pages\/7997\/revisions"}],"wp:attachment":[{"href":"https:\/\/neurodegenerationresearch.eu\/tr\/wp-json\/wp\/v2\/media?parent=7997"}],"curies":[{"name":"wp","href":"https:\/\/api.w.org\/{rel}","templated":true}]}}